{"id":745137,"date":"2025-03-03T20:07:46","date_gmt":"2025-03-03T19:07:46","guid":{"rendered":"https:\/\/stoic-curie.212-227-153-4.plesk.page\/producto\/crvena-potkova-s-nosacem\/"},"modified":"2026-02-25T00:01:19","modified_gmt":"2026-02-25T00:01:19","slug":"crvena-potkova-s-nosacem","status":"publish","type":"product","link":"https:\/\/stoic-curie.212-227-153-4.plesk.page\/hr\/product\/crvena-potkova-s-nosacem\/","title":{"rendered":"Crvena potkova s nosa\u0107em"},"content":{"rendered":"<p>Crvena potkova s nosa\u0107em &#8211; <\/p>\n<p>Prstenasta boja od pjene od poliuretana zatvorenih \u0107elija. S poklopcem i zatvara\u010dem na rajsfer\u0161lusu. Uklju\u010dena je od nehr\u0111aju\u0107eg \u010delika dr\u017ea\u010d i MED pluta\u010da. Nije homologirano.<\/p>\n","protected":false},"excerpt":{"rendered":"<p>Crvena potkova s nosa\u0107em &#8211; Prstenasta boja od pjene od poliuretana zatvorenih \u0107elija. S poklopcem i zatvara\u010dem na rajsfer\u0161lusu. Uklju\u010dena<\/p>\n","protected":false},"featured_media":5948091,"comment_status":"open","ping_status":"closed","template":"","meta":[],"product_brand":[3491],"product_cat":[1604],"product_tag":[],"class_list":{"0":"post-745137","1":"product","2":"type-product","3":"status-publish","4":"has-post-thumbnail","6":"product_brand-trem-hr","7":"product_cat-pojasevi-za-spasavanje-i-remenje","9":"first","10":"instock","11":"shipping-taxable","12":"purchasable","13":"product-type-simple"},"_links":{"self":[{"href":"https:\/\/stoic-curie.212-227-153-4.plesk.page\/hr\/wp-json\/wp\/v2\/product\/745137","targetHints":{"allow":["GET"]}}],"collection":[{"href":"https:\/\/stoic-curie.212-227-153-4.plesk.page\/hr\/wp-json\/wp\/v2\/product"}],"about":[{"href":"https:\/\/stoic-curie.212-227-153-4.plesk.page\/hr\/wp-json\/wp\/v2\/types\/product"}],"replies":[{"embeddable":true,"href":"https:\/\/stoic-curie.212-227-153-4.plesk.page\/hr\/wp-json\/wp\/v2\/comments?post=745137"}],"version-history":[{"count":0,"href":"https:\/\/stoic-curie.212-227-153-4.plesk.page\/hr\/wp-json\/wp\/v2\/product\/745137\/revisions"}],"wp:featuredmedia":[{"embeddable":true,"href":"https:\/\/stoic-curie.212-227-153-4.plesk.page\/hr\/wp-json\/wp\/v2\/media\/5948091"}],"wp:attachment":[{"href":"https:\/\/stoic-curie.212-227-153-4.plesk.page\/hr\/wp-json\/wp\/v2\/media?parent=745137"}],"wp:term":[{"taxonomy":"product_brand","embeddable":true,"href":"https:\/\/stoic-curie.212-227-153-4.plesk.page\/hr\/wp-json\/wp\/v2\/product_brand?post=745137"},{"taxonomy":"product_cat","embeddable":true,"href":"https:\/\/stoic-curie.212-227-153-4.plesk.page\/hr\/wp-json\/wp\/v2\/product_cat?post=745137"},{"taxonomy":"product_tag","embeddable":true,"href":"https:\/\/stoic-curie.212-227-153-4.plesk.page\/hr\/wp-json\/wp\/v2\/product_tag?post=745137"}],"curies":[{"name":"wp","href":"https:\/\/api.w.org\/{rel}","templated":true}]}}