{"id":745142,"date":"2025-03-03T20:07:47","date_gmt":"2025-03-03T19:07:47","guid":{"rendered":"https:\/\/stoic-curie.212-227-153-4.plesk.page\/producto\/aluminijska-potpora-150cm-za-spremnik-za-pojas-za-spasavanje\/"},"modified":"2026-02-25T00:01:19","modified_gmt":"2026-02-25T00:01:19","slug":"aluminijska-potpora-150cm-za-spremnik-za-pojas-za-spasavanje","status":"publish","type":"product","link":"https:\/\/stoic-curie.212-227-153-4.plesk.page\/hr\/product\/aluminijska-potpora-150cm-za-spremnik-za-pojas-za-spasavanje\/","title":{"rendered":"Aluminijska potpora 150cm za spremnik za pojas za spa\u0161avanje"},"content":{"rendered":"<p>Aluminijska potpora 150cm za spremnik za pojas za spa\u0161avanje &#8211; <\/p>\n<p>Otvoreni spremnik za spasila\u010dke konopce i spasila\u010dke prstenove promjera do 750 mm. Mo\u017ee se montirati na potporni stup kako bi se stvorila to\u010dka spa\u0161avanja. Potporna baza 300 x 300 mm s M12 rupama.<\/p>\n","protected":false},"excerpt":{"rendered":"<p>Aluminijska potpora 150cm za spremnik za pojas za spa\u0161avanje &#8211; Otvoreni spremnik za spasila\u010dke konopce i spasila\u010dke prstenove promjera do<\/p>\n","protected":false},"featured_media":5948103,"comment_status":"open","ping_status":"closed","template":"","meta":[],"product_brand":[2856],"product_cat":[1604],"product_tag":[],"class_list":{"0":"post-745142","1":"product","2":"type-product","3":"status-publish","4":"has-post-thumbnail","6":"product_brand-can-marine-hr","7":"product_cat-pojasevi-za-spasavanje-i-remenje","9":"first","10":"instock","11":"shipping-taxable","12":"purchasable","13":"product-type-simple"},"_links":{"self":[{"href":"https:\/\/stoic-curie.212-227-153-4.plesk.page\/hr\/wp-json\/wp\/v2\/product\/745142","targetHints":{"allow":["GET"]}}],"collection":[{"href":"https:\/\/stoic-curie.212-227-153-4.plesk.page\/hr\/wp-json\/wp\/v2\/product"}],"about":[{"href":"https:\/\/stoic-curie.212-227-153-4.plesk.page\/hr\/wp-json\/wp\/v2\/types\/product"}],"replies":[{"embeddable":true,"href":"https:\/\/stoic-curie.212-227-153-4.plesk.page\/hr\/wp-json\/wp\/v2\/comments?post=745142"}],"version-history":[{"count":0,"href":"https:\/\/stoic-curie.212-227-153-4.plesk.page\/hr\/wp-json\/wp\/v2\/product\/745142\/revisions"}],"wp:featuredmedia":[{"embeddable":true,"href":"https:\/\/stoic-curie.212-227-153-4.plesk.page\/hr\/wp-json\/wp\/v2\/media\/5948103"}],"wp:attachment":[{"href":"https:\/\/stoic-curie.212-227-153-4.plesk.page\/hr\/wp-json\/wp\/v2\/media?parent=745142"}],"wp:term":[{"taxonomy":"product_brand","embeddable":true,"href":"https:\/\/stoic-curie.212-227-153-4.plesk.page\/hr\/wp-json\/wp\/v2\/product_brand?post=745142"},{"taxonomy":"product_cat","embeddable":true,"href":"https:\/\/stoic-curie.212-227-153-4.plesk.page\/hr\/wp-json\/wp\/v2\/product_cat?post=745142"},{"taxonomy":"product_tag","embeddable":true,"href":"https:\/\/stoic-curie.212-227-153-4.plesk.page\/hr\/wp-json\/wp\/v2\/product_tag?post=745142"}],"curies":[{"name":"wp","href":"https:\/\/api.w.org\/{rel}","templated":true}]}}