{"id":745148,"date":"2025-03-03T20:07:49","date_gmt":"2025-03-03T19:07:49","guid":{"rendered":"https:\/\/stoic-curie.212-227-153-4.plesk.page\/producto\/plutajuci-prsluk-jobe-short-50-velicina-xl\/"},"modified":"2026-02-25T00:01:19","modified_gmt":"2026-02-25T00:01:19","slug":"plutajuci-prsluk-jobe-short-50-velicina-xl","status":"publish","type":"product","link":"https:\/\/stoic-curie.212-227-153-4.plesk.page\/hr\/product\/plutajuci-prsluk-jobe-short-50-velicina-xl\/","title":{"rendered":"Plutajuci prsluk jobe short 50 velicina xl"},"content":{"rendered":"<p>Plutajuci prsluk jobe short 50 velicina xl  &#8211; <\/p>\n<p>Jobe ISO EN12402-5 odobren prsluk za pomo\u0107 u plivanju od 50N za vodene sportove. Kratak kroj za ve\u0107i udobnost i fleksibilnost. Lagano i brzo su\u0161e\u0107e, s integriranim podesivim remenom.<\/p>\n","protected":false},"excerpt":{"rendered":"<p>Plutajuci prsluk jobe short 50 velicina xl &#8211; Jobe ISO EN12402-5 odobren prsluk za pomo\u0107 u plivanju od 50N za<\/p>\n","protected":false},"featured_media":5948109,"comment_status":"open","ping_status":"closed","template":"","meta":[],"product_brand":[2214,3041],"product_cat":[1842,1603],"product_tag":[],"class_list":{"0":"post-745148","1":"product","2":"type-product","3":"status-publish","4":"has-post-thumbnail","6":"product_brand-jobe-sports","7":"product_brand-jobe-sports-hr","8":"product_cat-prsluci-za-spasavanje-za-sportove-na-vodi","9":"product_cat-uzgonska-pomagala","11":"first","12":"instock","13":"shipping-taxable","14":"purchasable","15":"product-type-simple"},"_links":{"self":[{"href":"https:\/\/stoic-curie.212-227-153-4.plesk.page\/hr\/wp-json\/wp\/v2\/product\/745148","targetHints":{"allow":["GET"]}}],"collection":[{"href":"https:\/\/stoic-curie.212-227-153-4.plesk.page\/hr\/wp-json\/wp\/v2\/product"}],"about":[{"href":"https:\/\/stoic-curie.212-227-153-4.plesk.page\/hr\/wp-json\/wp\/v2\/types\/product"}],"replies":[{"embeddable":true,"href":"https:\/\/stoic-curie.212-227-153-4.plesk.page\/hr\/wp-json\/wp\/v2\/comments?post=745148"}],"version-history":[{"count":0,"href":"https:\/\/stoic-curie.212-227-153-4.plesk.page\/hr\/wp-json\/wp\/v2\/product\/745148\/revisions"}],"wp:featuredmedia":[{"embeddable":true,"href":"https:\/\/stoic-curie.212-227-153-4.plesk.page\/hr\/wp-json\/wp\/v2\/media\/5948109"}],"wp:attachment":[{"href":"https:\/\/stoic-curie.212-227-153-4.plesk.page\/hr\/wp-json\/wp\/v2\/media?parent=745148"}],"wp:term":[{"taxonomy":"product_brand","embeddable":true,"href":"https:\/\/stoic-curie.212-227-153-4.plesk.page\/hr\/wp-json\/wp\/v2\/product_brand?post=745148"},{"taxonomy":"product_cat","embeddable":true,"href":"https:\/\/stoic-curie.212-227-153-4.plesk.page\/hr\/wp-json\/wp\/v2\/product_cat?post=745148"},{"taxonomy":"product_tag","embeddable":true,"href":"https:\/\/stoic-curie.212-227-153-4.plesk.page\/hr\/wp-json\/wp\/v2\/product_tag?post=745148"}],"curies":[{"name":"wp","href":"https:\/\/api.w.org\/{rel}","templated":true}]}}