{"id":745151,"date":"2025-03-03T20:07:49","date_gmt":"2025-03-03T19:07:49","guid":{"rendered":"https:\/\/stoic-curie.212-227-153-4.plesk.page\/producto\/jobe-konop-za-vucu-20mt-8mm\/"},"modified":"2026-02-25T00:01:19","modified_gmt":"2026-02-25T00:01:19","slug":"jobe-konop-za-vucu-20mt-8mm","status":"publish","type":"product","link":"https:\/\/stoic-curie.212-227-153-4.plesk.page\/hr\/product\/jobe-konop-za-vucu-20mt-8mm\/","title":{"rendered":"Jobe konop za vu\u010du 20mt 8mm"},"content":{"rendered":"<p>Jobe konop za vu\u010du 20mt 8mm &#8211; <\/p>\n<p>UV-otporne vi\u0161epolo\u017eajne daske (npr. za kneeboarding) vu\u010dna u\u017ee s udobnom i izdr\u017eljivom EVA dr\u0161kom. Obrada od 16 pletenica. Otpornost na prekid 550 kg.<\/p>\n","protected":false},"excerpt":{"rendered":"<p>Jobe konop za vu\u010du 20mt 8mm &#8211; UV-otporne vi\u0161epolo\u017eajne daske (npr. za kneeboarding) vu\u010dna u\u017ee s udobnom i izdr\u017eljivom EVA<\/p>\n","protected":false},"featured_media":5948120,"comment_status":"open","ping_status":"closed","template":"","meta":[],"product_brand":[3041],"product_cat":[1846],"product_tag":[],"class_list":{"0":"post-745151","1":"product","2":"type-product","3":"status-publish","4":"has-post-thumbnail","6":"product_brand-jobe-sports-hr","7":"product_cat-oprema-za-skijanje-na-vodi","9":"first","10":"instock","11":"shipping-taxable","12":"purchasable","13":"product-type-simple"},"_links":{"self":[{"href":"https:\/\/stoic-curie.212-227-153-4.plesk.page\/hr\/wp-json\/wp\/v2\/product\/745151","targetHints":{"allow":["GET"]}}],"collection":[{"href":"https:\/\/stoic-curie.212-227-153-4.plesk.page\/hr\/wp-json\/wp\/v2\/product"}],"about":[{"href":"https:\/\/stoic-curie.212-227-153-4.plesk.page\/hr\/wp-json\/wp\/v2\/types\/product"}],"replies":[{"embeddable":true,"href":"https:\/\/stoic-curie.212-227-153-4.plesk.page\/hr\/wp-json\/wp\/v2\/comments?post=745151"}],"version-history":[{"count":0,"href":"https:\/\/stoic-curie.212-227-153-4.plesk.page\/hr\/wp-json\/wp\/v2\/product\/745151\/revisions"}],"wp:featuredmedia":[{"embeddable":true,"href":"https:\/\/stoic-curie.212-227-153-4.plesk.page\/hr\/wp-json\/wp\/v2\/media\/5948120"}],"wp:attachment":[{"href":"https:\/\/stoic-curie.212-227-153-4.plesk.page\/hr\/wp-json\/wp\/v2\/media?parent=745151"}],"wp:term":[{"taxonomy":"product_brand","embeddable":true,"href":"https:\/\/stoic-curie.212-227-153-4.plesk.page\/hr\/wp-json\/wp\/v2\/product_brand?post=745151"},{"taxonomy":"product_cat","embeddable":true,"href":"https:\/\/stoic-curie.212-227-153-4.plesk.page\/hr\/wp-json\/wp\/v2\/product_cat?post=745151"},{"taxonomy":"product_tag","embeddable":true,"href":"https:\/\/stoic-curie.212-227-153-4.plesk.page\/hr\/wp-json\/wp\/v2\/product_tag?post=745151"}],"curies":[{"name":"wp","href":"https:\/\/api.w.org\/{rel}","templated":true}]}}