{"id":745152,"date":"2025-03-03T20:07:50","date_gmt":"2025-03-03T19:07:50","guid":{"rendered":"https:\/\/stoic-curie.212-227-153-4.plesk.page\/producto\/pumpa-bravo-gm-nxs\/"},"modified":"2026-02-25T00:01:19","modified_gmt":"2026-02-25T00:01:19","slug":"pumpa-bravo-gm-nxs","status":"publish","type":"product","link":"https:\/\/stoic-curie.212-227-153-4.plesk.page\/hr\/product\/pumpa-bravo-gm-nxs\/","title":{"rendered":"Pumpa Bravo Gm nxs"},"content":{"rendered":"<p>Pumpa Bravo Gm nxs &#8211; <\/p>\n<p>Prebaciva ru\u010dna pumpa s jednostrukim\/dvostrukim djelovanjem, mo\u017ee napuhati i ispuhati. Posebno pogodna za SUP i visoke pritiske. Circal aluminijsko tijelo i unutarnja komora, ergonomska ru\u010dka s integriranim filtrom za zrak, pro\u0161irena osnova, vi\u0161e crijeva i priklju\u010daka, manometar i pretvara\u010d protoka za smanjenje napora i postizanje maksimalnog pritiska. Dimenzije 14 x 30 x H58cm.<\/p>\n","protected":false},"excerpt":{"rendered":"<p>Pumpa Bravo Gm nxs &#8211; Prebaciva ru\u010dna pumpa s jednostrukim\/dvostrukim djelovanjem, mo\u017ee napuhati i ispuhati. Posebno pogodna za SUP i<\/p>\n","protected":false},"featured_media":5948122,"comment_status":"open","ping_status":"closed","template":"","meta":[],"product_brand":[2851],"product_cat":[1835],"product_tag":[],"class_list":{"0":"post-745152","1":"product","2":"type-product","3":"status-publish","4":"has-post-thumbnail","6":"product_brand-bravo-scoprega-hr","7":"product_cat-pumpe-za-pneumatske-camce","9":"first","10":"instock","11":"shipping-taxable","12":"purchasable","13":"product-type-simple"},"_links":{"self":[{"href":"https:\/\/stoic-curie.212-227-153-4.plesk.page\/hr\/wp-json\/wp\/v2\/product\/745152","targetHints":{"allow":["GET"]}}],"collection":[{"href":"https:\/\/stoic-curie.212-227-153-4.plesk.page\/hr\/wp-json\/wp\/v2\/product"}],"about":[{"href":"https:\/\/stoic-curie.212-227-153-4.plesk.page\/hr\/wp-json\/wp\/v2\/types\/product"}],"replies":[{"embeddable":true,"href":"https:\/\/stoic-curie.212-227-153-4.plesk.page\/hr\/wp-json\/wp\/v2\/comments?post=745152"}],"version-history":[{"count":0,"href":"https:\/\/stoic-curie.212-227-153-4.plesk.page\/hr\/wp-json\/wp\/v2\/product\/745152\/revisions"}],"wp:featuredmedia":[{"embeddable":true,"href":"https:\/\/stoic-curie.212-227-153-4.plesk.page\/hr\/wp-json\/wp\/v2\/media\/5948122"}],"wp:attachment":[{"href":"https:\/\/stoic-curie.212-227-153-4.plesk.page\/hr\/wp-json\/wp\/v2\/media?parent=745152"}],"wp:term":[{"taxonomy":"product_brand","embeddable":true,"href":"https:\/\/stoic-curie.212-227-153-4.plesk.page\/hr\/wp-json\/wp\/v2\/product_brand?post=745152"},{"taxonomy":"product_cat","embeddable":true,"href":"https:\/\/stoic-curie.212-227-153-4.plesk.page\/hr\/wp-json\/wp\/v2\/product_cat?post=745152"},{"taxonomy":"product_tag","embeddable":true,"href":"https:\/\/stoic-curie.212-227-153-4.plesk.page\/hr\/wp-json\/wp\/v2\/product_tag?post=745152"}],"curies":[{"name":"wp","href":"https:\/\/api.w.org\/{rel}","templated":true}]}}