{"id":745153,"date":"2025-03-03T20:07:50","date_gmt":"2025-03-03T19:07:50","guid":{"rendered":"https:\/\/stoic-curie.212-227-153-4.plesk.page\/producto\/pumpa-bravo-ge-btp-12v-420-lt-min\/"},"modified":"2026-02-25T00:01:19","modified_gmt":"2026-02-25T00:01:19","slug":"pumpa-bravo-ge-btp-12v-420-lt-min","status":"publish","type":"product","link":"https:\/\/stoic-curie.212-227-153-4.plesk.page\/hr\/product\/pumpa-bravo-ge-btp-12v-420-lt-min\/","title":{"rendered":"Pumpa Bravo Ge btp 12v 420 lt\/min"},"content":{"rendered":"<p>Pumpa Bravo Ge btp 12v 420 lt\/min &#8211; <\/p>\n<p>GE BTP manometrska pumpa s automatskim isklju\u010divanjem kada se odabrani tlak postigne. Manometar ima ljestvicu o\u010ditavanja u barima i psi. Mo\u017ee napuhati i ispustiti zrak. Dolazi s usisnim filtrima, adapterima za ventile, torbom za rame, crijevom du\u017eine 1,7 metara i kabelom od 3 metra. Napajanje putem 12V upalja\u010da ili akumulatora. Maksimalna potro\u0161nja 13A. Dimenzije: 30 x 11 x H16 cm.<\/p>\n","protected":false},"excerpt":{"rendered":"<p>Pumpa Bravo Ge btp 12v 420 lt\/min &#8211; GE BTP manometrska pumpa s automatskim isklju\u010divanjem kada se odabrani tlak postigne.<\/p>\n","protected":false},"featured_media":5948123,"comment_status":"open","ping_status":"closed","template":"","meta":[],"product_brand":[2851],"product_cat":[1835],"product_tag":[],"class_list":{"0":"post-745153","1":"product","2":"type-product","3":"status-publish","4":"has-post-thumbnail","6":"product_brand-bravo-scoprega-hr","7":"product_cat-pumpe-za-pneumatske-camce","9":"first","10":"instock","11":"shipping-taxable","12":"purchasable","13":"product-type-simple"},"_links":{"self":[{"href":"https:\/\/stoic-curie.212-227-153-4.plesk.page\/hr\/wp-json\/wp\/v2\/product\/745153","targetHints":{"allow":["GET"]}}],"collection":[{"href":"https:\/\/stoic-curie.212-227-153-4.plesk.page\/hr\/wp-json\/wp\/v2\/product"}],"about":[{"href":"https:\/\/stoic-curie.212-227-153-4.plesk.page\/hr\/wp-json\/wp\/v2\/types\/product"}],"replies":[{"embeddable":true,"href":"https:\/\/stoic-curie.212-227-153-4.plesk.page\/hr\/wp-json\/wp\/v2\/comments?post=745153"}],"version-history":[{"count":0,"href":"https:\/\/stoic-curie.212-227-153-4.plesk.page\/hr\/wp-json\/wp\/v2\/product\/745153\/revisions"}],"wp:featuredmedia":[{"embeddable":true,"href":"https:\/\/stoic-curie.212-227-153-4.plesk.page\/hr\/wp-json\/wp\/v2\/media\/5948123"}],"wp:attachment":[{"href":"https:\/\/stoic-curie.212-227-153-4.plesk.page\/hr\/wp-json\/wp\/v2\/media?parent=745153"}],"wp:term":[{"taxonomy":"product_brand","embeddable":true,"href":"https:\/\/stoic-curie.212-227-153-4.plesk.page\/hr\/wp-json\/wp\/v2\/product_brand?post=745153"},{"taxonomy":"product_cat","embeddable":true,"href":"https:\/\/stoic-curie.212-227-153-4.plesk.page\/hr\/wp-json\/wp\/v2\/product_cat?post=745153"},{"taxonomy":"product_tag","embeddable":true,"href":"https:\/\/stoic-curie.212-227-153-4.plesk.page\/hr\/wp-json\/wp\/v2\/product_tag?post=745153"}],"curies":[{"name":"wp","href":"https:\/\/api.w.org\/{rel}","templated":true}]}}