{"id":745155,"date":"2025-03-03T20:07:50","date_gmt":"2025-03-03T19:07:50","guid":{"rendered":"https:\/\/stoic-curie.212-227-153-4.plesk.page\/producto\/pumpa-bravo-turbo-max-12v-1000-lt-min\/"},"modified":"2026-02-25T00:01:19","modified_gmt":"2026-02-25T00:01:19","slug":"pumpa-bravo-turbo-max-12v-1000-lt-min","status":"publish","type":"product","link":"https:\/\/stoic-curie.212-227-153-4.plesk.page\/hr\/product\/pumpa-bravo-turbo-max-12v-1000-lt-min\/","title":{"rendered":"Pumpa Bravo TURBO Max 12v 1000 lt\/min"},"content":{"rendered":"<p>Pumpa Bravo TURBO Max 12v 1000 lt\/min &#8211; <\/p>\n<p>Turbo Max 12V elektri\u010dni inflator visoke brzine s automatskim isklju\u010divanjem kada se postigne pritisak. Mo\u017ee napuhati i ispuhati \u010damac du\u017eine 7 metara za 7 minuta. U kompletu s 0,7 metara dugim napajaju\u0107i kabel, 2,8 metara zra\u010dnom cijevi, osigura\u010dem i torbom za rame. Maksimalna potro\u0161nja 60A. Dimenzije: 30 x 16 x 7 cm. Visina utora 6 cm.<\/p>\n","protected":false},"excerpt":{"rendered":"<p>Pumpa Bravo TURBO Max 12v 1000 lt\/min &#8211; Turbo Max 12V elektri\u010dni inflator visoke brzine s automatskim isklju\u010divanjem kada se<\/p>\n","protected":false},"featured_media":5944001,"comment_status":"open","ping_status":"closed","template":"","meta":[],"product_brand":[2851],"product_cat":[1835],"product_tag":[],"class_list":{"0":"post-745155","1":"product","2":"type-product","3":"status-publish","4":"has-post-thumbnail","6":"product_brand-bravo-scoprega-hr","7":"product_cat-pumpe-za-pneumatske-camce","9":"first","10":"instock","11":"shipping-taxable","12":"purchasable","13":"product-type-simple"},"_links":{"self":[{"href":"https:\/\/stoic-curie.212-227-153-4.plesk.page\/hr\/wp-json\/wp\/v2\/product\/745155","targetHints":{"allow":["GET"]}}],"collection":[{"href":"https:\/\/stoic-curie.212-227-153-4.plesk.page\/hr\/wp-json\/wp\/v2\/product"}],"about":[{"href":"https:\/\/stoic-curie.212-227-153-4.plesk.page\/hr\/wp-json\/wp\/v2\/types\/product"}],"replies":[{"embeddable":true,"href":"https:\/\/stoic-curie.212-227-153-4.plesk.page\/hr\/wp-json\/wp\/v2\/comments?post=745155"}],"version-history":[{"count":0,"href":"https:\/\/stoic-curie.212-227-153-4.plesk.page\/hr\/wp-json\/wp\/v2\/product\/745155\/revisions"}],"wp:featuredmedia":[{"embeddable":true,"href":"https:\/\/stoic-curie.212-227-153-4.plesk.page\/hr\/wp-json\/wp\/v2\/media\/5944001"}],"wp:attachment":[{"href":"https:\/\/stoic-curie.212-227-153-4.plesk.page\/hr\/wp-json\/wp\/v2\/media?parent=745155"}],"wp:term":[{"taxonomy":"product_brand","embeddable":true,"href":"https:\/\/stoic-curie.212-227-153-4.plesk.page\/hr\/wp-json\/wp\/v2\/product_brand?post=745155"},{"taxonomy":"product_cat","embeddable":true,"href":"https:\/\/stoic-curie.212-227-153-4.plesk.page\/hr\/wp-json\/wp\/v2\/product_cat?post=745155"},{"taxonomy":"product_tag","embeddable":true,"href":"https:\/\/stoic-curie.212-227-153-4.plesk.page\/hr\/wp-json\/wp\/v2\/product_tag?post=745155"}],"curies":[{"name":"wp","href":"https:\/\/api.w.org\/{rel}","templated":true}]}}