{"id":745156,"date":"2025-03-03T20:07:51","date_gmt":"2025-03-03T19:07:51","guid":{"rendered":"https:\/\/stoic-curie.212-227-153-4.plesk.page\/producto\/pumpa-bravo-ge-900-220v-1700-lt-min\/"},"modified":"2026-02-25T00:01:19","modified_gmt":"2026-02-25T00:01:19","slug":"pumpa-bravo-ge-900-220v-1700-lt-min","status":"publish","type":"product","link":"https:\/\/stoic-curie.212-227-153-4.plesk.page\/hr\/product\/pumpa-bravo-ge-900-220v-1700-lt-min\/","title":{"rendered":"Pumpa Bravo Ge 900-220v 1700 lt\/min"},"content":{"rendered":"<p>Pumpa Bravo Ge 900-220v 1700 lt\/min &#8211; <\/p>\n<p>Profesionalna 220V elektri\u010dna pumpa koja mo\u017ee napuhati bilo koju napuhanu \u010damac i strukturu do pritiska u kratkom vremenu. Motor od 700W dizajniran s niskim razinom buke (maks 85dB), mo\u017ee napuhati i ispuhati. Treba je dopuniti crijevom i priklju\u010dcima koji se isporu\u010duju odvojeno. Dimenzije 15 x 17 x H22 cm.<\/p>\n","protected":false},"excerpt":{"rendered":"<p>Pumpa Bravo Ge 900-220v 1700 lt\/min &#8211; Profesionalna 220V elektri\u010dna pumpa koja mo\u017ee napuhati bilo koju napuhanu \u010damac i strukturu<\/p>\n","protected":false},"featured_media":5948126,"comment_status":"open","ping_status":"closed","template":"","meta":[],"product_brand":[2851],"product_cat":[1835],"product_tag":[],"class_list":{"0":"post-745156","1":"product","2":"type-product","3":"status-publish","4":"has-post-thumbnail","6":"product_brand-bravo-scoprega-hr","7":"product_cat-pumpe-za-pneumatske-camce","9":"first","10":"instock","11":"shipping-taxable","12":"purchasable","13":"product-type-simple"},"_links":{"self":[{"href":"https:\/\/stoic-curie.212-227-153-4.plesk.page\/hr\/wp-json\/wp\/v2\/product\/745156","targetHints":{"allow":["GET"]}}],"collection":[{"href":"https:\/\/stoic-curie.212-227-153-4.plesk.page\/hr\/wp-json\/wp\/v2\/product"}],"about":[{"href":"https:\/\/stoic-curie.212-227-153-4.plesk.page\/hr\/wp-json\/wp\/v2\/types\/product"}],"replies":[{"embeddable":true,"href":"https:\/\/stoic-curie.212-227-153-4.plesk.page\/hr\/wp-json\/wp\/v2\/comments?post=745156"}],"version-history":[{"count":0,"href":"https:\/\/stoic-curie.212-227-153-4.plesk.page\/hr\/wp-json\/wp\/v2\/product\/745156\/revisions"}],"wp:featuredmedia":[{"embeddable":true,"href":"https:\/\/stoic-curie.212-227-153-4.plesk.page\/hr\/wp-json\/wp\/v2\/media\/5948126"}],"wp:attachment":[{"href":"https:\/\/stoic-curie.212-227-153-4.plesk.page\/hr\/wp-json\/wp\/v2\/media?parent=745156"}],"wp:term":[{"taxonomy":"product_brand","embeddable":true,"href":"https:\/\/stoic-curie.212-227-153-4.plesk.page\/hr\/wp-json\/wp\/v2\/product_brand?post=745156"},{"taxonomy":"product_cat","embeddable":true,"href":"https:\/\/stoic-curie.212-227-153-4.plesk.page\/hr\/wp-json\/wp\/v2\/product_cat?post=745156"},{"taxonomy":"product_tag","embeddable":true,"href":"https:\/\/stoic-curie.212-227-153-4.plesk.page\/hr\/wp-json\/wp\/v2\/product_tag?post=745156"}],"curies":[{"name":"wp","href":"https:\/\/api.w.org\/{rel}","templated":true}]}}