{"id":745157,"date":"2025-03-03T20:07:51","date_gmt":"2025-03-03T19:07:51","guid":{"rendered":"https:\/\/stoic-curie.212-227-153-4.plesk.page\/producto\/rucno-vitlo-za-prikolicu-1100kg-2-brzine\/"},"modified":"2026-02-25T00:01:20","modified_gmt":"2026-02-25T00:01:20","slug":"rucno-vitlo-za-prikolicu-1100kg-2-brzine","status":"publish","type":"product","link":"https:\/\/stoic-curie.212-227-153-4.plesk.page\/hr\/product\/rucno-vitlo-za-prikolicu-1100kg-2-brzine\/","title":{"rendered":"Ru\u010dno vitlo za prikolicu 1100kg 2 brzine"},"content":{"rendered":"<p>Ru\u010dno vitlo za prikolicu 1100kg 2 brzine &#8211; <\/p>\n<p>Ru\u010dne vitla za jednostavno podizanje plovila. Maksimalno optere\u0107enje kg: te\u017eina koju vitlo mo\u017ee podr\u017eati pri vodoravnom vu\u010denju bez proklizavanja. Kod nagibu, preporu\u010duje se ne prekora\u010diti dvije tre\u0107ine maksimalnog optere\u0107enja. Isporu\u010duje se bez \u010deli\u010dne u\u017eadi ili trakama.<\/p>\n","protected":false},"excerpt":{"rendered":"<p>Ru\u010dno vitlo za prikolicu 1100kg 2 brzine &#8211; Ru\u010dne vitla za jednostavno podizanje plovila. Maksimalno optere\u0107enje kg: te\u017eina koju vitlo<\/p>\n","protected":false},"featured_media":5948153,"comment_status":"open","ping_status":"closed","template":"","meta":[],"product_brand":[2891],"product_cat":[1834],"product_tag":[],"class_list":{"0":"post-745157","1":"product","2":"type-product","3":"status-publish","4":"has-post-thumbnail","6":"product_brand-domar-hr","7":"product_cat-vitla-za-prikolice-za-brodove","9":"first","10":"instock","11":"shipping-taxable","12":"purchasable","13":"product-type-simple"},"_links":{"self":[{"href":"https:\/\/stoic-curie.212-227-153-4.plesk.page\/hr\/wp-json\/wp\/v2\/product\/745157","targetHints":{"allow":["GET"]}}],"collection":[{"href":"https:\/\/stoic-curie.212-227-153-4.plesk.page\/hr\/wp-json\/wp\/v2\/product"}],"about":[{"href":"https:\/\/stoic-curie.212-227-153-4.plesk.page\/hr\/wp-json\/wp\/v2\/types\/product"}],"replies":[{"embeddable":true,"href":"https:\/\/stoic-curie.212-227-153-4.plesk.page\/hr\/wp-json\/wp\/v2\/comments?post=745157"}],"version-history":[{"count":0,"href":"https:\/\/stoic-curie.212-227-153-4.plesk.page\/hr\/wp-json\/wp\/v2\/product\/745157\/revisions"}],"wp:featuredmedia":[{"embeddable":true,"href":"https:\/\/stoic-curie.212-227-153-4.plesk.page\/hr\/wp-json\/wp\/v2\/media\/5948153"}],"wp:attachment":[{"href":"https:\/\/stoic-curie.212-227-153-4.plesk.page\/hr\/wp-json\/wp\/v2\/media?parent=745157"}],"wp:term":[{"taxonomy":"product_brand","embeddable":true,"href":"https:\/\/stoic-curie.212-227-153-4.plesk.page\/hr\/wp-json\/wp\/v2\/product_brand?post=745157"},{"taxonomy":"product_cat","embeddable":true,"href":"https:\/\/stoic-curie.212-227-153-4.plesk.page\/hr\/wp-json\/wp\/v2\/product_cat?post=745157"},{"taxonomy":"product_tag","embeddable":true,"href":"https:\/\/stoic-curie.212-227-153-4.plesk.page\/hr\/wp-json\/wp\/v2\/product_tag?post=745157"}],"curies":[{"name":"wp","href":"https:\/\/api.w.org\/{rel}","templated":true}]}}