{"id":745158,"date":"2025-03-03T20:07:51","date_gmt":"2025-03-03T19:07:51","guid":{"rendered":"https:\/\/stoic-curie.212-227-153-4.plesk.page\/producto\/jedrilicarska-jakna-musto-br2-offshore-crna-velicina-l\/"},"modified":"2026-02-25T00:01:20","modified_gmt":"2026-02-25T00:01:20","slug":"jedrilicarska-jakna-musto-br2-offshore-crna-velicina-l","status":"publish","type":"product","link":"https:\/\/stoic-curie.212-227-153-4.plesk.page\/hr\/product\/jedrilicarska-jakna-musto-br2-offshore-crna-velicina-l\/","title":{"rendered":"Jedrili\u010darska jakna Musto br2 offshore Crna : Velicina L"},"content":{"rendered":"<p>Jedrili\u010darska jakna Musto br2 offshore Crna : Velicina L &#8211; <\/p>\n<p>Musto BR2 Offshore jakna izra\u0111ena je od izuzetno prozra\u010dnog, vodootpornog i vjetrootpornog BR2 2-slojnog materijala. Ima oblikovane rukave, fluorescentnu kapulja\u010du koja se mo\u017ee skladi\u0161titi, te dvosmjernu podesivu dvostruku za\u0161titu s odvodnim kanalom preko dvosmjernog YKK\u00c2\u00ae zatvara\u010da za neprobojan prednji zatvara\u010d. Ovratnik, oblo\u017een rebrastim flisom, osigurava udobnost i toplinu, uz duple man\u017eete s prilagodljivim vanjskim man\u017eetama, mre\u017eastu podstavu, 2 teretne d\u017eepa s vodoodbojnim zatvara\u010dima i 4 d\u017eepa za grijanje ruku djelomi\u010dno oblo\u017eena flisom, plus unutarnji zatvara\u010d, unutarnji d\u017eep za sun\u010dane nao\u010dale, prizmalne reflektore i reflektiraju\u0107e detalje u \u0161avovima.<\/p>\n","protected":false},"excerpt":{"rendered":"<p>Jedrili\u010darska jakna Musto br2 offshore Crna : Velicina L &#8211; Musto BR2 Offshore jakna izra\u0111ena je od izuzetno prozra\u010dnog, vodootpornog<\/p>\n","protected":false},"featured_media":5948160,"comment_status":"open","ping_status":"closed","template":"","meta":[],"product_brand":[3156],"product_cat":[1854],"product_tag":[],"class_list":{"0":"post-745158","1":"product","2":"type-product","3":"status-publish","4":"has-post-thumbnail","6":"product_brand-musto-hr","7":"product_cat-jedrilicarska-odjeca-musto","9":"first","10":"instock","11":"shipping-taxable","12":"purchasable","13":"product-type-simple"},"_links":{"self":[{"href":"https:\/\/stoic-curie.212-227-153-4.plesk.page\/hr\/wp-json\/wp\/v2\/product\/745158","targetHints":{"allow":["GET"]}}],"collection":[{"href":"https:\/\/stoic-curie.212-227-153-4.plesk.page\/hr\/wp-json\/wp\/v2\/product"}],"about":[{"href":"https:\/\/stoic-curie.212-227-153-4.plesk.page\/hr\/wp-json\/wp\/v2\/types\/product"}],"replies":[{"embeddable":true,"href":"https:\/\/stoic-curie.212-227-153-4.plesk.page\/hr\/wp-json\/wp\/v2\/comments?post=745158"}],"version-history":[{"count":0,"href":"https:\/\/stoic-curie.212-227-153-4.plesk.page\/hr\/wp-json\/wp\/v2\/product\/745158\/revisions"}],"wp:featuredmedia":[{"embeddable":true,"href":"https:\/\/stoic-curie.212-227-153-4.plesk.page\/hr\/wp-json\/wp\/v2\/media\/5948160"}],"wp:attachment":[{"href":"https:\/\/stoic-curie.212-227-153-4.plesk.page\/hr\/wp-json\/wp\/v2\/media?parent=745158"}],"wp:term":[{"taxonomy":"product_brand","embeddable":true,"href":"https:\/\/stoic-curie.212-227-153-4.plesk.page\/hr\/wp-json\/wp\/v2\/product_brand?post=745158"},{"taxonomy":"product_cat","embeddable":true,"href":"https:\/\/stoic-curie.212-227-153-4.plesk.page\/hr\/wp-json\/wp\/v2\/product_cat?post=745158"},{"taxonomy":"product_tag","embeddable":true,"href":"https:\/\/stoic-curie.212-227-153-4.plesk.page\/hr\/wp-json\/wp\/v2\/product_tag?post=745158"}],"curies":[{"name":"wp","href":"https:\/\/api.w.org\/{rel}","templated":true}]}}