{"id":745159,"date":"2025-03-03T20:07:51","date_gmt":"2025-03-03T19:07:51","guid":{"rendered":"https:\/\/stoic-curie.212-227-153-4.plesk.page\/producto\/jedrilicarske-hlace-helly-hansen-oxford-crno-velicina-54\/"},"modified":"2026-02-25T00:01:20","modified_gmt":"2026-02-25T00:01:20","slug":"jedrilicarske-hlace-helly-hansen-oxford-crno-velicina-54","status":"publish","type":"product","link":"https:\/\/stoic-curie.212-227-153-4.plesk.page\/hr\/product\/jedrilicarske-hlace-helly-hansen-oxford-crno-velicina-54\/","title":{"rendered":"Jedrili\u010darske hla\u010de Helly Hansen Oxford Crno : Velicina 54"},"content":{"rendered":"<p>Jedrili\u010darske hla\u010de Helly Hansen Oxford Crno : Velicina 54 &#8211; <\/p>\n<p>Helly Hansen Oxford kombinezon s elasti\u010dnim naramenicama i s \u010detiri smjera rastezljivim stranama idealan je izbor kada su potrebni udobnost i izdr\u017eljivost. S prslukom s zatvara\u010dem na prsima, elasti\u010dnim dijelom u struku za savr\u0161eno pristajanje i slobodu kretanja, \u0161irokim petljama za remen, stra\u017enjim d\u017eepovima, d\u017eepom na bedru sa zatvara\u010dem, oja\u010danim materijalom na koljenima i donjem rubu, d\u017eepovima za jastu\u010di\u0107e za koljena dostupnim iznutra i mogu\u0107no\u0161\u0107u produljenja du\u017eine nogavica za 5 cm.<\/p>\n","protected":false},"excerpt":{"rendered":"<p>Jedrili\u010darske hla\u010de Helly Hansen Oxford Crno : Velicina 54 &#8211; Helly Hansen Oxford kombinezon s elasti\u010dnim naramenicama i s \u010detiri<\/p>\n","protected":false},"featured_media":5945640,"comment_status":"open","ping_status":"closed","template":"","meta":[],"product_brand":[3001],"product_cat":[1857],"product_tag":[],"class_list":{"0":"post-745159","1":"product","2":"type-product","3":"status-publish","4":"has-post-thumbnail","6":"product_brand-helly-hansen-hr","7":"product_cat-jedrilicarska-odjeca-helly-hansen","9":"first","10":"instock","11":"shipping-taxable","12":"purchasable","13":"product-type-simple"},"_links":{"self":[{"href":"https:\/\/stoic-curie.212-227-153-4.plesk.page\/hr\/wp-json\/wp\/v2\/product\/745159","targetHints":{"allow":["GET"]}}],"collection":[{"href":"https:\/\/stoic-curie.212-227-153-4.plesk.page\/hr\/wp-json\/wp\/v2\/product"}],"about":[{"href":"https:\/\/stoic-curie.212-227-153-4.plesk.page\/hr\/wp-json\/wp\/v2\/types\/product"}],"replies":[{"embeddable":true,"href":"https:\/\/stoic-curie.212-227-153-4.plesk.page\/hr\/wp-json\/wp\/v2\/comments?post=745159"}],"version-history":[{"count":0,"href":"https:\/\/stoic-curie.212-227-153-4.plesk.page\/hr\/wp-json\/wp\/v2\/product\/745159\/revisions"}],"wp:featuredmedia":[{"embeddable":true,"href":"https:\/\/stoic-curie.212-227-153-4.plesk.page\/hr\/wp-json\/wp\/v2\/media\/5945640"}],"wp:attachment":[{"href":"https:\/\/stoic-curie.212-227-153-4.plesk.page\/hr\/wp-json\/wp\/v2\/media?parent=745159"}],"wp:term":[{"taxonomy":"product_brand","embeddable":true,"href":"https:\/\/stoic-curie.212-227-153-4.plesk.page\/hr\/wp-json\/wp\/v2\/product_brand?post=745159"},{"taxonomy":"product_cat","embeddable":true,"href":"https:\/\/stoic-curie.212-227-153-4.plesk.page\/hr\/wp-json\/wp\/v2\/product_cat?post=745159"},{"taxonomy":"product_tag","embeddable":true,"href":"https:\/\/stoic-curie.212-227-153-4.plesk.page\/hr\/wp-json\/wp\/v2\/product_tag?post=745159"}],"curies":[{"name":"wp","href":"https:\/\/api.w.org\/{rel}","templated":true}]}}