{"id":745164,"date":"2025-03-03T20:07:53","date_gmt":"2025-03-03T19:07:53","guid":{"rendered":"https:\/\/stoic-curie.212-227-153-4.plesk.page\/producto\/nosac-za-bimini-nehrdajuci-celik\/"},"modified":"2026-02-25T00:01:21","modified_gmt":"2026-02-25T00:01:21","slug":"nosac-za-bimini-nehrdajuci-celik","status":"publish","type":"product","link":"https:\/\/stoic-curie.212-227-153-4.plesk.page\/hr\/product\/nosac-za-bimini-nehrdajuci-celik\/","title":{"rendered":"Nosa\u010d za Bimini, nehr\u0111aju\u0107i \u010delik"},"content":{"rendered":"<p>Nosa\u010d za Bimini, nehr\u0111aju\u0107i \u010delik &#8211; <\/p>\n<p>Predstavljamo cijev od nehr\u0111aju\u0107eg \u010delika iz Tessilmarea, dizajniranu s visokokvalitetnim terminalima koji osiguravaju sigurno pri\u010dvr\u0161\u0107enje na va\u0161u bimini i palubu \u010damca. Ovaj proizvod ne samo da pru\u017ea dodatnu podr\u0161ku, ve\u0107 i pobolj\u0161ava sigurnost dok ste na vodi, daju\u0107i vam mir tijekom va\u0161ih pustolovina na \u010damcu.<\/p>\n","protected":false},"excerpt":{"rendered":"<p>Nosa\u010d za Bimini, nehr\u0111aju\u0107i \u010delik &#8211; Predstavljamo cijev od nehr\u0111aju\u0107eg \u010delika iz Tessilmarea, dizajniranu s visokokvalitetnim terminalima koji osiguravaju sigurno<\/p>\n","protected":false},"featured_media":5948279,"comment_status":"open","ping_status":"closed","template":"","meta":[],"product_brand":[3186],"product_cat":[1689,1703],"product_tag":[],"class_list":{"0":"post-745164","1":"product","2":"type-product","3":"status-publish","4":"has-post-thumbnail","6":"product_brand-nettuno-hr","7":"product_cat-bimini-tende","8":"product_cat-hardver-za-navlake-i-bimini","10":"first","11":"instock","12":"shipping-taxable","13":"purchasable","14":"product-type-simple"},"_links":{"self":[{"href":"https:\/\/stoic-curie.212-227-153-4.plesk.page\/hr\/wp-json\/wp\/v2\/product\/745164","targetHints":{"allow":["GET"]}}],"collection":[{"href":"https:\/\/stoic-curie.212-227-153-4.plesk.page\/hr\/wp-json\/wp\/v2\/product"}],"about":[{"href":"https:\/\/stoic-curie.212-227-153-4.plesk.page\/hr\/wp-json\/wp\/v2\/types\/product"}],"replies":[{"embeddable":true,"href":"https:\/\/stoic-curie.212-227-153-4.plesk.page\/hr\/wp-json\/wp\/v2\/comments?post=745164"}],"version-history":[{"count":0,"href":"https:\/\/stoic-curie.212-227-153-4.plesk.page\/hr\/wp-json\/wp\/v2\/product\/745164\/revisions"}],"wp:featuredmedia":[{"embeddable":true,"href":"https:\/\/stoic-curie.212-227-153-4.plesk.page\/hr\/wp-json\/wp\/v2\/media\/5948279"}],"wp:attachment":[{"href":"https:\/\/stoic-curie.212-227-153-4.plesk.page\/hr\/wp-json\/wp\/v2\/media?parent=745164"}],"wp:term":[{"taxonomy":"product_brand","embeddable":true,"href":"https:\/\/stoic-curie.212-227-153-4.plesk.page\/hr\/wp-json\/wp\/v2\/product_brand?post=745164"},{"taxonomy":"product_cat","embeddable":true,"href":"https:\/\/stoic-curie.212-227-153-4.plesk.page\/hr\/wp-json\/wp\/v2\/product_cat?post=745164"},{"taxonomy":"product_tag","embeddable":true,"href":"https:\/\/stoic-curie.212-227-153-4.plesk.page\/hr\/wp-json\/wp\/v2\/product_tag?post=745164"}],"curies":[{"name":"wp","href":"https:\/\/api.w.org\/{rel}","templated":true}]}}