{"id":745166,"date":"2025-03-03T20:07:53","date_gmt":"2025-03-03T19:07:53","guid":{"rendered":"https:\/\/stoic-curie.212-227-153-4.plesk.page\/producto\/tbsafe-neklizajuci-jastucici-crni-30-x-60-cm-kom-paket-2\/"},"modified":"2026-02-25T00:01:21","modified_gmt":"2026-02-25T00:01:21","slug":"tbsafe-neklizajuci-jastucici-crni-30-x-60-cm-kom-paket-2","status":"publish","type":"product","link":"https:\/\/stoic-curie.212-227-153-4.plesk.page\/hr\/product\/tbsafe-neklizajuci-jastucici-crni-30-x-60-cm-kom-paket-2\/","title":{"rendered":"Tbsafe neklizaju\u0107i jastu\u010di\u0107i crni 30 x 60 cm kom \/ paket 2"},"content":{"rendered":"<p>Tbsafe neklizaju\u0107i jastu\u010di\u0107i crni 30 x 60 cm kom \/ paket 2 &#8211; <\/p>\n<p>Antislip jastu\u010di\u0107i za gumenjake i napuhance sa specifi\u010dnim AT4 ljepilom za Hypalon, kompozite i metale. Napravljeno od fine fleksibilne elastomerne tvari s visokim antislip svojstvima, netoksi\u010dno, otporno na abraziju, UV zrake i morsku okolinu. Testirano u skladu s EN13036-4. Pakiranje s 2 komada.<\/p>\n","protected":false},"excerpt":{"rendered":"<p>Tbsafe neklizaju\u0107i jastu\u010di\u0107i crni 30 x 60 cm kom \/ paket 2 &#8211; Antislip jastu\u010di\u0107i za gumenjake i napuhance sa<\/p>\n","protected":false},"featured_media":5948293,"comment_status":"open","ping_status":"closed","template":"","meta":[],"product_brand":[3451],"product_cat":[1839],"product_tag":[],"class_list":{"0":"post-745166","1":"product","2":"type-product","3":"status-publish","4":"has-post-thumbnail","6":"product_brand-tbs-hr","7":"product_cat-oprema-za-pomocne-brodice","9":"first","10":"instock","11":"shipping-taxable","12":"purchasable","13":"product-type-simple"},"_links":{"self":[{"href":"https:\/\/stoic-curie.212-227-153-4.plesk.page\/hr\/wp-json\/wp\/v2\/product\/745166","targetHints":{"allow":["GET"]}}],"collection":[{"href":"https:\/\/stoic-curie.212-227-153-4.plesk.page\/hr\/wp-json\/wp\/v2\/product"}],"about":[{"href":"https:\/\/stoic-curie.212-227-153-4.plesk.page\/hr\/wp-json\/wp\/v2\/types\/product"}],"replies":[{"embeddable":true,"href":"https:\/\/stoic-curie.212-227-153-4.plesk.page\/hr\/wp-json\/wp\/v2\/comments?post=745166"}],"version-history":[{"count":0,"href":"https:\/\/stoic-curie.212-227-153-4.plesk.page\/hr\/wp-json\/wp\/v2\/product\/745166\/revisions"}],"wp:featuredmedia":[{"embeddable":true,"href":"https:\/\/stoic-curie.212-227-153-4.plesk.page\/hr\/wp-json\/wp\/v2\/media\/5948293"}],"wp:attachment":[{"href":"https:\/\/stoic-curie.212-227-153-4.plesk.page\/hr\/wp-json\/wp\/v2\/media?parent=745166"}],"wp:term":[{"taxonomy":"product_brand","embeddable":true,"href":"https:\/\/stoic-curie.212-227-153-4.plesk.page\/hr\/wp-json\/wp\/v2\/product_brand?post=745166"},{"taxonomy":"product_cat","embeddable":true,"href":"https:\/\/stoic-curie.212-227-153-4.plesk.page\/hr\/wp-json\/wp\/v2\/product_cat?post=745166"},{"taxonomy":"product_tag","embeddable":true,"href":"https:\/\/stoic-curie.212-227-153-4.plesk.page\/hr\/wp-json\/wp\/v2\/product_tag?post=745166"}],"curies":[{"name":"wp","href":"https:\/\/api.w.org\/{rel}","templated":true}]}}