{"id":745187,"date":"2025-03-03T20:07:59","date_gmt":"2025-03-03T19:07:59","guid":{"rendered":"https:\/\/stoic-curie.212-227-153-4.plesk.page\/producto\/filtar-za-dizel-separ-2000-10\/"},"modified":"2026-02-25T00:01:22","modified_gmt":"2026-02-25T00:01:22","slug":"filtar-za-dizel-separ-2000-10","status":"publish","type":"product","link":"https:\/\/stoic-curie.212-227-153-4.plesk.page\/hr\/product\/filtar-za-dizel-separ-2000-10\/","title":{"rendered":"Filtar za dizel Separ SWK 2000\/10"},"content":{"rendered":"<p>Filtar za dizel Separ SWK 2000\/10 &#8211; <\/p>\n<p style=\"color: rgb(34, 34, 34); font-family: Arial, Helvetica, sans-serif; font-size: small;\">Separ SWK-2000\/10 filtr je separator vode iz goriva s kapacitetom od 158 GPH, koji pripada seriji SWK-2000. Ovaj filtr se mo\u017ee izravno ugraditi na dizelske motore. Separ 2000 filtar za dizel vodu ima vi\u0161ecentri\u010dni sustav koji u\u010dinkovito pro\u010di\u0161\u0107ava dizelsko gorivo uklanjanjem vode i drugih ne\u010disto\u0107a.<\/p>\n<p style=\"color: rgb(34, 34, 34); font-family: Arial, Helvetica, sans-serif; font-size: small;\">Serija Separ morskih filtara uklju\u010duje \u0161titnik protiv po\u017eara, za\u0161titne zna\u010dajke i senzor za vodu za dodatnu sigurnost. Ve\u0107ina posuda je potpuno prozirna, osim filtra 2000\/40 koji ima metalnu posudu i stoga ne zahtijeva \u0161titnik.<\/p>\n<p style=\"color: rgb(34, 34, 34); font-family: Arial, Helvetica, sans-serif; font-size: small;\">Klju\u010dne Zna\u010dajke:<\/p>\n<ul style=\"color: rgb(34, 34, 34); font-family: Arial, Helvetica, sans-serif; font-size: small;\">\n<li>U\u010dinkovito odvaja vodu i \u010destice iz dizelskog goriva<\/li>\n<li>Opcija povratnog ispiranja produ\u017euje vrijeme izme\u0111u promjena elemenata<\/li>\n<li>Niska otpornost minimizira habanje na pumpama za gorivo i odr\u017eava punu RPM<\/li>\n<li>Nudi fleksibilnu ugradnju s dva ulaza i dva izlaza<\/li>\n<li>Kompatibilan s B100 Biodizelom<\/li>\n<li>Dostupno s raznim opcijama filtra<\/li>\n<\/ul>\n<p style=\"color: rgb(34, 34, 34); font-family: Arial, Helvetica, sans-serif; font-size: small;\">Specifikacije:<\/p>\n<ul style=\"color: rgb(34, 34, 34); font-family: Arial, Helvetica, sans-serif; font-size: small;\">\n<li>Protok: 158 GPH \/ 600 LPH<\/li>\n<li>Ograni\u010denje pri Maksimalnom Protoku s 30 Mikronskim Elementom: 0.31 in. Hg<\/li>\n<li>Priklju\u010dci: 7\/8&#8243; &#8211; 14 Ravni O-Prsten SAE<\/li>\n<li>Boja: Bijela<\/li>\n<li>Dolazi opremljen s 30 mikronskim elementom<\/li>\n<\/ul>\n","protected":false},"excerpt":{"rendered":"<p>Filtar za dizel Separ SWK 2000\/10 &#8211; Separ SWK-2000\/10 filtr je separator vode iz goriva s kapacitetom od 158 GPH,<\/p>\n","protected":false},"featured_media":5940295,"comment_status":"open","ping_status":"closed","template":"","meta":[],"product_brand":[3371],"product_cat":[1797],"product_tag":[],"class_list":{"0":"post-745187","1":"product","2":"type-product","3":"status-publish","4":"has-post-thumbnail","6":"product_brand-separ-hr","7":"product_cat-filtri-separatora-vode-za-gorivo","9":"first","10":"instock","11":"shipping-taxable","12":"purchasable","13":"product-type-simple"},"_links":{"self":[{"href":"https:\/\/stoic-curie.212-227-153-4.plesk.page\/hr\/wp-json\/wp\/v2\/product\/745187","targetHints":{"allow":["GET"]}}],"collection":[{"href":"https:\/\/stoic-curie.212-227-153-4.plesk.page\/hr\/wp-json\/wp\/v2\/product"}],"about":[{"href":"https:\/\/stoic-curie.212-227-153-4.plesk.page\/hr\/wp-json\/wp\/v2\/types\/product"}],"replies":[{"embeddable":true,"href":"https:\/\/stoic-curie.212-227-153-4.plesk.page\/hr\/wp-json\/wp\/v2\/comments?post=745187"}],"version-history":[{"count":0,"href":"https:\/\/stoic-curie.212-227-153-4.plesk.page\/hr\/wp-json\/wp\/v2\/product\/745187\/revisions"}],"wp:featuredmedia":[{"embeddable":true,"href":"https:\/\/stoic-curie.212-227-153-4.plesk.page\/hr\/wp-json\/wp\/v2\/media\/5940295"}],"wp:attachment":[{"href":"https:\/\/stoic-curie.212-227-153-4.plesk.page\/hr\/wp-json\/wp\/v2\/media?parent=745187"}],"wp:term":[{"taxonomy":"product_brand","embeddable":true,"href":"https:\/\/stoic-curie.212-227-153-4.plesk.page\/hr\/wp-json\/wp\/v2\/product_brand?post=745187"},{"taxonomy":"product_cat","embeddable":true,"href":"https:\/\/stoic-curie.212-227-153-4.plesk.page\/hr\/wp-json\/wp\/v2\/product_cat?post=745187"},{"taxonomy":"product_tag","embeddable":true,"href":"https:\/\/stoic-curie.212-227-153-4.plesk.page\/hr\/wp-json\/wp\/v2\/product_tag?post=745187"}],"curies":[{"name":"wp","href":"https:\/\/api.w.org\/{rel}","templated":true}]}}