{"id":745188,"date":"2025-03-03T20:07:59","date_gmt":"2025-03-03T19:07:59","guid":{"rendered":"https:\/\/stoic-curie.212-227-153-4.plesk.page\/producto\/hidrodinamicka-krila-stingray-xr4\/"},"modified":"2026-02-25T00:01:22","modified_gmt":"2026-02-25T00:01:22","slug":"hidrodinamicka-krila-stingray-xr4","status":"publish","type":"product","link":"https:\/\/stoic-curie.212-227-153-4.plesk.page\/hr\/product\/hidrodinamicka-krila-stingray-xr4\/","title":{"rendered":"Hidrodinami\u010dka krila Stingray xr4"},"content":{"rendered":"<p>Hidrodinami\u010dka krila Stingray xr4 &#8211; <\/p>\n<p>StingRay XR4 hidrofoili osmi\u0161ljeni su za postizanje maksimalnih hidrodinami\u010dkih performansi u natjecateljskim primjenama, ali i za motorne brodove normalne razine. Opremljeni su Tunnel-Prop tehnologijom koja pove\u0107ava potisak dok istovremeno smanjuje faktor trenja na minimum. Izra\u0111eni su od hidrofilnog materijala koji upija vodu i eliminira trenje. Instalacija s dvije rupe na protukavitacijskoj plo\u010di, \u0161irina pri\u010dvr\u0161\u0107ivanja 180 mm. &#8211; \u0160tedite novac smanjuju\u0107i potro\u0161nju goriva &#8211; Postignite planiranje za polovicu vremena &#8211; Odr\u017eavajte brod u planu s mnogo ni\u017eim brojem okretaja motora &#8211; Stabilizirajte brod &#8211; Smanjite chinewalking i porpoising<\/p>\n","protected":false},"excerpt":{"rendered":"<p>Hidrodinami\u010dka krila Stingray xr4 &#8211; StingRay XR4 hidrofoili osmi\u0161ljeni su za postizanje maksimalnih hidrodinami\u010dkih performansi u natjecateljskim primjenama, ali i<\/p>\n","protected":false},"featured_media":5948396,"comment_status":"open","ping_status":"closed","template":"","meta":[],"product_brand":[3441],"product_cat":[1827,1806],"product_tag":[],"class_list":{"0":"post-745188","1":"product","2":"type-product","3":"status-publish","4":"has-post-thumbnail","6":"product_brand-stingray-hr","7":"product_cat-dodatna-oprema-za-vanbrodske-motore","8":"product_cat-trim-ploce","10":"first","11":"instock","12":"shipping-taxable","13":"purchasable","14":"product-type-simple"},"_links":{"self":[{"href":"https:\/\/stoic-curie.212-227-153-4.plesk.page\/hr\/wp-json\/wp\/v2\/product\/745188","targetHints":{"allow":["GET"]}}],"collection":[{"href":"https:\/\/stoic-curie.212-227-153-4.plesk.page\/hr\/wp-json\/wp\/v2\/product"}],"about":[{"href":"https:\/\/stoic-curie.212-227-153-4.plesk.page\/hr\/wp-json\/wp\/v2\/types\/product"}],"replies":[{"embeddable":true,"href":"https:\/\/stoic-curie.212-227-153-4.plesk.page\/hr\/wp-json\/wp\/v2\/comments?post=745188"}],"version-history":[{"count":0,"href":"https:\/\/stoic-curie.212-227-153-4.plesk.page\/hr\/wp-json\/wp\/v2\/product\/745188\/revisions"}],"wp:featuredmedia":[{"embeddable":true,"href":"https:\/\/stoic-curie.212-227-153-4.plesk.page\/hr\/wp-json\/wp\/v2\/media\/5948396"}],"wp:attachment":[{"href":"https:\/\/stoic-curie.212-227-153-4.plesk.page\/hr\/wp-json\/wp\/v2\/media?parent=745188"}],"wp:term":[{"taxonomy":"product_brand","embeddable":true,"href":"https:\/\/stoic-curie.212-227-153-4.plesk.page\/hr\/wp-json\/wp\/v2\/product_brand?post=745188"},{"taxonomy":"product_cat","embeddable":true,"href":"https:\/\/stoic-curie.212-227-153-4.plesk.page\/hr\/wp-json\/wp\/v2\/product_cat?post=745188"},{"taxonomy":"product_tag","embeddable":true,"href":"https:\/\/stoic-curie.212-227-153-4.plesk.page\/hr\/wp-json\/wp\/v2\/product_tag?post=745188"}],"curies":[{"name":"wp","href":"https:\/\/api.w.org\/{rel}","templated":true}]}}