{"id":745189,"date":"2025-03-03T20:08:00","date_gmt":"2025-03-03T19:08:00","guid":{"rendered":"https:\/\/stoic-curie.212-227-153-4.plesk.page\/producto\/nehrdajuce-ploce-bennett-400-x-230-mm\/"},"modified":"2026-02-25T00:01:22","modified_gmt":"2026-02-25T00:01:22","slug":"nehrdajuce-ploce-bennett-400-x-230-mm","status":"publish","type":"product","link":"https:\/\/stoic-curie.212-227-153-4.plesk.page\/hr\/product\/nehrdajuce-ploce-bennett-400-x-230-mm\/","title":{"rendered":"Nehr\u0111aju\u0107e plo\u010de Bennett 400 x 230 mm"},"content":{"rendered":"<p>Nehr\u0111aju\u0107e plo\u010de Bennett 400 x 230 mm &#8211; <\/p>\n<p>Trimne plo\u010de od nehr\u0111aju\u0107eg \u010delika. <br \/>Montirati s jednim aktuatorom po plo\u010di. <br \/>Aktuatori nisu uklju\u010deni.<\/p>\n","protected":false},"excerpt":{"rendered":"<p>Nehr\u0111aju\u0107e plo\u010de Bennett 400 x 230 mm &#8211; Trimne plo\u010de od nehr\u0111aju\u0107eg \u010delika. Montirati s jednim aktuatorom po plo\u010di. Aktuatori<\/p>\n","protected":false},"featured_media":5945788,"comment_status":"open","ping_status":"closed","template":"","meta":[],"product_brand":[2821],"product_cat":[1806],"product_tag":[],"class_list":{"0":"post-745189","1":"product","2":"type-product","3":"status-publish","4":"has-post-thumbnail","6":"product_brand-bennett-marine-hr","7":"product_cat-trim-ploce","9":"first","10":"instock","11":"shipping-taxable","12":"purchasable","13":"product-type-simple"},"_links":{"self":[{"href":"https:\/\/stoic-curie.212-227-153-4.plesk.page\/hr\/wp-json\/wp\/v2\/product\/745189","targetHints":{"allow":["GET"]}}],"collection":[{"href":"https:\/\/stoic-curie.212-227-153-4.plesk.page\/hr\/wp-json\/wp\/v2\/product"}],"about":[{"href":"https:\/\/stoic-curie.212-227-153-4.plesk.page\/hr\/wp-json\/wp\/v2\/types\/product"}],"replies":[{"embeddable":true,"href":"https:\/\/stoic-curie.212-227-153-4.plesk.page\/hr\/wp-json\/wp\/v2\/comments?post=745189"}],"version-history":[{"count":0,"href":"https:\/\/stoic-curie.212-227-153-4.plesk.page\/hr\/wp-json\/wp\/v2\/product\/745189\/revisions"}],"wp:featuredmedia":[{"embeddable":true,"href":"https:\/\/stoic-curie.212-227-153-4.plesk.page\/hr\/wp-json\/wp\/v2\/media\/5945788"}],"wp:attachment":[{"href":"https:\/\/stoic-curie.212-227-153-4.plesk.page\/hr\/wp-json\/wp\/v2\/media?parent=745189"}],"wp:term":[{"taxonomy":"product_brand","embeddable":true,"href":"https:\/\/stoic-curie.212-227-153-4.plesk.page\/hr\/wp-json\/wp\/v2\/product_brand?post=745189"},{"taxonomy":"product_cat","embeddable":true,"href":"https:\/\/stoic-curie.212-227-153-4.plesk.page\/hr\/wp-json\/wp\/v2\/product_cat?post=745189"},{"taxonomy":"product_tag","embeddable":true,"href":"https:\/\/stoic-curie.212-227-153-4.plesk.page\/hr\/wp-json\/wp\/v2\/product_tag?post=745189"}],"curies":[{"name":"wp","href":"https:\/\/api.w.org\/{rel}","templated":true}]}}