{"id":745191,"date":"2025-03-03T20:08:00","date_gmt":"2025-03-03T19:08:00","guid":{"rendered":"https:\/\/stoic-curie.212-227-153-4.plesk.page\/producto\/kit-uflex-hi-perf-12v\/"},"modified":"2026-02-25T00:01:22","modified_gmt":"2026-02-25T00:01:22","slug":"kit-uflex-hi-perf-12v","status":"publish","type":"product","link":"https:\/\/stoic-curie.212-227-153-4.plesk.page\/hr\/product\/kit-uflex-hi-perf-12v\/","title":{"rendered":"Kit Uflex HI-PERF 12v"},"content":{"rendered":"<p>Kit Uflex HI-PERF 12v &#8211; <\/p>\n<p style=\"color: rgb(34, 34, 34); font-family: Arial, Helvetica, sans-serif; font-size: small;\">Uzbu\u0111eni smo \u0161to mo\u017eemo predstaviti inovativni i bez odr\u017eavanja elektromehani\u010dki Uflex trim kit od 12V, dizajniran za jednostavnu instalaciju i optimalne performanse. Ovaj napredni kit eliminar dosadnu potrebu za elektri\u010dnom ili hidrauli\u010dnom kontrolnom jedinicom, kao i za cijevi, \u010dine\u0107i ga jednostavnim rje\u0161enjem za ljubitelje \u010damaca. Korisni\u010dko prijateljska kontrolna plo\u010da opremljena je joystickom koji vam omogu\u0107uje jednostavno pode\u0161avanje krila, osiguravaju\u0107i optimalno uskla\u0111ivanje nagiba i gazne za va\u0161 brod.<\/p>\n<p style=\"color: rgb(34, 34, 34); font-family: Arial, Helvetica, sans-serif; font-size: small;\">Jedna od istaknutih funkcija ovog trim kita je kontrolna kutija koja uklju\u010duje automatsku funkciju uskla\u0111ivanja. Ova funkcija automatski uskla\u0111uje letvice kada je onemogu\u0107ena, pru\u017eaju\u0107i vam dodatnu udobnost i efikasnost. Osim toga, kontrolna kutija mo\u017ee funkcionirati i kao prekida\u010d za joystick druge postaje, ako vam zatrebaju dodatne mogu\u0107nosti kontrole.<\/p>\n<p style=\"color: rgb(34, 34, 34); font-family: Arial, Helvetica, sans-serif; font-size: small;\">U kompletu se nalaze dva AT aktuatore i kutija za kontrolu koja dolazi s elegantnim kromiranim joystickom. Va\u017eno je napomenuti da se nehr\u0111aju\u0107i \u010deli\u010dni plo\u010de prodaju odvojeno, omogu\u0107uju\u0107i vam da odaberete izme\u0111u standardnih ili visokih performansi poliranih profila prema va\u0161im \u017eeljama.<\/p>\n<p style=\"color: rgb(34, 34, 34); font-family: Arial, Helvetica, sans-serif; font-size: small;\">Klju\u010dne prednosti Uflex trim kita su brojne i zna\u010dajne. Prvo, doprinosi pobolj\u0161anju potro\u0161nje goriva, \u0161to je uvijek prioritir za vlasnike \u010damaca koji \u017eele u\u0161tedjeti na tro\u0161kovima. Osim toga, pobolj\u0161ava udobnost putnika pru\u017eaju\u0107i ugodniju vo\u017enju. Izdr\u017eljive letvice posebno su dizajnirane da izdr\u017ee i najte\u017ee morske uvjete, osiguravaju\u0107i dugovje\u010dnost i pouzdanost.<\/p>\n<p style=\"color: rgb(34, 34, 34); font-family: Arial, Helvetica, sans-serif; font-size: small;\">Instalacija je jednostavna i zahtijeva samo jednu malu rupu po letvici kroz krmu, \u0161to minimizira trud i vrijeme potrebno za postavljanje. \u0160tovi\u0161e, kabeli su pa\u017eljivo za\u0161ti\u0107eni unutar nosa\u010da za monta\u017eu, dodaju\u0107i dodatni sloj izdr\u017eljivosti i za\u0161tite od elemenata. Ovo \u010dini Uflex trim kit odli\u010dnim izborom za svakoga tko \u017eeli pobolj\u0161ati svoje iskustvo plovidbe.<\/p>\n","protected":false},"excerpt":{"rendered":"<p>Kit Uflex HI-PERF 12v &#8211; Uzbu\u0111eni smo \u0161to mo\u017eemo predstaviti inovativni i bez odr\u017eavanja elektromehani\u010dki Uflex trim kit od 12V,<\/p>\n","protected":false},"featured_media":5948400,"comment_status":"open","ping_status":"closed","template":"","meta":[],"product_brand":[3501],"product_cat":[1806],"product_tag":[],"class_list":{"0":"post-745191","1":"product","2":"type-product","3":"status-publish","4":"has-post-thumbnail","6":"product_brand-ultraflex-uflex-hr","7":"product_cat-trim-ploce","9":"first","10":"instock","11":"shipping-taxable","12":"purchasable","13":"product-type-simple"},"_links":{"self":[{"href":"https:\/\/stoic-curie.212-227-153-4.plesk.page\/hr\/wp-json\/wp\/v2\/product\/745191","targetHints":{"allow":["GET"]}}],"collection":[{"href":"https:\/\/stoic-curie.212-227-153-4.plesk.page\/hr\/wp-json\/wp\/v2\/product"}],"about":[{"href":"https:\/\/stoic-curie.212-227-153-4.plesk.page\/hr\/wp-json\/wp\/v2\/types\/product"}],"replies":[{"embeddable":true,"href":"https:\/\/stoic-curie.212-227-153-4.plesk.page\/hr\/wp-json\/wp\/v2\/comments?post=745191"}],"version-history":[{"count":0,"href":"https:\/\/stoic-curie.212-227-153-4.plesk.page\/hr\/wp-json\/wp\/v2\/product\/745191\/revisions"}],"wp:featuredmedia":[{"embeddable":true,"href":"https:\/\/stoic-curie.212-227-153-4.plesk.page\/hr\/wp-json\/wp\/v2\/media\/5948400"}],"wp:attachment":[{"href":"https:\/\/stoic-curie.212-227-153-4.plesk.page\/hr\/wp-json\/wp\/v2\/media?parent=745191"}],"wp:term":[{"taxonomy":"product_brand","embeddable":true,"href":"https:\/\/stoic-curie.212-227-153-4.plesk.page\/hr\/wp-json\/wp\/v2\/product_brand?post=745191"},{"taxonomy":"product_cat","embeddable":true,"href":"https:\/\/stoic-curie.212-227-153-4.plesk.page\/hr\/wp-json\/wp\/v2\/product_cat?post=745191"},{"taxonomy":"product_tag","embeddable":true,"href":"https:\/\/stoic-curie.212-227-153-4.plesk.page\/hr\/wp-json\/wp\/v2\/product_tag?post=745191"}],"curies":[{"name":"wp","href":"https:\/\/api.w.org\/{rel}","templated":true}]}}