{"id":745192,"date":"2025-03-03T20:08:00","date_gmt":"2025-03-03T19:08:00","guid":{"rendered":"https:\/\/stoic-curie.212-227-153-4.plesk.page\/producto\/nehrdajuce-ploce-uflex-hi-perf-228-x-228mm\/"},"modified":"2026-02-25T00:01:22","modified_gmt":"2026-02-25T00:01:22","slug":"nehrdajuce-ploce-uflex-hi-perf-228-x-228mm","status":"publish","type":"product","link":"https:\/\/stoic-curie.212-227-153-4.plesk.page\/hr\/product\/nehrdajuce-ploce-uflex-hi-perf-228-x-228mm\/","title":{"rendered":"Nehr\u0111aju\u0107e plo\u010de Uflex HI-PERF 228 x 228mm"},"content":{"rendered":"<p>Nehr\u0111aju\u0107e plo\u010de Uflex HI-PERF 228 x 228mm &#8211; <\/p>\n<p>Elektromehani\u010dki 12V Uflex trim kit bez odr\u017eavanja i jednostavne instalacije. Ne zahtijeva elektri\u010dnu ili hidrauli\u010dnu upravlja\u010dku jedinicu i cijevi. Kontrolna plo\u010da s joystickom omogu\u0107ava uskla\u0111ivanje krilca za pode\u0161avanje nagiba i pozicije. Kontrolna kutija tako\u0111er uklju\u010duje funkciju automatskog poravnavanja za automatsko poravnanje flapova kada je isklju\u010dena i tako\u0111er mo\u017ee funkcionirati kao prekida\u010d za mogu\u0107i joystick druge stanice. Kit uklju\u010duje dva AT aktuatora i kontrolnu kutiju s kromiranim joystickom. Nehr\u0111aju\u0107i \u010deli\u010dni alati moraju se kupiti odvojeno; mogu biti standardni ili s visokou\u010dinkovitim profilom sa zrcalno poliranim zavr\u0161etkom. <br \/>&#8211; Pobolj\u0161ava ekonomi\u010dnost goriva i udobnost putnika <br \/>&#8211; Krilca dizajnirana da traju u najzahtjevnijim morskim uvjetima <br \/>&#8211; Instalacija s samo jednom malom rupom po krilcu kroz i\u0161oj <\/p>\n","protected":false},"excerpt":{"rendered":"<p>Nehr\u0111aju\u0107e plo\u010de Uflex HI-PERF 228 x 228mm &#8211; Elektromehani\u010dki 12V Uflex trim kit bez odr\u017eavanja i jednostavne instalacije. Ne zahtijeva<\/p>\n","protected":false},"featured_media":5948413,"comment_status":"open","ping_status":"closed","template":"","meta":[],"product_brand":[3501],"product_cat":[1806],"product_tag":[],"class_list":{"0":"post-745192","1":"product","2":"type-product","3":"status-publish","4":"has-post-thumbnail","6":"product_brand-ultraflex-uflex-hr","7":"product_cat-trim-ploce","9":"first","10":"instock","11":"shipping-taxable","12":"purchasable","13":"product-type-simple"},"_links":{"self":[{"href":"https:\/\/stoic-curie.212-227-153-4.plesk.page\/hr\/wp-json\/wp\/v2\/product\/745192","targetHints":{"allow":["GET"]}}],"collection":[{"href":"https:\/\/stoic-curie.212-227-153-4.plesk.page\/hr\/wp-json\/wp\/v2\/product"}],"about":[{"href":"https:\/\/stoic-curie.212-227-153-4.plesk.page\/hr\/wp-json\/wp\/v2\/types\/product"}],"replies":[{"embeddable":true,"href":"https:\/\/stoic-curie.212-227-153-4.plesk.page\/hr\/wp-json\/wp\/v2\/comments?post=745192"}],"version-history":[{"count":0,"href":"https:\/\/stoic-curie.212-227-153-4.plesk.page\/hr\/wp-json\/wp\/v2\/product\/745192\/revisions"}],"wp:featuredmedia":[{"embeddable":true,"href":"https:\/\/stoic-curie.212-227-153-4.plesk.page\/hr\/wp-json\/wp\/v2\/media\/5948413"}],"wp:attachment":[{"href":"https:\/\/stoic-curie.212-227-153-4.plesk.page\/hr\/wp-json\/wp\/v2\/media?parent=745192"}],"wp:term":[{"taxonomy":"product_brand","embeddable":true,"href":"https:\/\/stoic-curie.212-227-153-4.plesk.page\/hr\/wp-json\/wp\/v2\/product_brand?post=745192"},{"taxonomy":"product_cat","embeddable":true,"href":"https:\/\/stoic-curie.212-227-153-4.plesk.page\/hr\/wp-json\/wp\/v2\/product_cat?post=745192"},{"taxonomy":"product_tag","embeddable":true,"href":"https:\/\/stoic-curie.212-227-153-4.plesk.page\/hr\/wp-json\/wp\/v2\/product_tag?post=745192"}],"curies":[{"name":"wp","href":"https:\/\/api.w.org\/{rel}","templated":true}]}}