{"id":745195,"date":"2025-03-03T20:08:01","date_gmt":"2025-03-03T19:08:01","guid":{"rendered":"https:\/\/stoic-curie.212-227-153-4.plesk.page\/producto\/bennett-trim-kit-ref-12v\/"},"modified":"2026-02-25T00:01:22","modified_gmt":"2026-02-25T00:01:22","slug":"bennett-trim-kit-ref-12v","status":"publish","type":"product","link":"https:\/\/stoic-curie.212-227-153-4.plesk.page\/hr\/product\/bennett-trim-kit-ref-12v\/","title":{"rendered":"12v Bennett Trim kit"},"content":{"rendered":"<p>12v Bennett Trim kit &#8211; <\/p>\n<p>Ovaj sveobuhvatni Bennett elektro-hidrauli\u010dni komplet za trim plo\u010de pa\u017eljivo je dizajniran za pobolj\u0161anje va\u0161eg iskustva plovidbe i sadr\u017ei niz bitnih komponenata. U kompletu se nalaze dva standardna aktuatora koja su klju\u010dna za rad trim plo\u010da, uz crijeva opremljena priklju\u010dcima za jednostavnu instalaciju. Dodatno, komplet uklju\u010duje hidrauli\u010dnu pumpu koja pokre\u0107e sustav, elektri\u010dni kabel za besprijekornu povezanost i standardnu kontrolnu plo\u010du s dva prekida\u010da za jednostavno rukovanje. Va\u017eno je napomenuti da od nehr\u0111aju\u0107ih plo\u010da nije uklju\u010deno u ovaj komplet i da ih je potrebno posebno nabaviti, prilago\u0111eno specifi\u010dnoj duljini va\u0161e \u010damca radi optimalnih performansi.<\/p>\n","protected":false},"excerpt":{"rendered":"<p>12v Bennett Trim kit &#8211; Ovaj sveobuhvatni Bennett elektro-hidrauli\u010dni komplet za trim plo\u010de pa\u017eljivo je dizajniran za pobolj\u0161anje va\u0161eg iskustva<\/p>\n","protected":false},"featured_media":5948415,"comment_status":"open","ping_status":"closed","template":"","meta":[],"product_brand":[2821],"product_cat":[1806],"product_tag":[],"class_list":{"0":"post-745195","1":"product","2":"type-product","3":"status-publish","4":"has-post-thumbnail","6":"product_brand-bennett-marine-hr","7":"product_cat-trim-ploce","9":"first","10":"instock","11":"shipping-taxable","12":"purchasable","13":"product-type-simple"},"_links":{"self":[{"href":"https:\/\/stoic-curie.212-227-153-4.plesk.page\/hr\/wp-json\/wp\/v2\/product\/745195","targetHints":{"allow":["GET"]}}],"collection":[{"href":"https:\/\/stoic-curie.212-227-153-4.plesk.page\/hr\/wp-json\/wp\/v2\/product"}],"about":[{"href":"https:\/\/stoic-curie.212-227-153-4.plesk.page\/hr\/wp-json\/wp\/v2\/types\/product"}],"replies":[{"embeddable":true,"href":"https:\/\/stoic-curie.212-227-153-4.plesk.page\/hr\/wp-json\/wp\/v2\/comments?post=745195"}],"version-history":[{"count":0,"href":"https:\/\/stoic-curie.212-227-153-4.plesk.page\/hr\/wp-json\/wp\/v2\/product\/745195\/revisions"}],"wp:featuredmedia":[{"embeddable":true,"href":"https:\/\/stoic-curie.212-227-153-4.plesk.page\/hr\/wp-json\/wp\/v2\/media\/5948415"}],"wp:attachment":[{"href":"https:\/\/stoic-curie.212-227-153-4.plesk.page\/hr\/wp-json\/wp\/v2\/media?parent=745195"}],"wp:term":[{"taxonomy":"product_brand","embeddable":true,"href":"https:\/\/stoic-curie.212-227-153-4.plesk.page\/hr\/wp-json\/wp\/v2\/product_brand?post=745195"},{"taxonomy":"product_cat","embeddable":true,"href":"https:\/\/stoic-curie.212-227-153-4.plesk.page\/hr\/wp-json\/wp\/v2\/product_cat?post=745195"},{"taxonomy":"product_tag","embeddable":true,"href":"https:\/\/stoic-curie.212-227-153-4.plesk.page\/hr\/wp-json\/wp\/v2\/product_tag?post=745195"}],"curies":[{"name":"wp","href":"https:\/\/api.w.org\/{rel}","templated":true}]}}