{"id":745196,"date":"2025-03-03T20:08:02","date_gmt":"2025-03-03T19:08:02","guid":{"rendered":"https:\/\/stoic-curie.212-227-153-4.plesk.page\/producto\/bennett-trim-kit-ref-24v\/"},"modified":"2026-02-25T00:01:22","modified_gmt":"2026-02-25T00:01:22","slug":"bennett-trim-kit-ref-24v","status":"publish","type":"product","link":"https:\/\/stoic-curie.212-227-153-4.plesk.page\/hr\/product\/bennett-trim-kit-ref-24v\/","title":{"rendered":"24v Bennett Trim kit"},"content":{"rendered":"<p>24v Bennett Trim kit &#8211; <\/p>\n<p>Ovaj sveobuhvatni Bennett elektro-hidrauli\u010dni kit za trim tabove dizajniran je za pobolj\u0161anje va\u0161eg izletni\u010dkog iskustva i dolazi s raznim bitnim komponentama. Unutra \u0107ete prona\u0107i dva standardna aktuatora koja su klju\u010dna za rad trim tabova, zajedno s crijevima opremljenim priklju\u010dcima za jednostavnu instalaciju. Os additionally, kit uklju\u010duje hidrauli\u010dnu pumpu koja pokre\u0107e sustav, elektri\u010dni kabel za besprijekornu povezanost i standardnu kontrolnu plo\u010du koja sadr\u017ei dva prekida\u010da za jednostavno upravljanje. Me\u0111utim, va\u017eno je napomenuti da nehr\u0111aju\u0107i \u010delici nisu uklju\u010deni u ovaj kit i moraju se kupiti odvojeno, prilago\u0111eni specifi\u010dnoj duljini va\u0161eg \u010damca za optimalne performanse.<\/p>\n","protected":false},"excerpt":{"rendered":"<p>24v Bennett Trim kit &#8211; Ovaj sveobuhvatni Bennett elektro-hidrauli\u010dni kit za trim tabove dizajniran je za pobolj\u0161anje va\u0161eg izletni\u010dkog iskustva<\/p>\n","protected":false},"featured_media":5948415,"comment_status":"open","ping_status":"closed","template":"","meta":[],"product_brand":[2821],"product_cat":[1806],"product_tag":[],"class_list":{"0":"post-745196","1":"product","2":"type-product","3":"status-publish","4":"has-post-thumbnail","6":"product_brand-bennett-marine-hr","7":"product_cat-trim-ploce","9":"first","10":"instock","11":"shipping-taxable","12":"purchasable","13":"product-type-simple"},"_links":{"self":[{"href":"https:\/\/stoic-curie.212-227-153-4.plesk.page\/hr\/wp-json\/wp\/v2\/product\/745196","targetHints":{"allow":["GET"]}}],"collection":[{"href":"https:\/\/stoic-curie.212-227-153-4.plesk.page\/hr\/wp-json\/wp\/v2\/product"}],"about":[{"href":"https:\/\/stoic-curie.212-227-153-4.plesk.page\/hr\/wp-json\/wp\/v2\/types\/product"}],"replies":[{"embeddable":true,"href":"https:\/\/stoic-curie.212-227-153-4.plesk.page\/hr\/wp-json\/wp\/v2\/comments?post=745196"}],"version-history":[{"count":0,"href":"https:\/\/stoic-curie.212-227-153-4.plesk.page\/hr\/wp-json\/wp\/v2\/product\/745196\/revisions"}],"wp:featuredmedia":[{"embeddable":true,"href":"https:\/\/stoic-curie.212-227-153-4.plesk.page\/hr\/wp-json\/wp\/v2\/media\/5948415"}],"wp:attachment":[{"href":"https:\/\/stoic-curie.212-227-153-4.plesk.page\/hr\/wp-json\/wp\/v2\/media?parent=745196"}],"wp:term":[{"taxonomy":"product_brand","embeddable":true,"href":"https:\/\/stoic-curie.212-227-153-4.plesk.page\/hr\/wp-json\/wp\/v2\/product_brand?post=745196"},{"taxonomy":"product_cat","embeddable":true,"href":"https:\/\/stoic-curie.212-227-153-4.plesk.page\/hr\/wp-json\/wp\/v2\/product_cat?post=745196"},{"taxonomy":"product_tag","embeddable":true,"href":"https:\/\/stoic-curie.212-227-153-4.plesk.page\/hr\/wp-json\/wp\/v2\/product_tag?post=745196"}],"curies":[{"name":"wp","href":"https:\/\/api.w.org\/{rel}","templated":true}]}}