{"id":745209,"date":"2025-03-03T20:11:32","date_gmt":"2025-03-03T19:11:32","guid":{"rendered":"https:\/\/stoic-curie.212-227-153-4.plesk.page\/producto\/kolo-kormila-ultraflex-v52-crni-320mm\/"},"modified":"2026-02-25T00:01:22","modified_gmt":"2026-02-25T00:01:22","slug":"kolo-kormila-ultraflex-v52-crni-320mm","status":"publish","type":"product","link":"https:\/\/stoic-curie.212-227-153-4.plesk.page\/hr\/product\/kolo-kormila-ultraflex-v52-crni-320mm\/","title":{"rendered":"Kolo kormila Ultraflex V52 crni 320mm"},"content":{"rendered":"<p>Kolo kormila Ultraflex V52 crni 320mm &#8211; <\/p>\n<p>Volani od nehr\u0111aju\u0107eg \u010delika s poliuretanskim dr\u017ea\u010dem. Oznaka CE-ISO23411 u skladu s ABYC pravilima. U kompletu s sredi\u0161njom kapom i glav\u010dinom sa standardnim 3\/4&#8243; konusom.<\/p>\n","protected":false},"excerpt":{"rendered":"<p>Kolo kormila Ultraflex V52 crni 320mm &#8211; Volani od nehr\u0111aju\u0107eg \u010delika s poliuretanskim dr\u017ea\u010dem. Oznaka CE-ISO23411 u skladu s ABYC<\/p>\n","protected":false},"featured_media":5948431,"comment_status":"open","ping_status":"closed","template":"","meta":[],"product_brand":[3501],"product_cat":[1822],"product_tag":[],"class_list":{"0":"post-745209","1":"product","2":"type-product","3":"status-publish","4":"has-post-thumbnail","6":"product_brand-ultraflex-uflex-hr","7":"product_cat-kola-kormila","9":"first","10":"instock","11":"shipping-taxable","12":"purchasable","13":"product-type-simple"},"_links":{"self":[{"href":"https:\/\/stoic-curie.212-227-153-4.plesk.page\/hr\/wp-json\/wp\/v2\/product\/745209","targetHints":{"allow":["GET"]}}],"collection":[{"href":"https:\/\/stoic-curie.212-227-153-4.plesk.page\/hr\/wp-json\/wp\/v2\/product"}],"about":[{"href":"https:\/\/stoic-curie.212-227-153-4.plesk.page\/hr\/wp-json\/wp\/v2\/types\/product"}],"replies":[{"embeddable":true,"href":"https:\/\/stoic-curie.212-227-153-4.plesk.page\/hr\/wp-json\/wp\/v2\/comments?post=745209"}],"version-history":[{"count":0,"href":"https:\/\/stoic-curie.212-227-153-4.plesk.page\/hr\/wp-json\/wp\/v2\/product\/745209\/revisions"}],"wp:featuredmedia":[{"embeddable":true,"href":"https:\/\/stoic-curie.212-227-153-4.plesk.page\/hr\/wp-json\/wp\/v2\/media\/5948431"}],"wp:attachment":[{"href":"https:\/\/stoic-curie.212-227-153-4.plesk.page\/hr\/wp-json\/wp\/v2\/media?parent=745209"}],"wp:term":[{"taxonomy":"product_brand","embeddable":true,"href":"https:\/\/stoic-curie.212-227-153-4.plesk.page\/hr\/wp-json\/wp\/v2\/product_brand?post=745209"},{"taxonomy":"product_cat","embeddable":true,"href":"https:\/\/stoic-curie.212-227-153-4.plesk.page\/hr\/wp-json\/wp\/v2\/product_cat?post=745209"},{"taxonomy":"product_tag","embeddable":true,"href":"https:\/\/stoic-curie.212-227-153-4.plesk.page\/hr\/wp-json\/wp\/v2\/product_tag?post=745209"}],"curies":[{"name":"wp","href":"https:\/\/api.w.org\/{rel}","templated":true}]}}