{"id":745265,"date":"2025-03-03T20:11:48","date_gmt":"2025-03-03T19:11:48","guid":{"rendered":"https:\/\/stoic-curie.212-227-153-4.plesk.page\/producto\/hidraulicno-upravljanje-ultraflex-gotech\/"},"modified":"2026-02-25T00:01:22","modified_gmt":"2026-02-25T00:01:22","slug":"hidraulicno-upravljanje-ultraflex-gotech","status":"publish","type":"product","link":"https:\/\/stoic-curie.212-227-153-4.plesk.page\/hr\/product\/hidraulicno-upravljanje-ultraflex-gotech\/","title":{"rendered":"Hidraulicno upravljanje Ultraflex Gotech"},"content":{"rendered":"<p>Hidraulicno upravljanje Ultraflex Gotech &#8211; <\/p>\n<p style=\"color: rgb(34, 34, 34); font-family: Arial, Helvetica, sans-serif; font-size: small;\">S ponosom predstavljamo Gotech sustav upravljanja, izra\u0111en posebno za izvanbrodske motore snage do 115 HP. Ovaj jednostavan i lako upotrebljiv paket dolazi s:<\/p>\n<ul style=\"color: rgb(34, 34, 34); font-family: Arial, Helvetica, sans-serif; font-size: small;\">\n<li>UP18 pumpa za volan<\/li>\n<li>UC81 cilindra<\/li>\n<li>2 litre hidrauli\u010dne ulja<\/li>\n<li>Set crijeva du\u017eine 6 metara, dizajniran za izvanbrodske motore s jednim motorom do 115 HP<\/li>\n<\/ul>\n<p style=\"color: rgb(34, 34, 34); font-family: Arial, Helvetica, sans-serif; font-size: small;\">Paket GOTECH-OBF uklju\u010duje:<\/p>\n<ul style=\"color: rgb(34, 34, 34); font-family: Arial, Helvetica, sans-serif; font-size: small;\">\n<li>UP18 pumpu za volan s intervalnim nosa\u010dem<\/li>\n<li>UC81-OBF cilindar za prednje monta\u017ee izvanbrodskih motora<\/li>\n<li>OL 150 hidrauli\u010dno ulje \u2013 2 litre<\/li>\n<li>KIT OB-GT\/M-60 set crijeva, s promjerom od 1\/4\u201d i du\u017einom od 6 metara (19,7 stopa), s jednim krajem ve\u0107 sastavljenim<\/li>\n<\/ul>\n<p style=\"color: rgb(34, 34, 34); font-family: Arial, Helvetica, sans-serif; font-size: small;\">Upravljanje \u010damcem zahtijeva preciznost, glatko\u0107u i pouzdanost. GoTech-I hidrauli\u010dni sustav upravljanja, prilago\u0111en motorima do 115 HP, olak\u0161ava svaki manevr, pru\u017eaju\u0107i intuitivnije i udobnije iskustvo. S pa\u017eljivo osmi\u0161ljenim skupom komponenti, GoTech-I jam\u010di da odr\u017eavate punu kontrolu nad svojim plovilom, bez obzira na uvjete na vodi.<\/p>\n<p style=\"color: rgb(34, 34, 34); font-family: Arial, Helvetica, sans-serif; font-size: small;\"><strong>Potpuno rje\u0161enje za upravljanje<\/strong><\/p>\n<p style=\"color: rgb(34, 34, 34); font-family: Arial, Helvetica, sans-serif; font-size: small;\">Sustav GoTech-I ne samo da uklju\u010duje najmoderniju tehnologiju, ve\u0107 i pa\u017eljivo osmi\u0161ljen dizajn kako bi pobolj\u0161ao va\u0161e vrijeme na vodi. Paket sadr\u017ei:<\/p>\n<ul style=\"color: rgb(34, 34, 34); font-family: Arial, Helvetica, sans-serif; font-size: small;\">\n<li>UP18 pumpu za upravljanje s intervalnim nosa\u010dem, koja generira hidrauli\u010dki tlak potreban za precizno upravljanje.<\/li>\n<li>UC69-I hidrauli\u010dni cilindar, koji prenosi pokret s pumpe na sustav upravljanja \u010damcem.<\/li>\n<li>OL150 hidrauli\u010dno ulje, koje osigurava glatko djelovanje i produ\u017eava \u017eivotni vijek sustava.<\/li>\n<li>OB-GT\/M-60 set crijeva, vitalna kolekcija hidrauli\u010dnih kabela za instalaciju.<\/li>\n<\/ul>\n<p style=\"color: rgb(34, 34, 34); font-family: Arial, Helvetica, sans-serif; font-size: small;\">Svaki dio je konstruiran za dugotrajnost i izdr\u017eljiv je u te\u0161kim morskim uvjetima.<\/p>\n<p style=\"color: rgb(34, 34, 34); font-family: Arial, Helvetica, sans-serif; font-size: small;\"><strong>Lako manevriranje, potpuna kontrola<\/strong><\/p>\n<p style=\"color: rgb(34, 34, 34); font-family: Arial, Helvetica, sans-serif; font-size: small;\">Sustav GoTech-I prepoznaje se po svojoj izvanrednoj preciznosti upravljanja. Bilo da navigirate kroz uske luke ili prostrane vode, hidrauli\u010dki sustav radi besprijekorno i brzo, pretvaraju\u0107i va\u0161e pokrete u brze i precizne reakcije \u010damca. Ova pouzdanost je sustavu donijela zna\u010dajno priznanje me\u0111u mornarima.<\/p>\n<p style=\"color: rgb(34, 34, 34); font-family: Arial, Helvetica, sans-serif; font-size: small;\"><strong>Vi\u0161enamjenskost i jednostavna instalacija<\/strong><\/p>\n<p style=\"color: rgb(34, 34, 34); font-family: Arial, Helvetica, sans-serif; font-size: small;\">Ultraflex GoTech-I dovoljno je svestran da se prilagodi razli\u010ditim vrstama \u010damaca. Njegove kompaktne dimenzije cilindra i volana olak\u0161avaju instalaciju gotovo bilo gdje, a cijeli proces sastavljanja je jednostavan i direktan. Potpuni set omogu\u0107ava brzu postavu, omogu\u0107uju\u0107i vam da se usredoto\u010dite na u\u017eivanje u vremenu provedenom na vodi.<\/p>\n<p style=\"color: rgb(34, 34, 34); font-family: Arial, Helvetica, sans-serif; font-size: small;\"><strong>Osmi\u0161ljen za trajnost<\/strong><\/p>\n<p style=\"color: rgb(34, 34, 34); font-family: Arial, Helvetica, sans-serif; font-size: small;\">Plovna oprema mora biti pouzdana i \u010dvrsta, a GoTech-I to osigurava. Koriste\u0107i visokokvalitetne materijale poput nehr\u0111aju\u0107eg \u010delika i specijaliziranog hidrauli\u010dnog ulja, sustav podnosi intenzivnu upotrebu i te\u0161ke vremenske uvjete. To je investicija koja jam\u010di mir uma tijekom mnogih sezona unaprijed.<\/p>\n","protected":false},"excerpt":{"rendered":"<p>Hidraulicno upravljanje Ultraflex Gotech &#8211; S ponosom predstavljamo Gotech sustav upravljanja, izra\u0111en posebno za izvanbrodske motore snage do 115 HP.<\/p>\n","protected":false},"featured_media":5948474,"comment_status":"open","ping_status":"closed","template":"","meta":[],"product_brand":[3501],"product_cat":[1823],"product_tag":[],"class_list":{"0":"post-745265","1":"product","2":"type-product","3":"status-publish","4":"has-post-thumbnail","6":"product_brand-ultraflex-uflex-hr","7":"product_cat-hidraulicno-kormilarenje","9":"first","10":"instock","11":"shipping-taxable","12":"purchasable","13":"product-type-simple"},"_links":{"self":[{"href":"https:\/\/stoic-curie.212-227-153-4.plesk.page\/hr\/wp-json\/wp\/v2\/product\/745265","targetHints":{"allow":["GET"]}}],"collection":[{"href":"https:\/\/stoic-curie.212-227-153-4.plesk.page\/hr\/wp-json\/wp\/v2\/product"}],"about":[{"href":"https:\/\/stoic-curie.212-227-153-4.plesk.page\/hr\/wp-json\/wp\/v2\/types\/product"}],"replies":[{"embeddable":true,"href":"https:\/\/stoic-curie.212-227-153-4.plesk.page\/hr\/wp-json\/wp\/v2\/comments?post=745265"}],"version-history":[{"count":0,"href":"https:\/\/stoic-curie.212-227-153-4.plesk.page\/hr\/wp-json\/wp\/v2\/product\/745265\/revisions"}],"wp:featuredmedia":[{"embeddable":true,"href":"https:\/\/stoic-curie.212-227-153-4.plesk.page\/hr\/wp-json\/wp\/v2\/media\/5948474"}],"wp:attachment":[{"href":"https:\/\/stoic-curie.212-227-153-4.plesk.page\/hr\/wp-json\/wp\/v2\/media?parent=745265"}],"wp:term":[{"taxonomy":"product_brand","embeddable":true,"href":"https:\/\/stoic-curie.212-227-153-4.plesk.page\/hr\/wp-json\/wp\/v2\/product_brand?post=745265"},{"taxonomy":"product_cat","embeddable":true,"href":"https:\/\/stoic-curie.212-227-153-4.plesk.page\/hr\/wp-json\/wp\/v2\/product_cat?post=745265"},{"taxonomy":"product_tag","embeddable":true,"href":"https:\/\/stoic-curie.212-227-153-4.plesk.page\/hr\/wp-json\/wp\/v2\/product_tag?post=745265"}],"curies":[{"name":"wp","href":"https:\/\/api.w.org\/{rel}","templated":true}]}}