{"id":745268,"date":"2025-03-03T20:11:49","date_gmt":"2025-03-03T19:11:49","guid":{"rendered":"https:\/\/stoic-curie.212-227-153-4.plesk.page\/producto\/hidraulicni-cilindar-ultraflex-uc95-obf-1\/"},"modified":"2026-02-25T00:01:22","modified_gmt":"2026-02-25T00:01:22","slug":"hidraulicni-cilindar-ultraflex-uc95-obf-1","status":"publish","type":"product","link":"https:\/\/stoic-curie.212-227-153-4.plesk.page\/hr\/product\/hidraulicni-cilindar-ultraflex-uc95-obf-1\/","title":{"rendered":"Hidraulicni cilindar Ultraflex UC95-OBF\/1"},"content":{"rendered":"<p>Hidraulicni cilindar Ultraflex UC95-OBF\/1 &#8211; <\/p>\n<p><strong>UC95-OBF\/1 \u2013 OBF\/2 \u2013 OBF\/3: Uravnote\u017eena izvedba<\/strong><\/p>\n<ul>\n<li>Broj okretaja kota\u010da od zaklju\u010davanja do zaklju\u010davanja je jednak s lijeve i desne strane.<\/li>\n<li>Posjeduje podesive nosa\u010de stil boss za neovisnu instalaciju.<\/li>\n<li>Opremljen je visokotla\u010dnim spojnim vijakom od nehr\u0111aju\u0107eg \u010delika (ULTRABOLT).<\/li>\n<li>Uklju\u010duje zamjenjive \u010depove cilindra.<\/li>\n<\/ul>\n<p><strong>Inovativni dizajn (patentirano):<\/strong><\/p>\n<ul>\n<li>Razdvojena i pri\u010dvr\u0161\u0107ena osovina cilindra pojednostavljuje instalaciju i uklju\u010duje le\u017eajeve za smanjenje trenja s cijevi za nagib motora.<\/li>\n<li><strong>Primjene:<\/strong><br \/>UC95-OBF prednji cilinder mount idealan je za vanbrodske motore do 175 KS i \u010damce koji ne prelaze 55 mph (48 \u010dvorova).\n<ul>\n<li>Nije pogodna za natjecateljske primjene.<\/li>\n<\/ul>\n<\/li>\n<\/ul>\n<p><strong>Tehni\u010dke specifikacije:<\/strong><\/p>\n<ul>\n<li>Zapo\u010detak: 95 cc (5.8 cu in)<\/li>\n<li>Izlazna sila: 278 kg (613 lbs)<\/li>\n<li>Unutarnji promjer: 30 mm (1.18 in)<\/li>\n<li>Hod: 186 mm (7.3 in)<\/li>\n<li>Nosa\u010di za visokotla\u010dne fleksibilne cijevi: 3\/8 in<\/li>\n<li>Ventili za ispu\u0161tanje: DN5 brza veza<\/li>\n<\/ul>\n","protected":false},"excerpt":{"rendered":"<p>Hidraulicni cilindar Ultraflex UC95-OBF\/1 &#8211; UC95-OBF\/1 \u2013 OBF\/2 \u2013 OBF\/3: Uravnote\u017eena izvedba Broj okretaja kota\u010da od zaklju\u010davanja do zaklju\u010davanja je<\/p>\n","protected":false},"featured_media":5948482,"comment_status":"open","ping_status":"closed","template":"","meta":[],"product_brand":[3501],"product_cat":[1823],"product_tag":[],"class_list":{"0":"post-745268","1":"product","2":"type-product","3":"status-publish","4":"has-post-thumbnail","6":"product_brand-ultraflex-uflex-hr","7":"product_cat-hidraulicno-kormilarenje","9":"first","10":"instock","11":"shipping-taxable","12":"purchasable","13":"product-type-simple"},"_links":{"self":[{"href":"https:\/\/stoic-curie.212-227-153-4.plesk.page\/hr\/wp-json\/wp\/v2\/product\/745268","targetHints":{"allow":["GET"]}}],"collection":[{"href":"https:\/\/stoic-curie.212-227-153-4.plesk.page\/hr\/wp-json\/wp\/v2\/product"}],"about":[{"href":"https:\/\/stoic-curie.212-227-153-4.plesk.page\/hr\/wp-json\/wp\/v2\/types\/product"}],"replies":[{"embeddable":true,"href":"https:\/\/stoic-curie.212-227-153-4.plesk.page\/hr\/wp-json\/wp\/v2\/comments?post=745268"}],"version-history":[{"count":0,"href":"https:\/\/stoic-curie.212-227-153-4.plesk.page\/hr\/wp-json\/wp\/v2\/product\/745268\/revisions"}],"wp:featuredmedia":[{"embeddable":true,"href":"https:\/\/stoic-curie.212-227-153-4.plesk.page\/hr\/wp-json\/wp\/v2\/media\/5948482"}],"wp:attachment":[{"href":"https:\/\/stoic-curie.212-227-153-4.plesk.page\/hr\/wp-json\/wp\/v2\/media?parent=745268"}],"wp:term":[{"taxonomy":"product_brand","embeddable":true,"href":"https:\/\/stoic-curie.212-227-153-4.plesk.page\/hr\/wp-json\/wp\/v2\/product_brand?post=745268"},{"taxonomy":"product_cat","embeddable":true,"href":"https:\/\/stoic-curie.212-227-153-4.plesk.page\/hr\/wp-json\/wp\/v2\/product_cat?post=745268"},{"taxonomy":"product_tag","embeddable":true,"href":"https:\/\/stoic-curie.212-227-153-4.plesk.page\/hr\/wp-json\/wp\/v2\/product_tag?post=745268"}],"curies":[{"name":"wp","href":"https:\/\/api.w.org\/{rel}","templated":true}]}}