{"id":745269,"date":"2025-03-03T20:11:49","date_gmt":"2025-03-03T19:11:49","guid":{"rendered":"https:\/\/stoic-curie.212-227-153-4.plesk.page\/producto\/hidraulicni-cilindar-ultraflex-uc95-obf-3\/"},"modified":"2026-02-25T00:01:22","modified_gmt":"2026-02-25T00:01:22","slug":"hidraulicni-cilindar-ultraflex-uc95-obf-3","status":"publish","type":"product","link":"https:\/\/stoic-curie.212-227-153-4.plesk.page\/hr\/product\/hidraulicni-cilindar-ultraflex-uc95-obf-3\/","title":{"rendered":"Hidraulicni cilindar Ultraflex UC95-OBF\/3"},"content":{"rendered":"<p>Hidraulicni cilindar Ultraflex UC95-OBF\/3 &#8211; <\/p>\n<p style=\"color: rgb(34, 34, 34); font-family: Arial, Helvetica, sans-serif; font-size: small;\"><strong>UC95-OBF\/3: Optimizirana izvedba<\/strong><\/p>\n<ul style=\"color: rgb(34, 34, 34); font-family: Arial, Helvetica, sans-serif; font-size: small;\">\n<li>Broj okretaja kota\u010da od jednog do drugog kraja je dosljedan s obje strane (na portu i na desnoj strani).<\/li>\n<li>Uklju\u010duje podesive nosa\u010de za jednostavnu instalaciju.<\/li>\n<li>Dolazi s visokotla\u010dnim spojnim vijekom od nehr\u0111aju\u0107eg \u010delika (ULTRABOLT).<\/li>\n<li>Obuhva\u0107a zamjenjive zavr\u0161ne kapice za cilindar.<\/li>\n<\/ul>\n<p style=\"color: rgb(34, 34, 34); font-family: Arial, Helvetica, sans-serif; font-size: small;\"><strong>Inovativni dizajn (patentiran):<\/strong><\/p>\n<ul style=\"color: rgb(34, 34, 34); font-family: Arial, Helvetica, sans-serif; font-size: small;\">\n<li>Podijeljena i zakovica montirana \u0161ipka za cilindar pojednostavljuje instalaciju i uklju\u010duje le\u017eajeve za minimiziranje trenja s cijevi za nagib motora.<\/li>\n<li><strong>Primjene:<\/strong><br \/>Cilindar UC95-OBF prednjeg monta\u017ee idealan je za vanbrodske motore do 175 KS i \u010damce koji ne prema\u0161uju 55 mph (48 \u010dvorova).\n<ul>\n<li>Ne preporu\u010duje se za utrke.<\/li>\n<\/ul>\n<\/li>\n<\/ul>\n<p style=\"color: rgb(34, 34, 34); font-family: Arial, Helvetica, sans-serif; font-size: small;\"><strong>Specifikacije:<\/strong><\/p>\n<ul style=\"color: rgb(34, 34, 34); font-family: Arial, Helvetica, sans-serif; font-size: small;\">\n<li>Zapremina: 95 cc (5,8 cu in)<\/li>\n<li>Izlazna sila: 278 kg (613 lbs)<\/li>\n<li>Unutarnji promjer: 30 mm (1,18 in)<\/li>\n<li>Hod: 186 mm (7,3 in)<\/li>\n<li>Povezivanje visokotla\u010dnih fleksibilnih crijeva: 3\/8 in<\/li>\n<li>Povezivanja za ispu\u0161tanje: DN5 brza povezivanja<\/li>\n<\/ul>\n","protected":false},"excerpt":{"rendered":"<p>Hidraulicni cilindar Ultraflex UC95-OBF\/3 &#8211; UC95-OBF\/3: Optimizirana izvedba Broj okretaja kota\u010da od jednog do drugog kraja je dosljedan s obje<\/p>\n","protected":false},"featured_media":5948483,"comment_status":"open","ping_status":"closed","template":"","meta":[],"product_brand":[3501],"product_cat":[1823],"product_tag":[],"class_list":{"0":"post-745269","1":"product","2":"type-product","3":"status-publish","4":"has-post-thumbnail","6":"product_brand-ultraflex-uflex-hr","7":"product_cat-hidraulicno-kormilarenje","9":"first","10":"instock","11":"shipping-taxable","12":"purchasable","13":"product-type-simple"},"_links":{"self":[{"href":"https:\/\/stoic-curie.212-227-153-4.plesk.page\/hr\/wp-json\/wp\/v2\/product\/745269","targetHints":{"allow":["GET"]}}],"collection":[{"href":"https:\/\/stoic-curie.212-227-153-4.plesk.page\/hr\/wp-json\/wp\/v2\/product"}],"about":[{"href":"https:\/\/stoic-curie.212-227-153-4.plesk.page\/hr\/wp-json\/wp\/v2\/types\/product"}],"replies":[{"embeddable":true,"href":"https:\/\/stoic-curie.212-227-153-4.plesk.page\/hr\/wp-json\/wp\/v2\/comments?post=745269"}],"version-history":[{"count":0,"href":"https:\/\/stoic-curie.212-227-153-4.plesk.page\/hr\/wp-json\/wp\/v2\/product\/745269\/revisions"}],"wp:featuredmedia":[{"embeddable":true,"href":"https:\/\/stoic-curie.212-227-153-4.plesk.page\/hr\/wp-json\/wp\/v2\/media\/5948483"}],"wp:attachment":[{"href":"https:\/\/stoic-curie.212-227-153-4.plesk.page\/hr\/wp-json\/wp\/v2\/media?parent=745269"}],"wp:term":[{"taxonomy":"product_brand","embeddable":true,"href":"https:\/\/stoic-curie.212-227-153-4.plesk.page\/hr\/wp-json\/wp\/v2\/product_brand?post=745269"},{"taxonomy":"product_cat","embeddable":true,"href":"https:\/\/stoic-curie.212-227-153-4.plesk.page\/hr\/wp-json\/wp\/v2\/product_cat?post=745269"},{"taxonomy":"product_tag","embeddable":true,"href":"https:\/\/stoic-curie.212-227-153-4.plesk.page\/hr\/wp-json\/wp\/v2\/product_tag?post=745269"}],"curies":[{"name":"wp","href":"https:\/\/api.w.org\/{rel}","templated":true}]}}