{"id":745271,"date":"2025-03-03T20:11:50","date_gmt":"2025-03-03T19:11:50","guid":{"rendered":"https:\/\/stoic-curie.212-227-153-4.plesk.page\/producto\/hidraulicni-cilindar-ultraflex-uc128-obf-1\/"},"modified":"2026-02-25T00:01:22","modified_gmt":"2026-02-25T00:01:22","slug":"hidraulicni-cilindar-ultraflex-uc128-obf-1","status":"publish","type":"product","link":"https:\/\/stoic-curie.212-227-153-4.plesk.page\/hr\/product\/hidraulicni-cilindar-ultraflex-uc128-obf-1\/","title":{"rendered":"Hidrauli\u010dki cilindar Ultraflex UC128-OBF\/1"},"content":{"rendered":"<p>Hidrauli\u010dki cilindar Ultraflex UC128-OBF\/1 &#8211; <\/p>\n<p style=\"color: rgb(34, 34, 34); font-family: Arial, Helvetica, sans-serif; font-size: small;\"><strong>UC128-OBF prednja monta\u017ena cilindar<\/strong><\/p>\n<p style=\"color: rgb(34, 34, 34); font-family: Arial, Helvetica, sans-serif; font-size: small;\">UC128-OBF je dobro izbalansirani prednji monta\u017eni cilindar, koji osigurava da je broj okretaja kota\u010da od zaklju\u010davanja do zaklju\u010davanja identi\u010dan na lijevoj i desnoj strani.<\/p>\n<p style=\"color: rgb(34, 34, 34); font-family: Arial, Helvetica, sans-serif; font-size: small;\"><strong>Klju\u010dne zna\u010dajke:<\/strong><\/p>\n<ul style=\"color: rgb(34, 34, 34); font-family: Arial, Helvetica, sans-serif; font-size: small;\">\n<li>Upravlja\u010dki spojno prstenje za laku instalaciju<\/li>\n<li>\u010cvrsta spojna vijak od nehr\u0111aju\u0107eg \u010delika (ULTRABOLT)<\/li>\n<li>Zamjenjivi zavr\u0161ni poklopci za jednostavno odr\u017eavanje<\/li>\n<\/ul>\n<p style=\"color: rgb(34, 34, 34); font-family: Arial, Helvetica, sans-serif; font-size: small;\">UC128-OBF\/1 cilindar opremljen je \u010dvrstim klipom od nehr\u0111aju\u0107eg \u010delika, jakim brtvama i veznim sklopovima. Dizajniran je za jednostavnu instalaciju i kompatibilan je s gotovo svim dostupnim dvotaktnim i \u010detverotaktnim vanbrodskim motorima na tr\u017ei\u0161tu danas.<\/p>\n<p style=\"color: rgb(34, 34, 34); font-family: Arial, Helvetica, sans-serif; font-size: small;\">Ovaj cilindar preporu\u010duje se za kori\u0161tenje s UP25, UP28, UP33 i UP39 serijama upravlja\u010da, zajedno s unaprijed sastavljenim crijevima (Kit OB i Kit OB\/R5). Za postavke koje zahtijevaju dva UC128-OBF cilindra, potrebno je kupiti jedan standardni UC128-OBF cilindar (s povezivom rukom na desnoj strani) i jedan UC128P-OBF cilindar (s povezivom rukom na lijevoj strani). Molimo konzultirajte odjeljak za vezne \u0161ipke kako biste odabrali pravi model za konfiguracije s dva motora i dva cilindra.<\/p>\n<p style=\"color: rgb(34, 34, 34); font-family: Arial, Helvetica, sans-serif; font-size: small;\"><strong>Primjene:<\/strong>&nbsp;UC128-OBF prednji monta\u017eni cilindar nije dizajniran za instalacije gdje brzine \u010damca prema\u0161uju 55 mph (48 \u010dvorova) ili 65 mph (56 \u010dvorova) u scenarijima s dvojim motorima, dvojim cilindrima i motorima koji se suprotno okre\u0107u. Nije prikladan za utrkivanje.<\/p>\n<p style=\"color: rgb(34, 34, 34); font-family: Arial, Helvetica, sans-serif; font-size: small;\"><strong>Tehni\u010dke specifikacije:<\/strong><\/p>\n<ul style=\"color: rgb(34, 34, 34); font-family: Arial, Helvetica, sans-serif; font-size: small;\">\n<li>Zapremina: 120 cc (7.3 cu.in)<\/li>\n<li>Izlazna sila: 450 kg (992 lbs)<\/li>\n<li>Unutarnji promjer: 35 mm (1.37&#8243; )<\/li>\n<li>Udar: 185 mm (7.28&#8243; )<\/li>\n<li>Priklju\u010dci za visokotla\u010dna fleksibilna crijeva: 3\/8&#8243;<\/li>\n<li>Priklju\u010dci za ispu\u0161tanje: DN5 brza spojka<\/li>\n<\/ul>\n","protected":false},"excerpt":{"rendered":"<p>Hidrauli\u010dki cilindar Ultraflex UC128-OBF\/1 &#8211; UC128-OBF prednja monta\u017ena cilindar UC128-OBF je dobro izbalansirani prednji monta\u017eni cilindar, koji osigurava da je<\/p>\n","protected":false},"featured_media":5948488,"comment_status":"open","ping_status":"closed","template":"","meta":[],"product_brand":[3501],"product_cat":[1823],"product_tag":[],"class_list":{"0":"post-745271","1":"product","2":"type-product","3":"status-publish","4":"has-post-thumbnail","6":"product_brand-ultraflex-uflex-hr","7":"product_cat-hidraulicno-kormilarenje","9":"first","10":"instock","11":"shipping-taxable","12":"purchasable","13":"product-type-simple"},"_links":{"self":[{"href":"https:\/\/stoic-curie.212-227-153-4.plesk.page\/hr\/wp-json\/wp\/v2\/product\/745271","targetHints":{"allow":["GET"]}}],"collection":[{"href":"https:\/\/stoic-curie.212-227-153-4.plesk.page\/hr\/wp-json\/wp\/v2\/product"}],"about":[{"href":"https:\/\/stoic-curie.212-227-153-4.plesk.page\/hr\/wp-json\/wp\/v2\/types\/product"}],"replies":[{"embeddable":true,"href":"https:\/\/stoic-curie.212-227-153-4.plesk.page\/hr\/wp-json\/wp\/v2\/comments?post=745271"}],"version-history":[{"count":0,"href":"https:\/\/stoic-curie.212-227-153-4.plesk.page\/hr\/wp-json\/wp\/v2\/product\/745271\/revisions"}],"wp:featuredmedia":[{"embeddable":true,"href":"https:\/\/stoic-curie.212-227-153-4.plesk.page\/hr\/wp-json\/wp\/v2\/media\/5948488"}],"wp:attachment":[{"href":"https:\/\/stoic-curie.212-227-153-4.plesk.page\/hr\/wp-json\/wp\/v2\/media?parent=745271"}],"wp:term":[{"taxonomy":"product_brand","embeddable":true,"href":"https:\/\/stoic-curie.212-227-153-4.plesk.page\/hr\/wp-json\/wp\/v2\/product_brand?post=745271"},{"taxonomy":"product_cat","embeddable":true,"href":"https:\/\/stoic-curie.212-227-153-4.plesk.page\/hr\/wp-json\/wp\/v2\/product_cat?post=745271"},{"taxonomy":"product_tag","embeddable":true,"href":"https:\/\/stoic-curie.212-227-153-4.plesk.page\/hr\/wp-json\/wp\/v2\/product_tag?post=745271"}],"curies":[{"name":"wp","href":"https:\/\/api.w.org\/{rel}","templated":true}]}}