{"id":745272,"date":"2025-03-03T20:11:50","date_gmt":"2025-03-03T19:11:50","guid":{"rendered":"https:\/\/stoic-curie.212-227-153-4.plesk.page\/producto\/hidraulicni-cilindar-ultraflex-uc128-obf-2\/"},"modified":"2026-02-25T00:01:22","modified_gmt":"2026-02-25T00:01:22","slug":"hidraulicni-cilindar-ultraflex-uc128-obf-2","status":"publish","type":"product","link":"https:\/\/stoic-curie.212-227-153-4.plesk.page\/hr\/product\/hidraulicni-cilindar-ultraflex-uc128-obf-2\/","title":{"rendered":"Hidrauli\u010dni cilindar Ultraflex UC128-OBF\/2"},"content":{"rendered":"<p>Hidrauli\u010dni cilindar Ultraflex UC128-OBF\/2 &#8211; <\/p>\n<p><strong>UC128-OBF\/2 Prednji monta\u017eni cilindar<\/strong><\/p>\n<p>UC128-OBF je dobro konstruiran prednji monta\u017eni cilindar koji osigurava da broj okretaja kota\u010da od jednog zaklju\u010davanja do drugog bude isti s portne i s brodske strane.<\/p>\n<p><strong>Klju\u010dne zna\u010dajke:<\/strong><\/p>\n<ul>\n<li>Podesivi spojni elementi za jednostavnu instalaciju<\/li>\n<li>Izdr\u017eljiva spojna vijak od nehr\u0111aju\u0107eg \u010delika (ULTRABOLT)<\/li>\n<li>Zamjenjive \u010depove za jednostavno odr\u017eavanje<\/li>\n<\/ul>\n<p>Ovaj UC128-OBF cilindar dolazi s robusnom \u0161ipkom od nehr\u0111aju\u0107eg \u010delika, pouzdanim brtvama i spojnim sklopovima. Dizajniran je za jednostavnu instalaciju i kompatibilan je s gotovo svim dostupnim vanbrodskim motorima na 2 i 4 takta koji su trenutno na tr\u017ei\u0161tu.<\/p>\n<p>Preporu\u010duje se za kori\u0161tenje s UP25, UP28, UP33 i UP39 serijama kormila, zajedno s unaprijed sastavljenim crijevima (Kit OB i Kit OB\/R5). Za konfiguracije koje zahtijevaju dva UC128-OBF cilindra, trebate nabaviti jedan standardni UC128-OBF cilindar (s povezom na brodskoj strani) i jedan port UC128P-OBF cilindar (s povezom na portnoj strani). Molimo vas da se posavjetujete s odjeljkom za veze kako biste odabrali odgovaraju\u0107i model za dvostruke motore i dvostruke cilindre.<\/p>\n<p><strong>Primjene:<\/strong> UC128-OBF prednji monta\u017eni cilindar nije namijenjen za instalacije gdje brzine \u010damca prelaze 55 mph (48 \u010dvorova) ili 65 mph (56 \u010dvorova) u dvostrukim motorima, dvostrukim cilindrima i aplikacijama s kontra-rotacijom motora. Nije dizajniran za kori\u0161tenje u utrkama.<\/p>\n<p><strong>Tehni\u010dke specifikacije:<\/strong><\/p>\n<ul>\n<li>Volumen: 120 cc (7.3 cu.in)<\/li>\n<li>Izlazna sila: 450 kg (992 lbs)<\/li>\n<li>Unutarnji promjer: 35 mm (1.37&#8243;)<\/li>\n<li>Hod: 185 mm (7.28&#8243;)<\/li>\n<li>Priklju\u010dci za visoko-pritisna fleksibilna crijeva: 3\/8&#8243;<\/li>\n<li>Bleed priklju\u010dci: DN5 brza veza<\/li>\n<\/ul>\n","protected":false},"excerpt":{"rendered":"<p>Hidrauli\u010dni cilindar Ultraflex UC128-OBF\/2 &#8211; UC128-OBF\/2 Prednji monta\u017eni cilindar UC128-OBF je dobro konstruiran prednji monta\u017eni cilindar koji osigurava da broj<\/p>\n","protected":false},"featured_media":5948497,"comment_status":"open","ping_status":"closed","template":"","meta":[],"product_brand":[3501],"product_cat":[1823],"product_tag":[],"class_list":{"0":"post-745272","1":"product","2":"type-product","3":"status-publish","4":"has-post-thumbnail","6":"product_brand-ultraflex-uflex-hr","7":"product_cat-hidraulicno-kormilarenje","9":"first","10":"instock","11":"shipping-taxable","12":"purchasable","13":"product-type-simple"},"_links":{"self":[{"href":"https:\/\/stoic-curie.212-227-153-4.plesk.page\/hr\/wp-json\/wp\/v2\/product\/745272","targetHints":{"allow":["GET"]}}],"collection":[{"href":"https:\/\/stoic-curie.212-227-153-4.plesk.page\/hr\/wp-json\/wp\/v2\/product"}],"about":[{"href":"https:\/\/stoic-curie.212-227-153-4.plesk.page\/hr\/wp-json\/wp\/v2\/types\/product"}],"replies":[{"embeddable":true,"href":"https:\/\/stoic-curie.212-227-153-4.plesk.page\/hr\/wp-json\/wp\/v2\/comments?post=745272"}],"version-history":[{"count":0,"href":"https:\/\/stoic-curie.212-227-153-4.plesk.page\/hr\/wp-json\/wp\/v2\/product\/745272\/revisions"}],"wp:featuredmedia":[{"embeddable":true,"href":"https:\/\/stoic-curie.212-227-153-4.plesk.page\/hr\/wp-json\/wp\/v2\/media\/5948497"}],"wp:attachment":[{"href":"https:\/\/stoic-curie.212-227-153-4.plesk.page\/hr\/wp-json\/wp\/v2\/media?parent=745272"}],"wp:term":[{"taxonomy":"product_brand","embeddable":true,"href":"https:\/\/stoic-curie.212-227-153-4.plesk.page\/hr\/wp-json\/wp\/v2\/product_brand?post=745272"},{"taxonomy":"product_cat","embeddable":true,"href":"https:\/\/stoic-curie.212-227-153-4.plesk.page\/hr\/wp-json\/wp\/v2\/product_cat?post=745272"},{"taxonomy":"product_tag","embeddable":true,"href":"https:\/\/stoic-curie.212-227-153-4.plesk.page\/hr\/wp-json\/wp\/v2\/product_tag?post=745272"}],"curies":[{"name":"wp","href":"https:\/\/api.w.org\/{rel}","templated":true}]}}