{"id":745275,"date":"2025-03-03T20:11:51","date_gmt":"2025-03-03T19:11:51","guid":{"rendered":"https:\/\/stoic-curie.212-227-153-4.plesk.page\/producto\/hidraulicna-pumpa-ultraflex-up28f\/"},"modified":"2026-02-25T00:01:22","modified_gmt":"2026-02-25T00:01:22","slug":"hidraulicna-pumpa-ultraflex-up28f","status":"publish","type":"product","link":"https:\/\/stoic-curie.212-227-153-4.plesk.page\/hr\/product\/hidraulicna-pumpa-ultraflex-up28f\/","title":{"rendered":"Hidraulicna pumpa Ultraflex up28f"},"content":{"rendered":"<p>Hidraulicna pumpa Ultraflex up28f &#8211; <\/p>\n<p>Ultraflex hidrauli\u010dni sustav upravljanja s kru\u017enom glavom za \u010damac do 12 metara. Sastoji se od zasebno prodavanih dijelova: 1 kom &#8211; UC215 cilindar s maksimalnim momentom od 111 Kgm 1 kom &#8211; UP28F pumpa volana s NR ventilom (7,6 okretaja volana od kraja do kraja s UC215 cilindrom) 1 kom &#8211; UP33F pumpa volana s NR ventilom (6,5 okretaja volana od kraja do kraja s UC215 cilindrom) 1 kom &#8211; UP39F pumpa volana s NR ventilom (5,5 okretaja volana od kraja do kraja s UC215 cilindrom) 2 kom &#8211; Fitinge za cijev promjera 5\/16 2 L &#8211; Hidrauli\u010dno ulje 5\/16 Hidrauli\u010dna cijev po paketu<\/p>\n","protected":false},"excerpt":{"rendered":"<p>Hidraulicna pumpa Ultraflex up28f &#8211; Ultraflex hidrauli\u010dni sustav upravljanja s kru\u017enom glavom za \u010damac do 12 metara. Sastoji se od<\/p>\n","protected":false},"featured_media":5948498,"comment_status":"open","ping_status":"closed","template":"","meta":[],"product_brand":[3501],"product_cat":[1823],"product_tag":[],"class_list":{"0":"post-745275","1":"product","2":"type-product","3":"status-publish","4":"has-post-thumbnail","6":"product_brand-ultraflex-uflex-hr","7":"product_cat-hidraulicno-kormilarenje","9":"first","10":"instock","11":"shipping-taxable","12":"purchasable","13":"product-type-simple"},"_links":{"self":[{"href":"https:\/\/stoic-curie.212-227-153-4.plesk.page\/hr\/wp-json\/wp\/v2\/product\/745275","targetHints":{"allow":["GET"]}}],"collection":[{"href":"https:\/\/stoic-curie.212-227-153-4.plesk.page\/hr\/wp-json\/wp\/v2\/product"}],"about":[{"href":"https:\/\/stoic-curie.212-227-153-4.plesk.page\/hr\/wp-json\/wp\/v2\/types\/product"}],"replies":[{"embeddable":true,"href":"https:\/\/stoic-curie.212-227-153-4.plesk.page\/hr\/wp-json\/wp\/v2\/comments?post=745275"}],"version-history":[{"count":0,"href":"https:\/\/stoic-curie.212-227-153-4.plesk.page\/hr\/wp-json\/wp\/v2\/product\/745275\/revisions"}],"wp:featuredmedia":[{"embeddable":true,"href":"https:\/\/stoic-curie.212-227-153-4.plesk.page\/hr\/wp-json\/wp\/v2\/media\/5948498"}],"wp:attachment":[{"href":"https:\/\/stoic-curie.212-227-153-4.plesk.page\/hr\/wp-json\/wp\/v2\/media?parent=745275"}],"wp:term":[{"taxonomy":"product_brand","embeddable":true,"href":"https:\/\/stoic-curie.212-227-153-4.plesk.page\/hr\/wp-json\/wp\/v2\/product_brand?post=745275"},{"taxonomy":"product_cat","embeddable":true,"href":"https:\/\/stoic-curie.212-227-153-4.plesk.page\/hr\/wp-json\/wp\/v2\/product_cat?post=745275"},{"taxonomy":"product_tag","embeddable":true,"href":"https:\/\/stoic-curie.212-227-153-4.plesk.page\/hr\/wp-json\/wp\/v2\/product_tag?post=745275"}],"curies":[{"name":"wp","href":"https:\/\/api.w.org\/{rel}","templated":true}]}}