{"id":745276,"date":"2025-03-03T20:11:51","date_gmt":"2025-03-03T19:11:51","guid":{"rendered":"https:\/\/stoic-curie.212-227-153-4.plesk.page\/producto\/ultraflex-x72\/"},"modified":"2026-02-25T00:01:22","modified_gmt":"2026-02-25T00:01:22","slug":"ultraflex-x72","status":"publish","type":"product","link":"https:\/\/stoic-curie.212-227-153-4.plesk.page\/hr\/product\/ultraflex-x72\/","title":{"rendered":"Ultraflex X72"},"content":{"rendered":"<p>Ultraflex X72 &#8211; <\/p>\n<p>Sistem upravljanja SilverSteer visokih performansi za vanbrodske motore vi\u0161e od 300 KS. Povezivanje motora izra\u0111eno je od visokotla\u010dnog nehr\u0111aju\u0107eg \u010delika (Ultrabolt). Sastoji se od odvojenih prodajnih dijelova:<br \/>1 kom UP28F-SVS pumpa volana (Cod MTM 4655501) s 4,6 okretaja od kraja do kraja ili 1 kom UP33F-SVS pumpa volana (Cod MTM 4655502) s 3,9 punim okretima lijevo\/desno. Pumpice volana dolaze s ventilom povratnog toka i ventilom za\u0161tite od preoptere\u0107enja.<br \/>1 kom UC130\/1-SVS cilindar (Cod MTM 4655511) ili 1 kom UC130\/2-SVS cilindar (Cod MTM 4655512); 1 kom set crijeva OB-SVS; 2 l hidrauli\u010dne ulja. Dva cilindra UC130\/1-SVS i UC130\/2-SVS razlikuju se po motornoj vezi:<br \/>&#8211; UC130\/1 (Cod MTM 4655511) je namijenjen: Mercury 2 i 4T od 135 do 300 KS &#8211; Yamaha 4T od 150 do 350 KS &#8211; Honda 4T od 150 do 250 KS &#8211; Suzuki 4T od 100 do 175 KS<br \/>&#8211; UC130\/2 (Cod MTM 4655512) je namijenjen: Evinrude E 2T od 150 do 300 KS &#8211; Yamaha 2T od 150 do 300 KS &#8211; Suzuki 4T od 200 do 300 KS.<br \/>Set crijeva se sastoji od para visokotla\u010dnih 5\/16 crijeva oja\u010danih Kevlar mre\u017eom s prethodno stisnutim 10 mm spojnicama i oja\u010danim rukavima.<br \/>X72 sustav pode\u0161avanja kuta volana (Cod MTM 4655530) za Nautech i SilverSteer pumpe omogu\u0107ava 5 razli\u010ditih voza\u010dkih pozicija za ukupni kut od 60\u00b0.<br \/>Vanbrodska dvostruka veza A96 koristi se s jednim cilindrom UC130-SVS i 2 motora s razmakom kota\u010da 66-73 cm (4655055) ili 73-87 cm (4655057).<\/p>\n","protected":false},"excerpt":{"rendered":"<p>Ultraflex X72 &#8211; Sistem upravljanja SilverSteer visokih performansi za vanbrodske motore vi\u0161e od 300 KS. Povezivanje motora izra\u0111eno je od<\/p>\n","protected":false},"featured_media":5948501,"comment_status":"open","ping_status":"closed","template":"","meta":[],"product_brand":[3501],"product_cat":[1823],"product_tag":[],"class_list":{"0":"post-745276","1":"product","2":"type-product","3":"status-publish","4":"has-post-thumbnail","6":"product_brand-ultraflex-uflex-hr","7":"product_cat-hidraulicno-kormilarenje","9":"first","10":"instock","11":"shipping-taxable","12":"purchasable","13":"product-type-simple"},"_links":{"self":[{"href":"https:\/\/stoic-curie.212-227-153-4.plesk.page\/hr\/wp-json\/wp\/v2\/product\/745276","targetHints":{"allow":["GET"]}}],"collection":[{"href":"https:\/\/stoic-curie.212-227-153-4.plesk.page\/hr\/wp-json\/wp\/v2\/product"}],"about":[{"href":"https:\/\/stoic-curie.212-227-153-4.plesk.page\/hr\/wp-json\/wp\/v2\/types\/product"}],"replies":[{"embeddable":true,"href":"https:\/\/stoic-curie.212-227-153-4.plesk.page\/hr\/wp-json\/wp\/v2\/comments?post=745276"}],"version-history":[{"count":0,"href":"https:\/\/stoic-curie.212-227-153-4.plesk.page\/hr\/wp-json\/wp\/v2\/product\/745276\/revisions"}],"wp:featuredmedia":[{"embeddable":true,"href":"https:\/\/stoic-curie.212-227-153-4.plesk.page\/hr\/wp-json\/wp\/v2\/media\/5948501"}],"wp:attachment":[{"href":"https:\/\/stoic-curie.212-227-153-4.plesk.page\/hr\/wp-json\/wp\/v2\/media?parent=745276"}],"wp:term":[{"taxonomy":"product_brand","embeddable":true,"href":"https:\/\/stoic-curie.212-227-153-4.plesk.page\/hr\/wp-json\/wp\/v2\/product_brand?post=745276"},{"taxonomy":"product_cat","embeddable":true,"href":"https:\/\/stoic-curie.212-227-153-4.plesk.page\/hr\/wp-json\/wp\/v2\/product_cat?post=745276"},{"taxonomy":"product_tag","embeddable":true,"href":"https:\/\/stoic-curie.212-227-153-4.plesk.page\/hr\/wp-json\/wp\/v2\/product_tag?post=745276"}],"curies":[{"name":"wp","href":"https:\/\/api.w.org\/{rel}","templated":true}]}}