{"id":745277,"date":"2025-03-03T20:11:52","date_gmt":"2025-03-03T19:11:52","guid":{"rendered":"https:\/\/stoic-curie.212-227-153-4.plesk.page\/producto\/hidraulicna-pumpa-ultraflex-up28f-svs\/"},"modified":"2026-02-25T00:01:22","modified_gmt":"2026-02-25T00:01:22","slug":"hidraulicna-pumpa-ultraflex-up28f-svs","status":"publish","type":"product","link":"https:\/\/stoic-curie.212-227-153-4.plesk.page\/hr\/product\/hidraulicna-pumpa-ultraflex-up28f-svs\/","title":{"rendered":"Hidraulicna pumpa Ultraflex UP28F-SVS"},"content":{"rendered":"<p>Hidraulicna pumpa Ultraflex UP28F-SVS &#8211; <\/p>\n<p>UP28F &#8211; SVS \u2013 Prednji montirani volan za Ultraflex SilverSteer sustav upravljanja. ULTRAFLEX SilverSteer hidrauli\u010dni sustav upravljanja za vanbrodske motore do 350 HP<\/p>\n<p>Ova hidrauli\u010dna pumpa opremljena je ventilom za provjeru. Za odgovaraju\u0107e montirane flanse,<\/p>\n<table>\n<thead>\n<tr>\n<th><\/th>\n<th><\/th>\n<\/tr>\n<\/thead>\n<tbody>\n<tr>\n<td>Tip:<\/td>\n<td>UP28 FSVS<\/td>\n<\/tr>\n<tr>\n<td>Montiranje:<\/td>\n<td>Prednje<\/td>\n<\/tr>\n<tr>\n<td>Sposobnost (cc\/rev):<\/td>\n<td>28<\/td>\n<\/tr>\n<tr>\n<td>Broj klipova:<\/td>\n<td>5<\/td>\n<\/tr>\n<tr>\n<td>Pritisak (bar):<\/td>\n<td>105<\/td>\n<\/tr>\n<tr>\n<td>Maksimalni promjer volana (mm):<\/td>\n<td>710<\/td>\n<\/tr>\n<\/tbody>\n<\/table>\n<p>Ovaj volan dizajniran je s ugra\u0111enim zaklju\u010davaju\u0107im ventilom koji osigurava da je kormilo u pravilnom polo\u017eaju. Dodatno, posjeduje ventil za olak\u0161anje kako bi se izbjegli uvjeti prekomjernog pritiska. Izra\u0111en je s konusnom nehr\u0111aju\u0107om \u010deli\u010dnom osovinom promjera 3\/4\u2033 \u0161to pove\u0107ava snagu i trajnost.<\/p>\n<p>Dodatne karakteristike:<\/p>\n<p>Ventil za zaklju\u010davanje i brtva osovine lako su dostupni za jednostavnu zamjenu. Uklju\u010duje 90\u00b0 podesive priklju\u010dke kompatibilne s spojnicama promjera 3\/8\u201d. Ugra\u0111en je klizni le\u017eaj klipnog staze koji jam\u010di nesmetano funkcioniranje. Volan je izra\u0111en od lijevanog \u017eeljeza, \u0161to pobolj\u0161ava njegovu izdr\u017eljivost i dug \u017eivotni vijek. Kompatibilan je s X64 kvadratnim flansama i X57 okruglim flansama, omogu\u0107uju\u0107i ugradnju u intermedijarnu lokaciju instrument plo\u010de. Mehanizam nagiba pru\u017ea raspon od 60\u00b0 s pet zaklju\u010danih pozicija za dodatnu jednostavnost kori\u0161tenja.<\/p>\n<p>Tehni\u010dke specifikacije:<\/p>\n<ul>\n<li>Montiranje: Prednje montiranje<\/li>\n<li>Zapremina po revoluciji: 28 cc (1.7 cu.in)<\/li>\n<li>Broj klipova: 5<\/li>\n<li>Postavka ventila za olak\u0161anje: 70 Bar (1000 PSI)<\/li>\n<li>Maksimalni promjer volana: 710 mm (28\u201c)<\/li>\n<li>Te\u017eina: 5 kg (11 lbs)<\/li>\n<\/ul>\n","protected":false},"excerpt":{"rendered":"<p>Hidraulicna pumpa Ultraflex UP28F-SVS &#8211; UP28F &#8211; SVS \u2013 Prednji montirani volan za Ultraflex SilverSteer sustav upravljanja. ULTRAFLEX SilverSteer hidrauli\u010dni<\/p>\n","protected":false},"featured_media":5948502,"comment_status":"open","ping_status":"closed","template":"","meta":[],"product_brand":[3501],"product_cat":[1823],"product_tag":[],"class_list":{"0":"post-745277","1":"product","2":"type-product","3":"status-publish","4":"has-post-thumbnail","6":"product_brand-ultraflex-uflex-hr","7":"product_cat-hidraulicno-kormilarenje","9":"first","10":"instock","11":"shipping-taxable","12":"purchasable","13":"product-type-simple"},"_links":{"self":[{"href":"https:\/\/stoic-curie.212-227-153-4.plesk.page\/hr\/wp-json\/wp\/v2\/product\/745277","targetHints":{"allow":["GET"]}}],"collection":[{"href":"https:\/\/stoic-curie.212-227-153-4.plesk.page\/hr\/wp-json\/wp\/v2\/product"}],"about":[{"href":"https:\/\/stoic-curie.212-227-153-4.plesk.page\/hr\/wp-json\/wp\/v2\/types\/product"}],"replies":[{"embeddable":true,"href":"https:\/\/stoic-curie.212-227-153-4.plesk.page\/hr\/wp-json\/wp\/v2\/comments?post=745277"}],"version-history":[{"count":0,"href":"https:\/\/stoic-curie.212-227-153-4.plesk.page\/hr\/wp-json\/wp\/v2\/product\/745277\/revisions"}],"wp:featuredmedia":[{"embeddable":true,"href":"https:\/\/stoic-curie.212-227-153-4.plesk.page\/hr\/wp-json\/wp\/v2\/media\/5948502"}],"wp:attachment":[{"href":"https:\/\/stoic-curie.212-227-153-4.plesk.page\/hr\/wp-json\/wp\/v2\/media?parent=745277"}],"wp:term":[{"taxonomy":"product_brand","embeddable":true,"href":"https:\/\/stoic-curie.212-227-153-4.plesk.page\/hr\/wp-json\/wp\/v2\/product_brand?post=745277"},{"taxonomy":"product_cat","embeddable":true,"href":"https:\/\/stoic-curie.212-227-153-4.plesk.page\/hr\/wp-json\/wp\/v2\/product_cat?post=745277"},{"taxonomy":"product_tag","embeddable":true,"href":"https:\/\/stoic-curie.212-227-153-4.plesk.page\/hr\/wp-json\/wp\/v2\/product_tag?post=745277"}],"curies":[{"name":"wp","href":"https:\/\/api.w.org\/{rel}","templated":true}]}}