{"id":745279,"date":"2025-03-03T20:11:52","date_gmt":"2025-03-03T19:11:52","guid":{"rendered":"https:\/\/stoic-curie.212-227-153-4.plesk.page\/producto\/hidraulicni-cilindar-ultraflex-uc116-i\/"},"modified":"2026-02-25T00:01:22","modified_gmt":"2026-02-25T00:01:22","slug":"hidraulicni-cilindar-ultraflex-uc116-i","status":"publish","type":"product","link":"https:\/\/stoic-curie.212-227-153-4.plesk.page\/hr\/product\/hidraulicni-cilindar-ultraflex-uc116-i\/","title":{"rendered":"Hidraulicni cilindar Ultraflex uc116-i"},"content":{"rendered":"<p>Hidraulicni cilindar Ultraflex uc116-i &#8211; <\/p>\n<p>Ultraflex hidrauli\u010dki sustav upravljanja s armom za zup\u010danik i glavom s kugli\u010dnim zglobom za brodove du\u017eine do 9,5 metara. Sastoji se od zasebno prodavanih dijelova: 1 kom &#8211; UC116 cilindar s maksimalnim okretnim momentom od 58 Kgm 1 kom &#8211; UP25F pumpa volana s NR ventilom (4,6 okretaja volana od krajnjih do krajnjih sa UC116 cilindrom) 1 kom &#8211; UP28F pumpa volana s NR ventilom (4,1 okretaja volana od krajnjih do krajnjih sa UC116 cilindrom) 2 para &#8211; Priklju\u010dci za crijevo promjera 5\/16 2 litre &#8211; Hidrauli\u010dko ulje 5\/16 Hidrauli\u010dno crijevo po paketu<\/p>\n","protected":false},"excerpt":{"rendered":"<p>Hidraulicni cilindar Ultraflex uc116-i &#8211; Ultraflex hidrauli\u010dki sustav upravljanja s armom za zup\u010danik i glavom s kugli\u010dnim zglobom za brodove<\/p>\n","protected":false},"featured_media":5948504,"comment_status":"open","ping_status":"closed","template":"","meta":[],"product_brand":[3501],"product_cat":[1823],"product_tag":[],"class_list":{"0":"post-745279","1":"product","2":"type-product","3":"status-publish","4":"has-post-thumbnail","6":"product_brand-ultraflex-uflex-hr","7":"product_cat-hidraulicno-kormilarenje","9":"first","10":"instock","11":"shipping-taxable","12":"purchasable","13":"product-type-simple"},"_links":{"self":[{"href":"https:\/\/stoic-curie.212-227-153-4.plesk.page\/hr\/wp-json\/wp\/v2\/product\/745279","targetHints":{"allow":["GET"]}}],"collection":[{"href":"https:\/\/stoic-curie.212-227-153-4.plesk.page\/hr\/wp-json\/wp\/v2\/product"}],"about":[{"href":"https:\/\/stoic-curie.212-227-153-4.plesk.page\/hr\/wp-json\/wp\/v2\/types\/product"}],"replies":[{"embeddable":true,"href":"https:\/\/stoic-curie.212-227-153-4.plesk.page\/hr\/wp-json\/wp\/v2\/comments?post=745279"}],"version-history":[{"count":0,"href":"https:\/\/stoic-curie.212-227-153-4.plesk.page\/hr\/wp-json\/wp\/v2\/product\/745279\/revisions"}],"wp:featuredmedia":[{"embeddable":true,"href":"https:\/\/stoic-curie.212-227-153-4.plesk.page\/hr\/wp-json\/wp\/v2\/media\/5948504"}],"wp:attachment":[{"href":"https:\/\/stoic-curie.212-227-153-4.plesk.page\/hr\/wp-json\/wp\/v2\/media?parent=745279"}],"wp:term":[{"taxonomy":"product_brand","embeddable":true,"href":"https:\/\/stoic-curie.212-227-153-4.plesk.page\/hr\/wp-json\/wp\/v2\/product_brand?post=745279"},{"taxonomy":"product_cat","embeddable":true,"href":"https:\/\/stoic-curie.212-227-153-4.plesk.page\/hr\/wp-json\/wp\/v2\/product_cat?post=745279"},{"taxonomy":"product_tag","embeddable":true,"href":"https:\/\/stoic-curie.212-227-153-4.plesk.page\/hr\/wp-json\/wp\/v2\/product_tag?post=745279"}],"curies":[{"name":"wp","href":"https:\/\/api.w.org\/{rel}","templated":true}]}}