{"id":745282,"date":"2025-03-03T20:11:53","date_gmt":"2025-03-03T19:11:53","guid":{"rendered":"https:\/\/stoic-curie.212-227-153-4.plesk.page\/producto\/hidraulicna-pumpa-ultraflex-up33f\/"},"modified":"2026-02-25T00:01:22","modified_gmt":"2026-02-25T00:01:22","slug":"hidraulicna-pumpa-ultraflex-up33f","status":"publish","type":"product","link":"https:\/\/stoic-curie.212-227-153-4.plesk.page\/hr\/product\/hidraulicna-pumpa-ultraflex-up33f\/","title":{"rendered":"Hidraulicna pumpa Ultraflex up33f"},"content":{"rendered":"<p>Hidraulicna pumpa Ultraflex up33f &#8211; <\/p>\n<p>Ultraflex hidrauli\u010dni sustav upravljanja s loptastim zglavkom za \u010damce do 12 metara. Sastoji se od zasebno prodavanih dijelova: 1 kom &#8211; UC215 cilindar s maksimalnim momentom od 111 Kgm 1 kom &#8211; UP28F upravlja\u010dka pumpa s NR ventilom (7,6 punih okretaja s UC215 cilindrom) 1 kom &#8211; UP33F upravlja\u010dka pumpa s NR ventilom (6,5 punih okretaja s UC215 cilindrom) 1 kom &#8211; UP39F upravlja\u010dka pumpa s NR ventilom (5,5 punih okretaja s UC215 cilindrom) 2 kom &#8211; Spojnice za crijevo 5\/16 2 l &#8211; Hidrauli\u010dno ulje 5\/16 hidrauli\u010dna crijeva po pakiranju<\/p>\n","protected":false},"excerpt":{"rendered":"<p>Hidraulicna pumpa Ultraflex up33f &#8211; Ultraflex hidrauli\u010dni sustav upravljanja s loptastim zglavkom za \u010damce do 12 metara. Sastoji se od<\/p>\n","protected":false},"featured_media":5948522,"comment_status":"open","ping_status":"closed","template":"","meta":[],"product_brand":[3501],"product_cat":[1823],"product_tag":[],"class_list":{"0":"post-745282","1":"product","2":"type-product","3":"status-publish","4":"has-post-thumbnail","6":"product_brand-ultraflex-uflex-hr","7":"product_cat-hidraulicno-kormilarenje","9":"first","10":"instock","11":"shipping-taxable","12":"purchasable","13":"product-type-simple"},"_links":{"self":[{"href":"https:\/\/stoic-curie.212-227-153-4.plesk.page\/hr\/wp-json\/wp\/v2\/product\/745282","targetHints":{"allow":["GET"]}}],"collection":[{"href":"https:\/\/stoic-curie.212-227-153-4.plesk.page\/hr\/wp-json\/wp\/v2\/product"}],"about":[{"href":"https:\/\/stoic-curie.212-227-153-4.plesk.page\/hr\/wp-json\/wp\/v2\/types\/product"}],"replies":[{"embeddable":true,"href":"https:\/\/stoic-curie.212-227-153-4.plesk.page\/hr\/wp-json\/wp\/v2\/comments?post=745282"}],"version-history":[{"count":0,"href":"https:\/\/stoic-curie.212-227-153-4.plesk.page\/hr\/wp-json\/wp\/v2\/product\/745282\/revisions"}],"wp:featuredmedia":[{"embeddable":true,"href":"https:\/\/stoic-curie.212-227-153-4.plesk.page\/hr\/wp-json\/wp\/v2\/media\/5948522"}],"wp:attachment":[{"href":"https:\/\/stoic-curie.212-227-153-4.plesk.page\/hr\/wp-json\/wp\/v2\/media?parent=745282"}],"wp:term":[{"taxonomy":"product_brand","embeddable":true,"href":"https:\/\/stoic-curie.212-227-153-4.plesk.page\/hr\/wp-json\/wp\/v2\/product_brand?post=745282"},{"taxonomy":"product_cat","embeddable":true,"href":"https:\/\/stoic-curie.212-227-153-4.plesk.page\/hr\/wp-json\/wp\/v2\/product_cat?post=745282"},{"taxonomy":"product_tag","embeddable":true,"href":"https:\/\/stoic-curie.212-227-153-4.plesk.page\/hr\/wp-json\/wp\/v2\/product_tag?post=745282"}],"curies":[{"name":"wp","href":"https:\/\/api.w.org\/{rel}","templated":true}]}}