{"id":745285,"date":"2025-03-03T20:11:54","date_gmt":"2025-03-03T19:11:54","guid":{"rendered":"https:\/\/stoic-curie.212-227-153-4.plesk.page\/producto\/hidraulicni-cilindar-vetus-mtc30\/"},"modified":"2026-02-25T00:01:22","modified_gmt":"2026-02-25T00:01:22","slug":"hidraulicni-cilindar-vetus-mtc30","status":"publish","type":"product","link":"https:\/\/stoic-curie.212-227-153-4.plesk.page\/hr\/product\/hidraulicni-cilindar-vetus-mtc30\/","title":{"rendered":"Hidraulicni cilindar Vetus mtc30"},"content":{"rendered":"<p>Hidraulicni cilindar Vetus mtc30 &#8211; <\/p>\n<p>Vetus hidrauli\u010dki sustav upravljanja s ru\u010dicom i kuglastim zglobom za \u010damce do 7 metara. Komponente i dodaci se prodaju odvojeno: 1 kom &#8211; MTC30 cilindar s maksimalnim momentom od 30 Kgm 1 kom &#8211; HTP2010 pumpa s helmom bez NR ventila (3,4 okretaja od krajnjeg polo\u017eaja do krajnjeg polo\u017eaja s MTC30 cilindrom) 15 metara nylon 6&#215;8 mm hidrauli\u010dne cijevi.<\/p>\n","protected":false},"excerpt":{"rendered":"<p>Hidraulicni cilindar Vetus mtc30 &#8211; Vetus hidrauli\u010dki sustav upravljanja s ru\u010dicom i kuglastim zglobom za \u010damce do 7 metara. Komponente<\/p>\n","protected":false},"featured_media":5948527,"comment_status":"open","ping_status":"closed","template":"","meta":[],"product_brand":[3521],"product_cat":[1823],"product_tag":[],"class_list":{"0":"post-745285","1":"product","2":"type-product","3":"status-publish","4":"has-post-thumbnail","6":"product_brand-vetus-hr","7":"product_cat-hidraulicno-kormilarenje","9":"first","10":"instock","11":"shipping-taxable","12":"purchasable","13":"product-type-simple"},"_links":{"self":[{"href":"https:\/\/stoic-curie.212-227-153-4.plesk.page\/hr\/wp-json\/wp\/v2\/product\/745285","targetHints":{"allow":["GET"]}}],"collection":[{"href":"https:\/\/stoic-curie.212-227-153-4.plesk.page\/hr\/wp-json\/wp\/v2\/product"}],"about":[{"href":"https:\/\/stoic-curie.212-227-153-4.plesk.page\/hr\/wp-json\/wp\/v2\/types\/product"}],"replies":[{"embeddable":true,"href":"https:\/\/stoic-curie.212-227-153-4.plesk.page\/hr\/wp-json\/wp\/v2\/comments?post=745285"}],"version-history":[{"count":0,"href":"https:\/\/stoic-curie.212-227-153-4.plesk.page\/hr\/wp-json\/wp\/v2\/product\/745285\/revisions"}],"wp:featuredmedia":[{"embeddable":true,"href":"https:\/\/stoic-curie.212-227-153-4.plesk.page\/hr\/wp-json\/wp\/v2\/media\/5948527"}],"wp:attachment":[{"href":"https:\/\/stoic-curie.212-227-153-4.plesk.page\/hr\/wp-json\/wp\/v2\/media?parent=745285"}],"wp:term":[{"taxonomy":"product_brand","embeddable":true,"href":"https:\/\/stoic-curie.212-227-153-4.plesk.page\/hr\/wp-json\/wp\/v2\/product_brand?post=745285"},{"taxonomy":"product_cat","embeddable":true,"href":"https:\/\/stoic-curie.212-227-153-4.plesk.page\/hr\/wp-json\/wp\/v2\/product_cat?post=745285"},{"taxonomy":"product_tag","embeddable":true,"href":"https:\/\/stoic-curie.212-227-153-4.plesk.page\/hr\/wp-json\/wp\/v2\/product_tag?post=745285"}],"curies":[{"name":"wp","href":"https:\/\/api.w.org\/{rel}","templated":true}]}}