{"id":745287,"date":"2025-03-03T20:11:54","date_gmt":"2025-03-03T19:11:54","guid":{"rendered":"https:\/\/stoic-curie.212-227-153-4.plesk.page\/producto\/hidaulicni-cilindar-vetus-mtc52\/"},"modified":"2026-02-25T00:01:22","modified_gmt":"2026-02-25T00:01:22","slug":"hidaulicni-cilindar-vetus-mtc52","status":"publish","type":"product","link":"https:\/\/stoic-curie.212-227-153-4.plesk.page\/hr\/product\/hidaulicni-cilindar-vetus-mtc52\/","title":{"rendered":"Hidauli\u010dni cilindar Vetus mtc52"},"content":{"rendered":"<p>Hidauli\u010dni cilindar Vetus mtc52 &#8211; <\/p>\n<p>Vetus hidrauli\u010dni sustav upravljanja s zglobnom kuglom na armu za \u010damce do 9 metara. Komponente i pribor prodaju se odvojeno: 1 kom &#8211; MTC52 cilindar s maksimalnim momentom od 52 Kgm 1 kom &#8211; HTP2010 pumpa bez NR ventila (5,3 okretaja volana od kraja do kraja s MTC52 cilindrom) 1 kom &#8211; HTP3010 pumpa s\/bez NR ventila (3,5 okretaja volana od kraja do kraja s MTC52 cilindrom) 4 kom &#8211; Ponovno upotrebljivi ravni ili zakrivljeni priklju\u010dci za crijevo 5\/16 5\/16 hidrauli\u010dno crijevo po paketu<\/p>\n","protected":false},"excerpt":{"rendered":"<p>Hidauli\u010dni cilindar Vetus mtc52 &#8211; Vetus hidrauli\u010dni sustav upravljanja s zglobnom kuglom na armu za \u010damce do 9 metara. Komponente<\/p>\n","protected":false},"featured_media":5948541,"comment_status":"open","ping_status":"closed","template":"","meta":[],"product_brand":[3521],"product_cat":[1823],"product_tag":[],"class_list":{"0":"post-745287","1":"product","2":"type-product","3":"status-publish","4":"has-post-thumbnail","6":"product_brand-vetus-hr","7":"product_cat-hidraulicno-kormilarenje","9":"first","10":"instock","11":"shipping-taxable","12":"purchasable","13":"product-type-simple"},"_links":{"self":[{"href":"https:\/\/stoic-curie.212-227-153-4.plesk.page\/hr\/wp-json\/wp\/v2\/product\/745287","targetHints":{"allow":["GET"]}}],"collection":[{"href":"https:\/\/stoic-curie.212-227-153-4.plesk.page\/hr\/wp-json\/wp\/v2\/product"}],"about":[{"href":"https:\/\/stoic-curie.212-227-153-4.plesk.page\/hr\/wp-json\/wp\/v2\/types\/product"}],"replies":[{"embeddable":true,"href":"https:\/\/stoic-curie.212-227-153-4.plesk.page\/hr\/wp-json\/wp\/v2\/comments?post=745287"}],"version-history":[{"count":0,"href":"https:\/\/stoic-curie.212-227-153-4.plesk.page\/hr\/wp-json\/wp\/v2\/product\/745287\/revisions"}],"wp:featuredmedia":[{"embeddable":true,"href":"https:\/\/stoic-curie.212-227-153-4.plesk.page\/hr\/wp-json\/wp\/v2\/media\/5948541"}],"wp:attachment":[{"href":"https:\/\/stoic-curie.212-227-153-4.plesk.page\/hr\/wp-json\/wp\/v2\/media?parent=745287"}],"wp:term":[{"taxonomy":"product_brand","embeddable":true,"href":"https:\/\/stoic-curie.212-227-153-4.plesk.page\/hr\/wp-json\/wp\/v2\/product_brand?post=745287"},{"taxonomy":"product_cat","embeddable":true,"href":"https:\/\/stoic-curie.212-227-153-4.plesk.page\/hr\/wp-json\/wp\/v2\/product_cat?post=745287"},{"taxonomy":"product_tag","embeddable":true,"href":"https:\/\/stoic-curie.212-227-153-4.plesk.page\/hr\/wp-json\/wp\/v2\/product_tag?post=745287"}],"curies":[{"name":"wp","href":"https:\/\/api.w.org\/{rel}","templated":true}]}}