{"id":745288,"date":"2025-03-03T20:11:55","date_gmt":"2025-03-03T19:11:55","guid":{"rendered":"https:\/\/stoic-curie.212-227-153-4.plesk.page\/producto\/hidraulicna-pumpa-vetus-htp3010\/"},"modified":"2026-02-25T00:01:22","modified_gmt":"2026-02-25T00:01:22","slug":"hidraulicna-pumpa-vetus-htp3010","status":"publish","type":"product","link":"https:\/\/stoic-curie.212-227-153-4.plesk.page\/hr\/product\/hidraulicna-pumpa-vetus-htp3010\/","title":{"rendered":"Hidraulicna pumpa Vetus HTP3010"},"content":{"rendered":"<p>Hidraulicna pumpa Vetus HTP3010 &#8211; <\/p>\n<p style=\"color: rgb(34, 34, 34); font-family: Arial, Helvetica, sans-serif; font-size: small;\">Predstavljamo najnoviju Vetus hidrauli\u010dnu pumpu za upravljanje, kompaktno rje\u0161enje posebno izra\u0111eno za kompatibilnost s Vetus cilindrima MTC52 &#8211; 125. Ova pumpa ima jednostavan sustav monta\u017ee na stra\u017enjem dijelu s \u010detiri vijke i zna\u010dajku standardne industrijske osovine od 3\/4&#8243; s konusnim oblikom.<\/p>\n<p style=\"color: rgb(34, 34, 34); font-family: Arial, Helvetica, sans-serif; font-size: small;\">Mo\u017ee se instalirati i koristiti pod svakim kutom, bilo horizontalno ili vertikalno, pru\u017eaju\u0107i svestranost za razli\u010dite primjene. Va\u017eno je napomenuti da ova pumpa ne dolazi s nepropusnim ventilima.<\/p>\n<p style=\"color: rgb(34, 34, 34); font-family: Arial, Helvetica, sans-serif; font-size: small;\">Klju\u010dne zna\u010dajke Vetus HTP pumpi uklju\u010duju:<\/p>\n<ul style=\"color: rgb(34, 34, 34); font-family: Arial, Helvetica, sans-serif; font-size: small;\">\n<li>Boja: Off White (RAL9002)<\/li>\n<li>10mm konektori za tlak i balansne cijevi<\/li>\n<li>Studovi, matice i podlo\u0161ke uklju\u010deni<\/li>\n<li>Jedna ventilirana i jedna nevantilirana \u010dep<\/li>\n<\/ul>\n<p style=\"color: rgb(34, 34, 34); font-family: Arial, Helvetica, sans-serif; font-size: small;\"><strong>Tehni\u010dke specifikacije:<\/strong><\/p>\n<ul style=\"color: rgb(34, 34, 34); font-family: Arial, Helvetica, sans-serif; font-size: small;\">\n<li>Kapacitet: 30,0 cm\u00b3\/rev<\/li>\n<li>Broj klipova: 5<\/li>\n<li>Te\u017eina: 3,3 kg<\/li>\n<\/ul>\n<p style=\"color: rgb(34, 34, 34); font-family: Arial, Helvetica, sans-serif; font-size: small;\"><strong>Dodatne specifikacije:<\/strong><\/p>\n<ul style=\"color: rgb(34, 34, 34); font-family: Arial, Helvetica, sans-serif; font-size: small;\">\n<li>Boja: Bijela<\/li>\n<li>Tip pumpe: HTP30<\/li>\n<li>Ventil: Nedostaje nepropusni ventili<\/li>\n<li>Namjena: Rekreacijska<\/li>\n<li>Promjer cijevi: 10 mm<\/li>\n<li>Kapacitet pumpe: 30 cm\u00b3\/rev<\/li>\n<\/ul>\n<p style=\"color: rgb(34, 34, 34); font-family: Arial, Helvetica, sans-serif; font-size: small;\">Ova pumpa spaja u\u010dinkovitost s jednostavno\u0161\u0107u kori\u0161tenja, \u010dine\u0107i je izvanrednom opcijom za entuzijaste rekreativnog jedrenja.<\/p>\n","protected":false},"excerpt":{"rendered":"<p>Hidraulicna pumpa Vetus HTP3010 &#8211; Predstavljamo najnoviju Vetus hidrauli\u010dnu pumpu za upravljanje, kompaktno rje\u0161enje posebno izra\u0111eno za kompatibilnost s Vetus<\/p>\n","protected":false},"featured_media":5948549,"comment_status":"open","ping_status":"closed","template":"","meta":[],"product_brand":[3521],"product_cat":[1823],"product_tag":[],"class_list":{"0":"post-745288","1":"product","2":"type-product","3":"status-publish","4":"has-post-thumbnail","6":"product_brand-vetus-hr","7":"product_cat-hidraulicno-kormilarenje","9":"first","10":"instock","11":"shipping-taxable","12":"purchasable","13":"product-type-simple"},"_links":{"self":[{"href":"https:\/\/stoic-curie.212-227-153-4.plesk.page\/hr\/wp-json\/wp\/v2\/product\/745288","targetHints":{"allow":["GET"]}}],"collection":[{"href":"https:\/\/stoic-curie.212-227-153-4.plesk.page\/hr\/wp-json\/wp\/v2\/product"}],"about":[{"href":"https:\/\/stoic-curie.212-227-153-4.plesk.page\/hr\/wp-json\/wp\/v2\/types\/product"}],"replies":[{"embeddable":true,"href":"https:\/\/stoic-curie.212-227-153-4.plesk.page\/hr\/wp-json\/wp\/v2\/comments?post=745288"}],"version-history":[{"count":0,"href":"https:\/\/stoic-curie.212-227-153-4.plesk.page\/hr\/wp-json\/wp\/v2\/product\/745288\/revisions"}],"wp:featuredmedia":[{"embeddable":true,"href":"https:\/\/stoic-curie.212-227-153-4.plesk.page\/hr\/wp-json\/wp\/v2\/media\/5948549"}],"wp:attachment":[{"href":"https:\/\/stoic-curie.212-227-153-4.plesk.page\/hr\/wp-json\/wp\/v2\/media?parent=745288"}],"wp:term":[{"taxonomy":"product_brand","embeddable":true,"href":"https:\/\/stoic-curie.212-227-153-4.plesk.page\/hr\/wp-json\/wp\/v2\/product_brand?post=745288"},{"taxonomy":"product_cat","embeddable":true,"href":"https:\/\/stoic-curie.212-227-153-4.plesk.page\/hr\/wp-json\/wp\/v2\/product_cat?post=745288"},{"taxonomy":"product_tag","embeddable":true,"href":"https:\/\/stoic-curie.212-227-153-4.plesk.page\/hr\/wp-json\/wp\/v2\/product_tag?post=745288"}],"curies":[{"name":"wp","href":"https:\/\/api.w.org\/{rel}","templated":true}]}}