{"id":745290,"date":"2025-03-03T20:11:55","date_gmt":"2025-03-03T19:11:55","guid":{"rendered":"https:\/\/stoic-curie.212-227-153-4.plesk.page\/producto\/hidraulicna-pumpa-vetus-htp4210\/"},"modified":"2026-02-25T00:01:22","modified_gmt":"2026-02-25T00:01:22","slug":"hidraulicna-pumpa-vetus-htp4210","status":"publish","type":"product","link":"https:\/\/stoic-curie.212-227-153-4.plesk.page\/hr\/product\/hidraulicna-pumpa-vetus-htp4210\/","title":{"rendered":"Hidraulicna pumpa Vetus HTP4210"},"content":{"rendered":"<p>Hidraulicna pumpa Vetus HTP4210 &#8211; <\/p>\n<p>Predstavljamo VETUS Hidrauli\u010dnu Pumpu HTP42 u elegantnoj bijeloj boji, posebno dizajniranu za upotrebu s cijevima promjera 10 mm. Ova kompaktna pumpa za kormilo osmi\u0161ljena je za svestranost, omogu\u0107uju\u0107i instalaciju i rad pod prakti\u010dki svakim kutom, \u0161to je \u010dini idealnim izborom za razli\u010dite primjene. Me\u0111utim, va\u017eno je napomenuti da ovaj model ne uklju\u010duje povratne ventile, \u0161to mo\u017ee biti va\u017ena stavka ovisno o va\u0161im specifi\u010dnim potrebama.<\/p>\n<p>Detalovne specifikacije za HTP42 su:<\/p>\n<ul>\n<li>Boja: Elegantna bijela<\/li>\n<li>Model pumpe: HTP42<\/li>\n<li>Ventil: Molimo budite svjesni da nema povratne ventile<\/li>\n<li>Broj klipova: 7 za u\u010dinkovitu performansu<\/li>\n<li>Namjena: Savr\u0161eno prikladna za rekreacijsku upotrebu<\/li>\n<li>Te\u017eina: Lagan s samo 3.3 kg<\/li>\n<li>Veli\u010dina cijevi: Kompatibilna s cijevima promjera 10 mm<\/li>\n<li>Izlaz pumpe: Impresivnih 42 cm\u00b3\/punjenje za optimalnu funkcionalnost<\/li>\n<\/ul>\n<p>Ova pumpa je pouzdan izbor za pobolj\u0161anje va\u0161eg rekreativnog iskustva na vodi.<\/p>\n","protected":false},"excerpt":{"rendered":"<p>Hidraulicna pumpa Vetus HTP4210 &#8211; Predstavljamo VETUS Hidrauli\u010dnu Pumpu HTP42 u elegantnoj bijeloj boji, posebno dizajniranu za upotrebu s cijevima<\/p>\n","protected":false},"featured_media":5948559,"comment_status":"open","ping_status":"closed","template":"","meta":[],"product_brand":[3521],"product_cat":[1823],"product_tag":[],"class_list":{"0":"post-745290","1":"product","2":"type-product","3":"status-publish","4":"has-post-thumbnail","6":"product_brand-vetus-hr","7":"product_cat-hidraulicno-kormilarenje","9":"first","10":"instock","11":"shipping-taxable","12":"purchasable","13":"product-type-simple"},"_links":{"self":[{"href":"https:\/\/stoic-curie.212-227-153-4.plesk.page\/hr\/wp-json\/wp\/v2\/product\/745290","targetHints":{"allow":["GET"]}}],"collection":[{"href":"https:\/\/stoic-curie.212-227-153-4.plesk.page\/hr\/wp-json\/wp\/v2\/product"}],"about":[{"href":"https:\/\/stoic-curie.212-227-153-4.plesk.page\/hr\/wp-json\/wp\/v2\/types\/product"}],"replies":[{"embeddable":true,"href":"https:\/\/stoic-curie.212-227-153-4.plesk.page\/hr\/wp-json\/wp\/v2\/comments?post=745290"}],"version-history":[{"count":0,"href":"https:\/\/stoic-curie.212-227-153-4.plesk.page\/hr\/wp-json\/wp\/v2\/product\/745290\/revisions"}],"wp:featuredmedia":[{"embeddable":true,"href":"https:\/\/stoic-curie.212-227-153-4.plesk.page\/hr\/wp-json\/wp\/v2\/media\/5948559"}],"wp:attachment":[{"href":"https:\/\/stoic-curie.212-227-153-4.plesk.page\/hr\/wp-json\/wp\/v2\/media?parent=745290"}],"wp:term":[{"taxonomy":"product_brand","embeddable":true,"href":"https:\/\/stoic-curie.212-227-153-4.plesk.page\/hr\/wp-json\/wp\/v2\/product_brand?post=745290"},{"taxonomy":"product_cat","embeddable":true,"href":"https:\/\/stoic-curie.212-227-153-4.plesk.page\/hr\/wp-json\/wp\/v2\/product_cat?post=745290"},{"taxonomy":"product_tag","embeddable":true,"href":"https:\/\/stoic-curie.212-227-153-4.plesk.page\/hr\/wp-json\/wp\/v2\/product_tag?post=745290"}],"curies":[{"name":"wp","href":"https:\/\/api.w.org\/{rel}","templated":true}]}}