{"id":745292,"date":"2025-03-03T20:11:56","date_gmt":"2025-03-03T19:11:56","guid":{"rendered":"https:\/\/stoic-curie.212-227-153-4.plesk.page\/producto\/hidraulicni-cilindar-vetus-mtc175\/"},"modified":"2026-02-25T00:01:22","modified_gmt":"2026-02-25T00:01:22","slug":"hidraulicni-cilindar-vetus-mtc175","status":"publish","type":"product","link":"https:\/\/stoic-curie.212-227-153-4.plesk.page\/hr\/product\/hidraulicni-cilindar-vetus-mtc175\/","title":{"rendered":"Hidraulicni cilindar Vetus MTC175"},"content":{"rendered":"<p>Hidraulicni cilindar Vetus MTC175 &#8211; <\/p>\n<p>Sa zadovoljstvom predstavljamo na\u0161 premium hidrauli\u010dni cilindar od mesinga, Vetus MTC17510, posebno izra\u0111en za ve\u0107e jahte i radne brodove. Ovaj izvanredni proizvod ima pocin\u010danu \u0161ipku na kraju, s mogu\u0107no\u0161\u0107u nadogradnje na nehr\u0111aju\u0107i \u010delik, kao i kompresijske priklju\u010dke opremljene ventilima za ispu\u0161tanje.<\/p>\n<p>Okretaji volana (od zaklju\u010davanja do zaklju\u010davanja s HTP pumpama):<\/p>\n<p>HTP42: 8.5<\/p>\n<p>Dimenzije:<\/p>\n<ul>\n<li>Hod: 225 mm<\/li>\n<li>Zapremina: 356 cm\u00b3<\/li>\n<li>Du\u017eina dr\u0161ke: 196 mm<\/li>\n<li>Nit na kraju \u0161ipke: M20<\/li>\n<li>Te\u017eina: 8 kg<\/li>\n<\/ul>\n<p>Tehni\u010dke specifikacije:<\/p>\n<ul>\n<li>Maksimalni okretni moment: 1717 Nm (175 kgm) (1266 ft.lbs)<\/li>\n<li>Okretni moment pri 35\u00b0 i 56 kg\/cm\u00b2: 1373 Nm (140 kgm) (1013 ft.lbs)<\/li>\n<li>Pritisak: 5492 kPa (56 kg\/cm\u00b2) (797 lbs\/sq.inch)<\/li>\n<li>Priklju\u010dci: G\u00bc \u017eenski navoj cijevi<\/li>\n<li>Ukupni kut kormila: 70\u00b0 (2 x 35\u00b0)<\/li>\n<\/ul>\n<p>Hidrauli\u010dni zamah od mesinga Vetus MTC17510 savr\u0161eno je pogodan za pomorske primjene. Uklju\u010duje pocin\u010dane \u0161ipke na kraju, kompresijske priklju\u010dke i ventile za ispu\u0161tanje. Osim toga, s hidrauli\u010dnim cilindrom Vetus isporu\u010duje se i plasti\u010dni nosa\u010d za fiksiranje.<\/p>\n<p>Specifikacije:<\/p>\n<ul>\n<li>Zapremina: 3560 mm\u00b3<\/li>\n<li>Kapacitet: 356 cc<\/li>\n<li>Du\u017eina dr\u0161ke: 196 mm<\/li>\n<li>Marka: Vetus<\/li>\n<li>Ukupni kut kormila: 70\u00b0<\/li>\n<li>Priklju\u010dci: Priklju\u010dci kompatibilni s cijevima OD 10 mm<\/li>\n<li>Maksimalni pritisak: 5492 kPa<\/li>\n<li>Model: MTC17510<\/li>\n<li>Radni pritisak: 797 Psi (56 Bar)<\/li>\n<\/ul>\n<p>Preporu\u010dene cijevi:<\/p>\n<ul>\n<li>Nylon hidrauli\u010dna cijev 6 mm ID \/ 10 mm OD (V-HHOSE6015)<\/li>\n<li>Nylon hidrauli\u010dna cijev 8 mm ID \/ 12 mm OD (V-HHOSE8015)<\/li>\n<li>Hidrauli\u010dna cijev 8 mm ID \/ 14.2 mm OD (603508)<\/li>\n<li>Meka bakrena \u010deli\u010dna cijev 8 mm ID \/ 10 mm OD<\/li>\n<\/ul>\n<p>Hod: 225 mm (8.85&#8243;)<\/p>\n<p>Veli\u010dina niti: Nit na kraju \u0161ipke: M20, Priklju\u010dci: G1\/4 \u017eenski navoj cijevi<\/p>\n<p>Maksimalni okretni moment: 175 kgm (1717 Nm)<\/p>\n<p>Ovaj hidrauli\u010dni cilindar dizajniran je za pouzdanu izvedbu i dugotrajnost za sve va\u0161e potrebe na vodi.<\/p>\n","protected":false},"excerpt":{"rendered":"<p>Hidraulicni cilindar Vetus MTC175 &#8211; Sa zadovoljstvom predstavljamo na\u0161 premium hidrauli\u010dni cilindar od mesinga, Vetus MTC17510, posebno izra\u0111en za ve\u0107e<\/p>\n","protected":false},"featured_media":5948562,"comment_status":"open","ping_status":"closed","template":"","meta":[],"product_brand":[3521],"product_cat":[1823],"product_tag":[],"class_list":{"0":"post-745292","1":"product","2":"type-product","3":"status-publish","4":"has-post-thumbnail","6":"product_brand-vetus-hr","7":"product_cat-hidraulicno-kormilarenje","9":"first","10":"instock","11":"shipping-taxable","12":"purchasable","13":"product-type-simple"},"_links":{"self":[{"href":"https:\/\/stoic-curie.212-227-153-4.plesk.page\/hr\/wp-json\/wp\/v2\/product\/745292","targetHints":{"allow":["GET"]}}],"collection":[{"href":"https:\/\/stoic-curie.212-227-153-4.plesk.page\/hr\/wp-json\/wp\/v2\/product"}],"about":[{"href":"https:\/\/stoic-curie.212-227-153-4.plesk.page\/hr\/wp-json\/wp\/v2\/types\/product"}],"replies":[{"embeddable":true,"href":"https:\/\/stoic-curie.212-227-153-4.plesk.page\/hr\/wp-json\/wp\/v2\/comments?post=745292"}],"version-history":[{"count":0,"href":"https:\/\/stoic-curie.212-227-153-4.plesk.page\/hr\/wp-json\/wp\/v2\/product\/745292\/revisions"}],"wp:featuredmedia":[{"embeddable":true,"href":"https:\/\/stoic-curie.212-227-153-4.plesk.page\/hr\/wp-json\/wp\/v2\/media\/5948562"}],"wp:attachment":[{"href":"https:\/\/stoic-curie.212-227-153-4.plesk.page\/hr\/wp-json\/wp\/v2\/media?parent=745292"}],"wp:term":[{"taxonomy":"product_brand","embeddable":true,"href":"https:\/\/stoic-curie.212-227-153-4.plesk.page\/hr\/wp-json\/wp\/v2\/product_brand?post=745292"},{"taxonomy":"product_cat","embeddable":true,"href":"https:\/\/stoic-curie.212-227-153-4.plesk.page\/hr\/wp-json\/wp\/v2\/product_cat?post=745292"},{"taxonomy":"product_tag","embeddable":true,"href":"https:\/\/stoic-curie.212-227-153-4.plesk.page\/hr\/wp-json\/wp\/v2\/product_tag?post=745292"}],"curies":[{"name":"wp","href":"https:\/\/api.w.org\/{rel}","templated":true}]}}