{"id":745297,"date":"2025-03-03T20:11:57","date_gmt":"2025-03-03T19:11:57","guid":{"rendered":"https:\/\/stoic-curie.212-227-153-4.plesk.page\/producto\/ultraflex-b14-14ft-4-27mt\/"},"modified":"2026-02-25T00:01:22","modified_gmt":"2026-02-25T00:01:22","slug":"ultraflex-b14-14ft-4-27mt","status":"publish","type":"product","link":"https:\/\/stoic-curie.212-227-153-4.plesk.page\/hr\/product\/ultraflex-b14-14ft-4-27mt\/","title":{"rendered":"Ultraflex B14 14ft 4.27mt"},"content":{"rendered":"<p>Ultraflex B14 14ft 4.27mt &#8211; <\/p>\n<p>B14 kabel za kontrolu isklju\u010denja s dugmetom, pla\u0161tem i stezaljkom. Za ubrziva\u010d, zra\u010dni otvor i isklju\u010denje goriva.<\/p>\n","protected":false},"excerpt":{"rendered":"<p>Ultraflex B14 14ft 4.27mt &#8211; B14 kabel za kontrolu isklju\u010denja s dugmetom, pla\u0161tem i stezaljkom. Za ubrziva\u010d, zra\u010dni otvor i<\/p>\n","protected":false},"featured_media":5940332,"comment_status":"open","ping_status":"closed","template":"","meta":[],"product_brand":[2169,3501],"product_cat":[1784],"product_tag":[],"class_list":{"0":"post-745297","1":"product","2":"type-product","3":"status-publish","4":"has-post-thumbnail","6":"product_brand-ultraflex-uflex","7":"product_brand-ultraflex-uflex-hr","8":"product_cat-morse-kabeli-za-upravljanje-motorom","10":"first","11":"instock","12":"shipping-taxable","13":"purchasable","14":"product-type-simple"},"_links":{"self":[{"href":"https:\/\/stoic-curie.212-227-153-4.plesk.page\/hr\/wp-json\/wp\/v2\/product\/745297","targetHints":{"allow":["GET"]}}],"collection":[{"href":"https:\/\/stoic-curie.212-227-153-4.plesk.page\/hr\/wp-json\/wp\/v2\/product"}],"about":[{"href":"https:\/\/stoic-curie.212-227-153-4.plesk.page\/hr\/wp-json\/wp\/v2\/types\/product"}],"replies":[{"embeddable":true,"href":"https:\/\/stoic-curie.212-227-153-4.plesk.page\/hr\/wp-json\/wp\/v2\/comments?post=745297"}],"version-history":[{"count":0,"href":"https:\/\/stoic-curie.212-227-153-4.plesk.page\/hr\/wp-json\/wp\/v2\/product\/745297\/revisions"}],"wp:featuredmedia":[{"embeddable":true,"href":"https:\/\/stoic-curie.212-227-153-4.plesk.page\/hr\/wp-json\/wp\/v2\/media\/5940332"}],"wp:attachment":[{"href":"https:\/\/stoic-curie.212-227-153-4.plesk.page\/hr\/wp-json\/wp\/v2\/media?parent=745297"}],"wp:term":[{"taxonomy":"product_brand","embeddable":true,"href":"https:\/\/stoic-curie.212-227-153-4.plesk.page\/hr\/wp-json\/wp\/v2\/product_brand?post=745297"},{"taxonomy":"product_cat","embeddable":true,"href":"https:\/\/stoic-curie.212-227-153-4.plesk.page\/hr\/wp-json\/wp\/v2\/product_cat?post=745297"},{"taxonomy":"product_tag","embeddable":true,"href":"https:\/\/stoic-curie.212-227-153-4.plesk.page\/hr\/wp-json\/wp\/v2\/product_tag?post=745297"}],"curies":[{"name":"wp","href":"https:\/\/api.w.org\/{rel}","templated":true}]}}