{"id":745311,"date":"2025-03-03T20:12:03","date_gmt":"2025-03-03T19:12:03","guid":{"rendered":"https:\/\/stoic-curie.212-227-153-4.plesk.page\/producto\/ultraflex-b183\/"},"modified":"2026-02-25T00:01:22","modified_gmt":"2026-02-25T00:01:22","slug":"ultraflex-b183","status":"publish","type":"product","link":"https:\/\/stoic-curie.212-227-153-4.plesk.page\/hr\/product\/ultraflex-b183\/","title":{"rendered":"Ultraflex B183"},"content":{"rendered":"<p>Ultraflex B183 &#8211; <\/p>\n<p>Kontrola s dvostrukom radnjom montirana sa strane s jednim polugom za upravljanje gasom i izmjenom brzine, pogodna za unutra\u0161nje, vanbrodske i stra\u017enje pogone. Koristi C2 \/ C8 \/ C33 \/ MACHZero kontrolne kablove. C5 kabel se mo\u017ee spojiti s K35 setom (4620035). Opcionalni sigurnosni prekida\u010d X12 (4620112) omogu\u0107uje pokretanje motora samo kada je mjenja\u010d isklju\u010den. Opremljeno pozitivnim zaklju\u010davanjem u neutralnoj poziciji kako bi se sprije\u010dilo slu\u010dajno prebacivanje brzine.<\/p>\n","protected":false},"excerpt":{"rendered":"<p>Ultraflex B183 &#8211; Kontrola s dvostrukom radnjom montirana sa strane s jednim polugom za upravljanje gasom i izmjenom brzine, pogodna<\/p>\n","protected":false},"featured_media":5948566,"comment_status":"open","ping_status":"closed","template":"","meta":[],"product_brand":[3501],"product_cat":[1791],"product_tag":[],"class_list":{"0":"post-745311","1":"product","2":"type-product","3":"status-publish","4":"has-post-thumbnail","6":"product_brand-ultraflex-uflex-hr","7":"product_cat-morse-poluge-gasa","9":"first","10":"instock","11":"shipping-taxable","12":"purchasable","13":"product-type-simple"},"_links":{"self":[{"href":"https:\/\/stoic-curie.212-227-153-4.plesk.page\/hr\/wp-json\/wp\/v2\/product\/745311","targetHints":{"allow":["GET"]}}],"collection":[{"href":"https:\/\/stoic-curie.212-227-153-4.plesk.page\/hr\/wp-json\/wp\/v2\/product"}],"about":[{"href":"https:\/\/stoic-curie.212-227-153-4.plesk.page\/hr\/wp-json\/wp\/v2\/types\/product"}],"replies":[{"embeddable":true,"href":"https:\/\/stoic-curie.212-227-153-4.plesk.page\/hr\/wp-json\/wp\/v2\/comments?post=745311"}],"version-history":[{"count":0,"href":"https:\/\/stoic-curie.212-227-153-4.plesk.page\/hr\/wp-json\/wp\/v2\/product\/745311\/revisions"}],"wp:featuredmedia":[{"embeddable":true,"href":"https:\/\/stoic-curie.212-227-153-4.plesk.page\/hr\/wp-json\/wp\/v2\/media\/5948566"}],"wp:attachment":[{"href":"https:\/\/stoic-curie.212-227-153-4.plesk.page\/hr\/wp-json\/wp\/v2\/media?parent=745311"}],"wp:term":[{"taxonomy":"product_brand","embeddable":true,"href":"https:\/\/stoic-curie.212-227-153-4.plesk.page\/hr\/wp-json\/wp\/v2\/product_brand?post=745311"},{"taxonomy":"product_cat","embeddable":true,"href":"https:\/\/stoic-curie.212-227-153-4.plesk.page\/hr\/wp-json\/wp\/v2\/product_cat?post=745311"},{"taxonomy":"product_tag","embeddable":true,"href":"https:\/\/stoic-curie.212-227-153-4.plesk.page\/hr\/wp-json\/wp\/v2\/product_tag?post=745311"}],"curies":[{"name":"wp","href":"https:\/\/api.w.org\/{rel}","templated":true}]}}