{"id":745313,"date":"2025-03-03T20:12:04","date_gmt":"2025-03-03T19:12:04","guid":{"rendered":"https:\/\/stoic-curie.212-227-153-4.plesk.page\/producto\/ultraflex-b90-crni\/"},"modified":"2026-02-25T00:01:22","modified_gmt":"2026-02-25T00:01:22","slug":"ultraflex-b90-crni","status":"publish","type":"product","link":"https:\/\/stoic-curie.212-227-153-4.plesk.page\/hr\/product\/ultraflex-b90-crni\/","title":{"rendered":"Ultraflex B90 crni"},"content":{"rendered":"<p>Ultraflex B90 crni &#8211; <\/p>\n<p>Dvostruka vanjska monta\u017ea s jednim kontrolerom za kontrolu gasa i mjenja\u010da kod vanbrodskih i unutarnjih motora. Koristi C2 \/ C8 \/ C33 \/ MACHZero kontrolne kablove. C5 kabel se mo\u017ee povezati s K35 kitom (4620035). Uz opcionalni sigurnosni prekida\u010d X12 (4620112), motor se mo\u017ee pokrenuti samo kada je mjenja\u010d isklju\u010den. Opremljen pozitivnim zaklju\u010davanjem u neutralnom polo\u017eaju kako bi se sprije\u010dilo slu\u010dajno uklju\u010divanje brzine.<\/p>\n","protected":false},"excerpt":{"rendered":"<p>Ultraflex B90 crni &#8211; Dvostruka vanjska monta\u017ea s jednim kontrolerom za kontrolu gasa i mjenja\u010da kod vanbrodskih i unutarnjih motora.<\/p>\n","protected":false},"featured_media":5948571,"comment_status":"open","ping_status":"closed","template":"","meta":[],"product_brand":[3501],"product_cat":[1791],"product_tag":[],"class_list":{"0":"post-745313","1":"product","2":"type-product","3":"status-publish","4":"has-post-thumbnail","6":"product_brand-ultraflex-uflex-hr","7":"product_cat-morse-poluge-gasa","9":"first","10":"instock","11":"shipping-taxable","12":"purchasable","13":"product-type-simple"},"_links":{"self":[{"href":"https:\/\/stoic-curie.212-227-153-4.plesk.page\/hr\/wp-json\/wp\/v2\/product\/745313","targetHints":{"allow":["GET"]}}],"collection":[{"href":"https:\/\/stoic-curie.212-227-153-4.plesk.page\/hr\/wp-json\/wp\/v2\/product"}],"about":[{"href":"https:\/\/stoic-curie.212-227-153-4.plesk.page\/hr\/wp-json\/wp\/v2\/types\/product"}],"replies":[{"embeddable":true,"href":"https:\/\/stoic-curie.212-227-153-4.plesk.page\/hr\/wp-json\/wp\/v2\/comments?post=745313"}],"version-history":[{"count":0,"href":"https:\/\/stoic-curie.212-227-153-4.plesk.page\/hr\/wp-json\/wp\/v2\/product\/745313\/revisions"}],"wp:featuredmedia":[{"embeddable":true,"href":"https:\/\/stoic-curie.212-227-153-4.plesk.page\/hr\/wp-json\/wp\/v2\/media\/5948571"}],"wp:attachment":[{"href":"https:\/\/stoic-curie.212-227-153-4.plesk.page\/hr\/wp-json\/wp\/v2\/media?parent=745313"}],"wp:term":[{"taxonomy":"product_brand","embeddable":true,"href":"https:\/\/stoic-curie.212-227-153-4.plesk.page\/hr\/wp-json\/wp\/v2\/product_brand?post=745313"},{"taxonomy":"product_cat","embeddable":true,"href":"https:\/\/stoic-curie.212-227-153-4.plesk.page\/hr\/wp-json\/wp\/v2\/product_cat?post=745313"},{"taxonomy":"product_tag","embeddable":true,"href":"https:\/\/stoic-curie.212-227-153-4.plesk.page\/hr\/wp-json\/wp\/v2\/product_tag?post=745313"}],"curies":[{"name":"wp","href":"https:\/\/api.w.org\/{rel}","templated":true}]}}