{"id":745317,"date":"2025-03-03T20:12:05","date_gmt":"2025-03-03T19:12:05","guid":{"rendered":"https:\/\/stoic-curie.212-227-153-4.plesk.page\/producto\/ultraflex-b73\/"},"modified":"2026-02-25T00:01:22","modified_gmt":"2026-02-25T00:01:22","slug":"ultraflex-b73","status":"publish","type":"product","link":"https:\/\/stoic-curie.212-227-153-4.plesk.page\/hr\/product\/ultraflex-b73\/","title":{"rendered":"Ultraflex B73"},"content":{"rendered":"<p>Ultraflex B73 &#8211; <\/p>\n<p style=\"color: rgb(34, 34, 34); font-family: Arial, Helvetica, sans-serif; font-size: small;\">Ova kontrola s jednom polugom i dvostrukom akcijom omogu\u0107uje vam besprijekorno upravljanje funkcijama gasa i promjene brzina. Kompatibilna je s bilo kojom plovilom koje ima unutarnji motor i pru\u017ea kontrolu s gornje strane za operacije gasa i promjene brzina na unutarnjim, vanjskim i stra\u017enjim motorima.<\/p>\n<p style=\"color: rgb(34, 34, 34); font-family: Arial, Helvetica, sans-serif; font-size: small;\">Sustav radi s kontrolnim kabelima C2, C8, C33 i MACHZero. Ako \u017eelite koristiti C5 kabel, mo\u017eete ga spojiti s K35 kitom (4620035). Dodatno, uklju\u010divanjem opcionalnog X12 sigurnosnog prekida\u010da (4620112), mo\u017eete osigurati da se motor pokrene samo kada je mjenja\u010d isklju\u010den.<\/p>\n<p style=\"color: rgb(34, 34, 34); font-family: Arial, Helvetica, sans-serif; font-size: small;\">Klju\u010dne zna\u010dajke uklju\u010duju:<\/p>\n<ul style=\"color: rgb(34, 34, 34); font-family: Arial, Helvetica, sans-serif; font-size: small;\">\n<li>Jednostavna i sigurna promjena brzina, prevencija slu\u010dajnog uklju\u010divanja stupnja prijenosa osim kada motor miruje.<\/li>\n<li>Izra\u0111eno od aluminija pogodne za more i kromirano radi izdr\u017eljivosti.<\/li>\n<li>Izvla\u010dna ru\u010dka koja isklju\u010duje promjenu brzine za zagrijavanje motora.<\/li>\n<li>Opcionalni sigurnosni prekida\u010d X12 (34543Q) sprje\u010dava paljenje motora dok je u brzini.<\/li>\n<li>U skladu s EN ISO 11547 standardima kada je instaliran X12 sigurnosni prekida\u010d.<\/li>\n<li>Kompatibilno sa svim Ultraflex kontrolnim kabelima motora, osim C22, C36 i MACH36.<\/li>\n<li>Ultraflex C5, C16 i MACH5 kablovi zahtijevaju K35 kit (34730U).<\/li>\n<\/ul>\n","protected":false},"excerpt":{"rendered":"<p>Ultraflex B73 &#8211; Ova kontrola s jednom polugom i dvostrukom akcijom omogu\u0107uje vam besprijekorno upravljanje funkcijama gasa i promjene brzina.<\/p>\n","protected":false},"featured_media":5948577,"comment_status":"open","ping_status":"closed","template":"","meta":[],"product_brand":[3501],"product_cat":[1791],"product_tag":[],"class_list":{"0":"post-745317","1":"product","2":"type-product","3":"status-publish","4":"has-post-thumbnail","6":"product_brand-ultraflex-uflex-hr","7":"product_cat-morse-poluge-gasa","9":"first","10":"instock","11":"shipping-taxable","12":"purchasable","13":"product-type-simple"},"_links":{"self":[{"href":"https:\/\/stoic-curie.212-227-153-4.plesk.page\/hr\/wp-json\/wp\/v2\/product\/745317","targetHints":{"allow":["GET"]}}],"collection":[{"href":"https:\/\/stoic-curie.212-227-153-4.plesk.page\/hr\/wp-json\/wp\/v2\/product"}],"about":[{"href":"https:\/\/stoic-curie.212-227-153-4.plesk.page\/hr\/wp-json\/wp\/v2\/types\/product"}],"replies":[{"embeddable":true,"href":"https:\/\/stoic-curie.212-227-153-4.plesk.page\/hr\/wp-json\/wp\/v2\/comments?post=745317"}],"version-history":[{"count":0,"href":"https:\/\/stoic-curie.212-227-153-4.plesk.page\/hr\/wp-json\/wp\/v2\/product\/745317\/revisions"}],"wp:featuredmedia":[{"embeddable":true,"href":"https:\/\/stoic-curie.212-227-153-4.plesk.page\/hr\/wp-json\/wp\/v2\/media\/5948577"}],"wp:attachment":[{"href":"https:\/\/stoic-curie.212-227-153-4.plesk.page\/hr\/wp-json\/wp\/v2\/media?parent=745317"}],"wp:term":[{"taxonomy":"product_brand","embeddable":true,"href":"https:\/\/stoic-curie.212-227-153-4.plesk.page\/hr\/wp-json\/wp\/v2\/product_brand?post=745317"},{"taxonomy":"product_cat","embeddable":true,"href":"https:\/\/stoic-curie.212-227-153-4.plesk.page\/hr\/wp-json\/wp\/v2\/product_cat?post=745317"},{"taxonomy":"product_tag","embeddable":true,"href":"https:\/\/stoic-curie.212-227-153-4.plesk.page\/hr\/wp-json\/wp\/v2\/product_tag?post=745317"}],"curies":[{"name":"wp","href":"https:\/\/api.w.org\/{rel}","templated":true}]}}