{"id":745318,"date":"2025-03-03T20:12:06","date_gmt":"2025-03-03T19:12:06","guid":{"rendered":"https:\/\/stoic-curie.212-227-153-4.plesk.page\/producto\/ultraflex-b77\/"},"modified":"2026-02-25T00:01:22","modified_gmt":"2026-02-25T00:01:22","slug":"ultraflex-b77","status":"publish","type":"product","link":"https:\/\/stoic-curie.212-227-153-4.plesk.page\/hr\/product\/ultraflex-b77\/","title":{"rendered":"Ultraflex b77"},"content":{"rendered":"<p>Ultraflex b77 &#8211; <\/p>\n<p style=\"color: rgb(34, 34, 34); font-family: Arial, Helvetica, sans-serif; font-size: small;\">Predstavljamo dvostruku kontrolu s jednim dugmetom, montiranu na vrhu, dizajniranu za upravljanje brzinom i izmjenom brzina na unutarnjim, vanbrodskim i stra\u017enjim pogonskim motorima. Ova kontrola je kompatibilna s C2, C8, C33 i MACHZero kontrolnim kablovima. Za C5 kablove mo\u017eete ih spojiti pomo\u0107u K35 kompleta (4620035).<\/p>\n<p style=\"color: rgb(34, 34, 34); font-family: Arial, Helvetica, sans-serif; font-size: small;\">Opcionalni sigurnosni prekida\u010d, X12 (4620112), osigurava da motor mo\u017ee pokrenuti samo kada je mjenja\u010d isklju\u010den, pove\u0107avaju\u0107i sigurnost.<\/p>\n<p style=\"color: rgb(34, 34, 34); font-family: Arial, Helvetica, sans-serif; font-size: small;\">Ova kontrola s jednim dugmetom omogu\u0107uje vam upravljanje funkcijama brzine i izmjene brzina, zajedno s funkcijom pode\u0161avanja. Prekida\u010d za napajanje je prakti\u010dno smje\u0161ten na dr\u0161ci, \u0161to olak\u0161ava naginjanje motora.<\/p>\n<p style=\"color: rgb(34, 34, 34); font-family: Arial, Helvetica, sans-serif; font-size: small;\">Klju\u010dne zna\u010dajke uklju\u010duju:<\/p>\n<ul style=\"color: rgb(34, 34, 34); font-family: Arial, Helvetica, sans-serif; font-size: small;\">\n<li>Sigurno i jednostavno prebacivanje koje sprje\u010dava slu\u010dajno uklju\u010divanje brzina osim kada motor radi u praznom hodu.<\/li>\n<li>Izra\u0111eno od aluminija otpornog na more s izdr\u017eljivim premazom u prahu.<\/li>\n<li>Uvu\u010dena ru\u010dka koja isklju\u010duje izmjenu brzine za zagrijavanje motora.<\/li>\n<li>Opcionalni neutralni sigurnosni prekida\u010d, X12 \u2013 34543Q, koji sprje\u010dava pokretanje motora dok je u brzini.<\/li>\n<li>Uskla\u0111enost s EN ISO 11547 standardima kada je sigurnosni prekida\u010d X12 instaliran.<\/li>\n<li>Kompatibilnost sa svim Ultraflex kontrolnim kablovima, osim s C22, C36 i MACH36.<\/li>\n<li>Ultraflex C5, C16 i MACH5 kablovi zahtijevaju K35 komplet \u2013 34730U.<\/li>\n<\/ul>\n<p style=\"color: rgb(34, 34, 34); font-family: Arial, Helvetica, sans-serif; font-size: small;\">Ovaj kontrolni sustav je prikladan za svaki \u010damac opremljen vanbrodskim ili I\/O pogonima, osiguravaju\u0107i pouzdano i korisniku prijateljsko iskustvo.<\/p>\n","protected":false},"excerpt":{"rendered":"<p>Ultraflex b77 &#8211; Predstavljamo dvostruku kontrolu s jednim dugmetom, montiranu na vrhu, dizajniranu za upravljanje brzinom i izmjenom brzina na<\/p>\n","protected":false},"featured_media":5948580,"comment_status":"open","ping_status":"closed","template":"","meta":[],"product_brand":[3501],"product_cat":[1791],"product_tag":[],"class_list":{"0":"post-745318","1":"product","2":"type-product","3":"status-publish","4":"has-post-thumbnail","6":"product_brand-ultraflex-uflex-hr","7":"product_cat-morse-poluge-gasa","9":"first","10":"instock","11":"shipping-taxable","12":"purchasable","13":"product-type-simple"},"_links":{"self":[{"href":"https:\/\/stoic-curie.212-227-153-4.plesk.page\/hr\/wp-json\/wp\/v2\/product\/745318","targetHints":{"allow":["GET"]}}],"collection":[{"href":"https:\/\/stoic-curie.212-227-153-4.plesk.page\/hr\/wp-json\/wp\/v2\/product"}],"about":[{"href":"https:\/\/stoic-curie.212-227-153-4.plesk.page\/hr\/wp-json\/wp\/v2\/types\/product"}],"replies":[{"embeddable":true,"href":"https:\/\/stoic-curie.212-227-153-4.plesk.page\/hr\/wp-json\/wp\/v2\/comments?post=745318"}],"version-history":[{"count":0,"href":"https:\/\/stoic-curie.212-227-153-4.plesk.page\/hr\/wp-json\/wp\/v2\/product\/745318\/revisions"}],"wp:featuredmedia":[{"embeddable":true,"href":"https:\/\/stoic-curie.212-227-153-4.plesk.page\/hr\/wp-json\/wp\/v2\/media\/5948580"}],"wp:attachment":[{"href":"https:\/\/stoic-curie.212-227-153-4.plesk.page\/hr\/wp-json\/wp\/v2\/media?parent=745318"}],"wp:term":[{"taxonomy":"product_brand","embeddable":true,"href":"https:\/\/stoic-curie.212-227-153-4.plesk.page\/hr\/wp-json\/wp\/v2\/product_brand?post=745318"},{"taxonomy":"product_cat","embeddable":true,"href":"https:\/\/stoic-curie.212-227-153-4.plesk.page\/hr\/wp-json\/wp\/v2\/product_cat?post=745318"},{"taxonomy":"product_tag","embeddable":true,"href":"https:\/\/stoic-curie.212-227-153-4.plesk.page\/hr\/wp-json\/wp\/v2\/product_tag?post=745318"}],"curies":[{"name":"wp","href":"https:\/\/api.w.org\/{rel}","templated":true}]}}