{"id":745358,"date":"2025-03-03T20:15:38","date_gmt":"2025-03-03T19:15:38","guid":{"rendered":"https:\/\/stoic-curie.212-227-153-4.plesk.page\/producto\/ultraflex-mach5-5ft-1-53mt\/"},"modified":"2026-02-25T00:01:22","modified_gmt":"2026-02-25T00:01:22","slug":"ultraflex-mach5-5ft-1-53mt","status":"publish","type":"product","link":"https:\/\/stoic-curie.212-227-153-4.plesk.page\/hr\/product\/ultraflex-mach5-5ft-1-53mt\/","title":{"rendered":"Ultraflex Mach5 5ft 1.53mt"},"content":{"rendered":"<p>Ultraflex Mach5 5ft 1.53mt &#8211; <\/p>\n<p>Jednostavno kretanje i visoka fleksibilnost daljinskih upravlja\u010dkih kabela s nehr\u0111aju\u0107im \u010deli\u010dnim terminalima. Navlaka otporna na habanje, UV zrake i kemikalije. Hodatak od 95 mm. Za Mercury i Mariner (>50KS) vanbrodske motore i Mercruiser krmne pogone.<\/p>\n","protected":false},"excerpt":{"rendered":"<p>Ultraflex Mach5 5ft 1.53mt &#8211; Jednostavno kretanje i visoka fleksibilnost daljinskih upravlja\u010dkih kabela s nehr\u0111aju\u0107im \u010deli\u010dnim terminalima. Navlaka otporna na<\/p>\n","protected":false},"featured_media":5948616,"comment_status":"open","ping_status":"closed","template":"","meta":[],"product_brand":[2169,3501],"product_cat":[1784],"product_tag":[],"class_list":{"0":"post-745358","1":"product","2":"type-product","3":"status-publish","4":"has-post-thumbnail","6":"product_brand-ultraflex-uflex","7":"product_brand-ultraflex-uflex-hr","8":"product_cat-morse-kabeli-za-upravljanje-motorom","10":"first","11":"instock","12":"shipping-taxable","13":"purchasable","14":"product-type-simple"},"_links":{"self":[{"href":"https:\/\/stoic-curie.212-227-153-4.plesk.page\/hr\/wp-json\/wp\/v2\/product\/745358","targetHints":{"allow":["GET"]}}],"collection":[{"href":"https:\/\/stoic-curie.212-227-153-4.plesk.page\/hr\/wp-json\/wp\/v2\/product"}],"about":[{"href":"https:\/\/stoic-curie.212-227-153-4.plesk.page\/hr\/wp-json\/wp\/v2\/types\/product"}],"replies":[{"embeddable":true,"href":"https:\/\/stoic-curie.212-227-153-4.plesk.page\/hr\/wp-json\/wp\/v2\/comments?post=745358"}],"version-history":[{"count":0,"href":"https:\/\/stoic-curie.212-227-153-4.plesk.page\/hr\/wp-json\/wp\/v2\/product\/745358\/revisions"}],"wp:featuredmedia":[{"embeddable":true,"href":"https:\/\/stoic-curie.212-227-153-4.plesk.page\/hr\/wp-json\/wp\/v2\/media\/5948616"}],"wp:attachment":[{"href":"https:\/\/stoic-curie.212-227-153-4.plesk.page\/hr\/wp-json\/wp\/v2\/media?parent=745358"}],"wp:term":[{"taxonomy":"product_brand","embeddable":true,"href":"https:\/\/stoic-curie.212-227-153-4.plesk.page\/hr\/wp-json\/wp\/v2\/product_brand?post=745358"},{"taxonomy":"product_cat","embeddable":true,"href":"https:\/\/stoic-curie.212-227-153-4.plesk.page\/hr\/wp-json\/wp\/v2\/product_cat?post=745358"},{"taxonomy":"product_tag","embeddable":true,"href":"https:\/\/stoic-curie.212-227-153-4.plesk.page\/hr\/wp-json\/wp\/v2\/product_tag?post=745358"}],"curies":[{"name":"wp","href":"https:\/\/api.w.org\/{rel}","templated":true}]}}