{"id":745374,"date":"2025-03-03T20:15:43","date_gmt":"2025-03-03T19:15:43","guid":{"rendered":"https:\/\/stoic-curie.212-227-153-4.plesk.page\/producto\/ultraflex-mach5-24ft-7-33mt\/"},"modified":"2026-02-25T00:01:22","modified_gmt":"2026-02-25T00:01:22","slug":"ultraflex-mach5-24ft-7-33mt","status":"publish","type":"product","link":"https:\/\/stoic-curie.212-227-153-4.plesk.page\/hr\/product\/ultraflex-mach5-24ft-7-33mt\/","title":{"rendered":"Ultraflex Mach5 24ft 7.33mt"},"content":{"rendered":"<p>Ultraflex Mach5 24ft 7.33mt &#8211; <\/p>\n<p>Jednostavna kretanja, visoko fleksibilni kablovi za daljinsko upravljanje s priklju\u010dcima od nehr\u0111aju\u0107eg \u010delika. Pokriva\u010d otporan na abraziju, UV zrake i kemikalije. 95 mm hod. Za vanbrodske motore Mercury i Mariner (>50KS) te Mercruiser stra\u017enje pogone.<\/p>\n","protected":false},"excerpt":{"rendered":"<p>Ultraflex Mach5 24ft 7.33mt &#8211; Jednostavna kretanja, visoko fleksibilni kablovi za daljinsko upravljanje s priklju\u010dcima od nehr\u0111aju\u0107eg \u010delika. Pokriva\u010d otporan<\/p>\n","protected":false},"featured_media":5948616,"comment_status":"open","ping_status":"closed","template":"","meta":[],"product_brand":[3501],"product_cat":[1784],"product_tag":[],"class_list":{"0":"post-745374","1":"product","2":"type-product","3":"status-publish","4":"has-post-thumbnail","6":"product_brand-ultraflex-uflex-hr","7":"product_cat-morse-kabeli-za-upravljanje-motorom","9":"first","10":"instock","11":"shipping-taxable","12":"purchasable","13":"product-type-simple"},"_links":{"self":[{"href":"https:\/\/stoic-curie.212-227-153-4.plesk.page\/hr\/wp-json\/wp\/v2\/product\/745374","targetHints":{"allow":["GET"]}}],"collection":[{"href":"https:\/\/stoic-curie.212-227-153-4.plesk.page\/hr\/wp-json\/wp\/v2\/product"}],"about":[{"href":"https:\/\/stoic-curie.212-227-153-4.plesk.page\/hr\/wp-json\/wp\/v2\/types\/product"}],"replies":[{"embeddable":true,"href":"https:\/\/stoic-curie.212-227-153-4.plesk.page\/hr\/wp-json\/wp\/v2\/comments?post=745374"}],"version-history":[{"count":0,"href":"https:\/\/stoic-curie.212-227-153-4.plesk.page\/hr\/wp-json\/wp\/v2\/product\/745374\/revisions"}],"wp:featuredmedia":[{"embeddable":true,"href":"https:\/\/stoic-curie.212-227-153-4.plesk.page\/hr\/wp-json\/wp\/v2\/media\/5948616"}],"wp:attachment":[{"href":"https:\/\/stoic-curie.212-227-153-4.plesk.page\/hr\/wp-json\/wp\/v2\/media?parent=745374"}],"wp:term":[{"taxonomy":"product_brand","embeddable":true,"href":"https:\/\/stoic-curie.212-227-153-4.plesk.page\/hr\/wp-json\/wp\/v2\/product_brand?post=745374"},{"taxonomy":"product_cat","embeddable":true,"href":"https:\/\/stoic-curie.212-227-153-4.plesk.page\/hr\/wp-json\/wp\/v2\/product_cat?post=745374"},{"taxonomy":"product_tag","embeddable":true,"href":"https:\/\/stoic-curie.212-227-153-4.plesk.page\/hr\/wp-json\/wp\/v2\/product_tag?post=745374"}],"curies":[{"name":"wp","href":"https:\/\/api.w.org\/{rel}","templated":true}]}}