{"id":745398,"date":"2025-03-03T20:15:50","date_gmt":"2025-03-03T19:15:50","guid":{"rendered":"https:\/\/stoic-curie.212-227-153-4.plesk.page\/producto\/ultraflex-mach14-22ft-6-72mt\/"},"modified":"2026-02-25T00:01:22","modified_gmt":"2026-02-25T00:01:22","slug":"ultraflex-mach14-22ft-6-72mt","status":"publish","type":"product","link":"https:\/\/stoic-curie.212-227-153-4.plesk.page\/hr\/product\/ultraflex-mach14-22ft-6-72mt\/","title":{"rendered":"Ultraflex Mach14 22ft 6.72mt"},"content":{"rendered":"<p>Ultraflex Mach14 22ft 6.72mt &#8211; <\/p>\n<p>Laka pokretljivost, visoko fleksibilni daljinski upravlja\u010dki kablovi sa priklju\u010dcima od nehr\u0111aju\u0107eg \u010delika. Otpornost na habanje, UV zrake i kemikalije. Hoda 95 mm. Za vanbrodske motore Johnson\/Evinrude\/BRP (od 1979.) i OMC\/BRP (od 1979.) krmene pogone.<\/p>\n","protected":false},"excerpt":{"rendered":"<p>Ultraflex Mach14 22ft 6.72mt &#8211; Laka pokretljivost, visoko fleksibilni daljinski upravlja\u010dki kablovi sa priklju\u010dcima od nehr\u0111aju\u0107eg \u010delika. Otpornost na habanje,<\/p>\n","protected":false},"featured_media":5948620,"comment_status":"open","ping_status":"closed","template":"","meta":[],"product_brand":[3501],"product_cat":[1784],"product_tag":[],"class_list":{"0":"post-745398","1":"product","2":"type-product","3":"status-publish","4":"has-post-thumbnail","6":"product_brand-ultraflex-uflex-hr","7":"product_cat-morse-kabeli-za-upravljanje-motorom","9":"first","10":"instock","11":"shipping-taxable","12":"purchasable","13":"product-type-simple"},"_links":{"self":[{"href":"https:\/\/stoic-curie.212-227-153-4.plesk.page\/hr\/wp-json\/wp\/v2\/product\/745398","targetHints":{"allow":["GET"]}}],"collection":[{"href":"https:\/\/stoic-curie.212-227-153-4.plesk.page\/hr\/wp-json\/wp\/v2\/product"}],"about":[{"href":"https:\/\/stoic-curie.212-227-153-4.plesk.page\/hr\/wp-json\/wp\/v2\/types\/product"}],"replies":[{"embeddable":true,"href":"https:\/\/stoic-curie.212-227-153-4.plesk.page\/hr\/wp-json\/wp\/v2\/comments?post=745398"}],"version-history":[{"count":0,"href":"https:\/\/stoic-curie.212-227-153-4.plesk.page\/hr\/wp-json\/wp\/v2\/product\/745398\/revisions"}],"wp:featuredmedia":[{"embeddable":true,"href":"https:\/\/stoic-curie.212-227-153-4.plesk.page\/hr\/wp-json\/wp\/v2\/media\/5948620"}],"wp:attachment":[{"href":"https:\/\/stoic-curie.212-227-153-4.plesk.page\/hr\/wp-json\/wp\/v2\/media?parent=745398"}],"wp:term":[{"taxonomy":"product_brand","embeddable":true,"href":"https:\/\/stoic-curie.212-227-153-4.plesk.page\/hr\/wp-json\/wp\/v2\/product_brand?post=745398"},{"taxonomy":"product_cat","embeddable":true,"href":"https:\/\/stoic-curie.212-227-153-4.plesk.page\/hr\/wp-json\/wp\/v2\/product_cat?post=745398"},{"taxonomy":"product_tag","embeddable":true,"href":"https:\/\/stoic-curie.212-227-153-4.plesk.page\/hr\/wp-json\/wp\/v2\/product_tag?post=745398"}],"curies":[{"name":"wp","href":"https:\/\/api.w.org\/{rel}","templated":true}]}}