{"id":745403,"date":"2025-03-03T20:15:51","date_gmt":"2025-03-03T19:15:51","guid":{"rendered":"https:\/\/stoic-curie.212-227-153-4.plesk.page\/producto\/tunel-od-stakloplastike-za-quick-140mm-x-75cm\/"},"modified":"2026-02-25T00:01:22","modified_gmt":"2026-02-25T00:01:22","slug":"tunel-od-stakloplastike-za-quick-140mm-x-75cm","status":"publish","type":"product","link":"https:\/\/stoic-curie.212-227-153-4.plesk.page\/hr\/product\/tunel-od-stakloplastike-za-quick-140mm-x-75cm\/","title":{"rendered":"Tunel od stakloplastike 140mm x 75cm"},"content":{"rendered":"<p>Tunel od stakloplastike 140mm x 75cm &#8211; <\/p>\n<p>Ovaj tunel od stakloplastike pa\u017eljivo je dizajniran za besprijekornu instalaciju brodskih potisnika, \u0161to ga \u010dini savr\u0161enim izborom za marke Quick i Vetus. S duljinom od 75 cm i promjerom od 140 mm, ovaj tunel predstavlja izvrsnu opciju za ispunjavanje va\u0161ih potreba na moru i pobolj\u0161anje upravljivosti va\u0161eg plovila.<\/p>\n<p><strong>Specifikacije:<\/strong><\/p>\n<ul>\n<li><strong>Materijal:<\/strong> GRP (stakloplastika) \u2013 poznat po svojoj \u010dvrsto\u0107i i izdr\u017eljivosti<\/li>\n<li><strong>Marka:<\/strong> Quick \u2013 pouzdano ime u pomorskoj opremi<\/li>\n<li><strong>Duljina:<\/strong> 750 mm \u2013 osigurava dovoljno prostora za instalaciju<\/li>\n<li><strong>Promjer:<\/strong> 140 mm \u2013 osigurava kompatibilnost s raznim modelima potisnika<\/li>\n<li><strong>Debljina:<\/strong> 5,5 mm \u2013 nudi robusnu konstrukciju za dugotrajne performanse<\/li>\n<\/ul>\n<p>Ovaj proizvod je izvrstan ulaganje za svakog ljubitelja brodarstva koji \u017eeli pobolj\u0161ati svoje iskustvo na moru.<\/p>\n","protected":false},"excerpt":{"rendered":"<p>Tunel od stakloplastike 140mm x 75cm &#8211; Ovaj tunel od stakloplastike pa\u017eljivo je dizajniran za besprijekornu instalaciju brodskih potisnika, \u0161to<\/p>\n","protected":false},"featured_media":5942044,"comment_status":"open","ping_status":"closed","template":"","meta":[],"product_brand":[3281],"product_cat":[1610,1609],"product_tag":[],"class_list":{"0":"post-745403","1":"product","2":"type-product","3":"status-publish","4":"has-post-thumbnail","6":"product_brand-quick-hr","7":"product_cat-pramcani-potisnici-quick","8":"product_cat-pramcani-potisnici-vetus","10":"first","11":"instock","12":"shipping-taxable","13":"purchasable","14":"product-type-simple"},"_links":{"self":[{"href":"https:\/\/stoic-curie.212-227-153-4.plesk.page\/hr\/wp-json\/wp\/v2\/product\/745403","targetHints":{"allow":["GET"]}}],"collection":[{"href":"https:\/\/stoic-curie.212-227-153-4.plesk.page\/hr\/wp-json\/wp\/v2\/product"}],"about":[{"href":"https:\/\/stoic-curie.212-227-153-4.plesk.page\/hr\/wp-json\/wp\/v2\/types\/product"}],"replies":[{"embeddable":true,"href":"https:\/\/stoic-curie.212-227-153-4.plesk.page\/hr\/wp-json\/wp\/v2\/comments?post=745403"}],"version-history":[{"count":0,"href":"https:\/\/stoic-curie.212-227-153-4.plesk.page\/hr\/wp-json\/wp\/v2\/product\/745403\/revisions"}],"wp:featuredmedia":[{"embeddable":true,"href":"https:\/\/stoic-curie.212-227-153-4.plesk.page\/hr\/wp-json\/wp\/v2\/media\/5942044"}],"wp:attachment":[{"href":"https:\/\/stoic-curie.212-227-153-4.plesk.page\/hr\/wp-json\/wp\/v2\/media?parent=745403"}],"wp:term":[{"taxonomy":"product_brand","embeddable":true,"href":"https:\/\/stoic-curie.212-227-153-4.plesk.page\/hr\/wp-json\/wp\/v2\/product_brand?post=745403"},{"taxonomy":"product_cat","embeddable":true,"href":"https:\/\/stoic-curie.212-227-153-4.plesk.page\/hr\/wp-json\/wp\/v2\/product_cat?post=745403"},{"taxonomy":"product_tag","embeddable":true,"href":"https:\/\/stoic-curie.212-227-153-4.plesk.page\/hr\/wp-json\/wp\/v2\/product_tag?post=745403"}],"curies":[{"name":"wp","href":"https:\/\/api.w.org\/{rel}","templated":true}]}}