{"id":745406,"date":"2025-03-03T20:15:52","date_gmt":"2025-03-03T19:15:52","guid":{"rendered":"https:\/\/stoic-curie.212-227-153-4.plesk.page\/producto\/set-protiv-obrastanja-foulfree\/"},"modified":"2026-02-25T00:01:22","modified_gmt":"2026-02-25T00:01:22","slug":"set-protiv-obrastanja-foulfree","status":"publish","type":"product","link":"https:\/\/stoic-curie.212-227-153-4.plesk.page\/hr\/product\/set-protiv-obrastanja-foulfree\/","title":{"rendered":"Set protiv obra\u0161tanja Foulfree"},"content":{"rendered":"<p>Set protiv obra\u0161tanja Foulfree &#8211; <\/p>\n<p>Jednostavna za\u0161titna antifouling prevlaka u setu za transducere. Airmar certifikat, ne uzrokuje gubitak u performansama transducera. Sprje\u010dava rast algi i kamenca te poti\u010de protok vode preko povr\u0161ine za savr\u0161eno jasni signal. Uklju\u010duje 15 ml antifouling tube, pripremne maramice, spu\u017evu i \u010detku.<\/p>\n","protected":false},"excerpt":{"rendered":"<p>Set protiv obra\u0161tanja Foulfree &#8211; Jednostavna za\u0161titna antifouling prevlaka u setu za transducere. Airmar certifikat, ne uzrokuje gubitak u performansama<\/p>\n","protected":false},"featured_media":5948645,"comment_status":"open","ping_status":"closed","template":"","meta":[],"product_brand":[3276],"product_cat":[1634],"product_tag":[],"class_list":{"0":"post-745406","1":"product","2":"type-product","3":"status-publish","4":"has-post-thumbnail","6":"product_brand-propspeed-hr","7":"product_cat-brodske-boje","9":"first","10":"instock","11":"shipping-taxable","12":"purchasable","13":"product-type-simple"},"_links":{"self":[{"href":"https:\/\/stoic-curie.212-227-153-4.plesk.page\/hr\/wp-json\/wp\/v2\/product\/745406","targetHints":{"allow":["GET"]}}],"collection":[{"href":"https:\/\/stoic-curie.212-227-153-4.plesk.page\/hr\/wp-json\/wp\/v2\/product"}],"about":[{"href":"https:\/\/stoic-curie.212-227-153-4.plesk.page\/hr\/wp-json\/wp\/v2\/types\/product"}],"replies":[{"embeddable":true,"href":"https:\/\/stoic-curie.212-227-153-4.plesk.page\/hr\/wp-json\/wp\/v2\/comments?post=745406"}],"version-history":[{"count":0,"href":"https:\/\/stoic-curie.212-227-153-4.plesk.page\/hr\/wp-json\/wp\/v2\/product\/745406\/revisions"}],"wp:featuredmedia":[{"embeddable":true,"href":"https:\/\/stoic-curie.212-227-153-4.plesk.page\/hr\/wp-json\/wp\/v2\/media\/5948645"}],"wp:attachment":[{"href":"https:\/\/stoic-curie.212-227-153-4.plesk.page\/hr\/wp-json\/wp\/v2\/media?parent=745406"}],"wp:term":[{"taxonomy":"product_brand","embeddable":true,"href":"https:\/\/stoic-curie.212-227-153-4.plesk.page\/hr\/wp-json\/wp\/v2\/product_brand?post=745406"},{"taxonomy":"product_cat","embeddable":true,"href":"https:\/\/stoic-curie.212-227-153-4.plesk.page\/hr\/wp-json\/wp\/v2\/product_cat?post=745406"},{"taxonomy":"product_tag","embeddable":true,"href":"https:\/\/stoic-curie.212-227-153-4.plesk.page\/hr\/wp-json\/wp\/v2\/product_tag?post=745406"}],"curies":[{"name":"wp","href":"https:\/\/api.w.org\/{rel}","templated":true}]}}