{"id":745409,"date":"2025-03-03T20:15:53","date_gmt":"2025-03-03T19:15:53","guid":{"rendered":"https:\/\/stoic-curie.212-227-153-4.plesk.page\/producto\/zdjela-za-salatu-s-priborom-za-posluzivanje-o-25-cm\/"},"modified":"2026-02-25T00:01:23","modified_gmt":"2026-02-25T00:01:23","slug":"zdjela-za-salatu-s-priborom-za-posluzivanje-o-25-cm","status":"publish","type":"product","link":"https:\/\/stoic-curie.212-227-153-4.plesk.page\/hr\/product\/zdjela-za-salatu-s-priborom-za-posluzivanje-o-25-cm\/","title":{"rendered":"Zdjela za salatu s priborom za poslu\u017eivanje \u00f8 25 cm"},"content":{"rendered":"<p>Zdjela za salatu s priborom za poslu\u017eivanje \u00f8 25 cm &#8211; <\/p>\n<p>Prekrasna ukra\u0161ena salatna zdjela s priborom za poslu\u017eivanje. Izra\u0111ena od 100% certificiranog melamina sigurnog za hranu. Periva u perilici posu\u0111a, neuni\u0161tiva i otporna na mrlje.<\/p>\n","protected":false},"excerpt":{"rendered":"<p>Zdjela za salatu s priborom za poslu\u017eivanje \u00f8 25 cm &#8211; Prekrasna ukra\u0161ena salatna zdjela s priborom za poslu\u017eivanje. Izra\u0111ena<\/p>\n","protected":false},"featured_media":5948677,"comment_status":"open","ping_status":"closed","template":"","meta":[],"product_brand":[3111,2232],"product_cat":[1645],"product_tag":[],"class_list":{"0":"post-745409","1":"product","2":"type-product","3":"status-publish","4":"has-post-thumbnail","6":"product_brand-marine-business-mb-hr","7":"product_brand-marine-business-mb","8":"product_cat-brodsko-posude","10":"first","11":"instock","12":"shipping-taxable","13":"purchasable","14":"product-type-simple"},"_links":{"self":[{"href":"https:\/\/stoic-curie.212-227-153-4.plesk.page\/hr\/wp-json\/wp\/v2\/product\/745409","targetHints":{"allow":["GET"]}}],"collection":[{"href":"https:\/\/stoic-curie.212-227-153-4.plesk.page\/hr\/wp-json\/wp\/v2\/product"}],"about":[{"href":"https:\/\/stoic-curie.212-227-153-4.plesk.page\/hr\/wp-json\/wp\/v2\/types\/product"}],"replies":[{"embeddable":true,"href":"https:\/\/stoic-curie.212-227-153-4.plesk.page\/hr\/wp-json\/wp\/v2\/comments?post=745409"}],"version-history":[{"count":0,"href":"https:\/\/stoic-curie.212-227-153-4.plesk.page\/hr\/wp-json\/wp\/v2\/product\/745409\/revisions"}],"wp:featuredmedia":[{"embeddable":true,"href":"https:\/\/stoic-curie.212-227-153-4.plesk.page\/hr\/wp-json\/wp\/v2\/media\/5948677"}],"wp:attachment":[{"href":"https:\/\/stoic-curie.212-227-153-4.plesk.page\/hr\/wp-json\/wp\/v2\/media?parent=745409"}],"wp:term":[{"taxonomy":"product_brand","embeddable":true,"href":"https:\/\/stoic-curie.212-227-153-4.plesk.page\/hr\/wp-json\/wp\/v2\/product_brand?post=745409"},{"taxonomy":"product_cat","embeddable":true,"href":"https:\/\/stoic-curie.212-227-153-4.plesk.page\/hr\/wp-json\/wp\/v2\/product_cat?post=745409"},{"taxonomy":"product_tag","embeddable":true,"href":"https:\/\/stoic-curie.212-227-153-4.plesk.page\/hr\/wp-json\/wp\/v2\/product_tag?post=745409"}],"curies":[{"name":"wp","href":"https:\/\/api.w.org\/{rel}","templated":true}]}}