{"id":745421,"date":"2025-03-03T20:15:57","date_gmt":"2025-03-03T19:15:57","guid":{"rendered":"https:\/\/stoic-curie.212-227-153-4.plesk.page\/producto\/prikljucak-ultra-za-lanac-6-8\/"},"modified":"2026-02-25T00:01:23","modified_gmt":"2026-02-25T00:01:23","slug":"prikljucak-ultra-za-lanac-6-8","status":"publish","type":"product","link":"https:\/\/stoic-curie.212-227-153-4.plesk.page\/hr\/product\/prikljucak-ultra-za-lanac-6-8\/","title":{"rendered":"Sidro Prikljucak Ultra za lanac 6\/8"},"content":{"rendered":"<p>Sidro Prikljucak Ultra za lanac 6\/8 &#8211; <\/p>\n<p>Predstavljamo UFS8-21 ULTRA Flip Swivel, dizajniran za lance debljine od 6 do 8 mm ili 3\/16&#8243; do 5\/16&#8243;, sposoban podr\u017eati sidra te\u017eine do 21 kg\/46 lbs.<\/p>\n<p>ULTRA Flip Swivel je premium konektor od nehr\u0111aju\u0107eg \u010delika, certificiran od strane RINA-e. Opremljen je kugli\u010dnim zglobom i Teflonm o-prstenom, koji omogu\u0107uju glatko pozicioniranje sidra unutar vo\u0111enja valjka, \u010dime se sprje\u010davaju zastoji ili zaplitanja. Ovaj inovativni dizajn u\u010dinkovito smanjuje mogu\u0107e probleme vezane uz vu\u010du vitla i zaplitanje lanca.<\/p>\n<p>Ovaj jedinstveno konstruiran sidreni vrtnjar povezuje lanac i sidro bez potrebe za dodatnim karikama. Izra\u0111en od 316 nehr\u0111aju\u0107eg \u010delika i pomno ru\u010dno poliran za postizanje vrhunskog izgleda, ULTRA Flip Swivel je istovremeno robusan i aerodinami\u010dan. Funkcionira bez potrebe za zaklju\u010dnim iglicama ili sigurnosnim \u017eicama, jam\u010de\u0107i jednostavnost kori\u0161tenja sa sidrima te\u017eine do 21 kg\/46 lbs. Proizveden u Turskoj, ovaj vrtnjar je dizajniran za iznimnu izdr\u017eljivost i performanse.<\/p>\n<p>Osniva\u010dka snaga vrtnjara obi\u010dno prema\u0161uje onu lanca na koji je pri\u010dvr\u0161\u0107en, omogu\u0107avaju\u0107i rotaciju od 30 stupnjeva i potpuno 360-stupnjevno okretanje. ULTRA Flip Swivel ima specijalizirani preklopni izbo\u010dina i stra\u017enji most, koji poma\u017eu u vra\u0107anju sidra u pravom polo\u017eaju kada se povu\u010de u vodilicu broda. Ova funkcionalnost, zajedno s njegovim rotacionim sposobnostima, pove\u0107ava sigurnost i jednostavnost postavljanja i vra\u0107anja sidra.<\/p>\n<p>\u0160esterokutni vijci za zaklju\u010davanje eliminiraju potrebu za dodatnim vijcima za u\u010dvr\u0161\u0107ivanje vrtnarskih iglica. Svaki ULTRA Flip Swivel ozna\u010den je svojom snagom razbijanja na stra\u017enjoj strani tijela od jednog dijela. Za optimalnu izvedbu, preporu\u010duje se koristiti ovaj vrtnjar zajedno s ULTRA sidrima, osiguravaju\u0107i najvi\u0161i nivo kompatibilnosti.<\/p>\n<p>ULTRA Flip Swivel dolazi s standardnom petogodi\u0161njom garancijom i uklju\u010duje jedinstvene dizajnerske karakteristike koje ga izdvajaju kao jedan od najnaprednijih vrtnara sidara koji su trenutno dostupni na tr\u017ei\u0161tu.<\/p>\n","protected":false},"excerpt":{"rendered":"<p>Sidro Prikljucak Ultra za lanac 6\/8 &#8211; Predstavljamo UFS8-21 ULTRA Flip Swivel, dizajniran za lance debljine od 6 do 8<\/p>\n","protected":false},"featured_media":5946957,"comment_status":"open","ping_status":"closed","template":"","meta":[],"product_brand":[3496],"product_cat":[1867,1865],"product_tag":[],"class_list":{"0":"post-745421","1":"product","2":"type-product","3":"status-publish","4":"has-post-thumbnail","6":"product_brand-ultra-marine-hr","7":"product_cat-sidra-ultra","8":"product_cat-vrtuljci-za-sidra","10":"first","11":"instock","12":"shipping-taxable","13":"purchasable","14":"product-type-simple"},"_links":{"self":[{"href":"https:\/\/stoic-curie.212-227-153-4.plesk.page\/hr\/wp-json\/wp\/v2\/product\/745421","targetHints":{"allow":["GET"]}}],"collection":[{"href":"https:\/\/stoic-curie.212-227-153-4.plesk.page\/hr\/wp-json\/wp\/v2\/product"}],"about":[{"href":"https:\/\/stoic-curie.212-227-153-4.plesk.page\/hr\/wp-json\/wp\/v2\/types\/product"}],"replies":[{"embeddable":true,"href":"https:\/\/stoic-curie.212-227-153-4.plesk.page\/hr\/wp-json\/wp\/v2\/comments?post=745421"}],"version-history":[{"count":0,"href":"https:\/\/stoic-curie.212-227-153-4.plesk.page\/hr\/wp-json\/wp\/v2\/product\/745421\/revisions"}],"wp:featuredmedia":[{"embeddable":true,"href":"https:\/\/stoic-curie.212-227-153-4.plesk.page\/hr\/wp-json\/wp\/v2\/media\/5946957"}],"wp:attachment":[{"href":"https:\/\/stoic-curie.212-227-153-4.plesk.page\/hr\/wp-json\/wp\/v2\/media?parent=745421"}],"wp:term":[{"taxonomy":"product_brand","embeddable":true,"href":"https:\/\/stoic-curie.212-227-153-4.plesk.page\/hr\/wp-json\/wp\/v2\/product_brand?post=745421"},{"taxonomy":"product_cat","embeddable":true,"href":"https:\/\/stoic-curie.212-227-153-4.plesk.page\/hr\/wp-json\/wp\/v2\/product_cat?post=745421"},{"taxonomy":"product_tag","embeddable":true,"href":"https:\/\/stoic-curie.212-227-153-4.plesk.page\/hr\/wp-json\/wp\/v2\/product_tag?post=745421"}],"curies":[{"name":"wp","href":"https:\/\/api.w.org\/{rel}","templated":true}]}}