{"id":745424,"date":"2025-03-03T20:19:18","date_gmt":"2025-03-03T19:19:18","guid":{"rendered":"https:\/\/stoic-curie.212-227-153-4.plesk.page\/producto\/baza-za-profil-bokostitnice-u-flat-h40-2mt\/"},"modified":"2026-02-25T00:01:23","modified_gmt":"2026-02-25T00:01:23","slug":"baza-za-profil-bokostitnice-u-flat-h40-2mt","status":"publish","type":"product","link":"https:\/\/stoic-curie.212-227-153-4.plesk.page\/hr\/product\/baza-za-profil-bokostitnice-u-flat-h40-2mt\/","title":{"rendered":"Baza za profil boko\u0161titnice U-flat H40"},"content":{"rendered":"<p>Baza za profil boko\u0161titnice U-flat H40 &#8211; <\/p>\n<p>PVC profil za fendere za za\u0161titu ravnih strana \u010damca. Potrebna je U2 traka za monta\u017eu. Krajni poklopac i zavr\u0161ni spoj dostupni su u razli\u010ditim bojama.<\/p>\n","protected":false},"excerpt":{"rendered":"<p>Baza za profil boko\u0161titnice U-flat H40 &#8211; PVC profil za fendere za za\u0161titu ravnih strana \u010damca. Potrebna je U2 traka<\/p>\n","protected":false},"featured_media":5948728,"comment_status":"open","ping_status":"closed","template":"","meta":[],"product_brand":[3481],"product_cat":[1852],"product_tag":[],"class_list":{"0":"post-745424","1":"product","2":"type-product","3":"status-publish","4":"has-post-thumbnail","6":"product_brand-tessilmare-hr","7":"product_cat-profili-za-bokobrane","9":"first","10":"instock","11":"shipping-taxable","12":"purchasable","13":"product-type-simple"},"_links":{"self":[{"href":"https:\/\/stoic-curie.212-227-153-4.plesk.page\/hr\/wp-json\/wp\/v2\/product\/745424","targetHints":{"allow":["GET"]}}],"collection":[{"href":"https:\/\/stoic-curie.212-227-153-4.plesk.page\/hr\/wp-json\/wp\/v2\/product"}],"about":[{"href":"https:\/\/stoic-curie.212-227-153-4.plesk.page\/hr\/wp-json\/wp\/v2\/types\/product"}],"replies":[{"embeddable":true,"href":"https:\/\/stoic-curie.212-227-153-4.plesk.page\/hr\/wp-json\/wp\/v2\/comments?post=745424"}],"version-history":[{"count":0,"href":"https:\/\/stoic-curie.212-227-153-4.plesk.page\/hr\/wp-json\/wp\/v2\/product\/745424\/revisions"}],"wp:featuredmedia":[{"embeddable":true,"href":"https:\/\/stoic-curie.212-227-153-4.plesk.page\/hr\/wp-json\/wp\/v2\/media\/5948728"}],"wp:attachment":[{"href":"https:\/\/stoic-curie.212-227-153-4.plesk.page\/hr\/wp-json\/wp\/v2\/media?parent=745424"}],"wp:term":[{"taxonomy":"product_brand","embeddable":true,"href":"https:\/\/stoic-curie.212-227-153-4.plesk.page\/hr\/wp-json\/wp\/v2\/product_brand?post=745424"},{"taxonomy":"product_cat","embeddable":true,"href":"https:\/\/stoic-curie.212-227-153-4.plesk.page\/hr\/wp-json\/wp\/v2\/product_cat?post=745424"},{"taxonomy":"product_tag","embeddable":true,"href":"https:\/\/stoic-curie.212-227-153-4.plesk.page\/hr\/wp-json\/wp\/v2\/product_tag?post=745424"}],"curies":[{"name":"wp","href":"https:\/\/api.w.org\/{rel}","templated":true}]}}