{"id":745425,"date":"2025-03-03T20:19:19","date_gmt":"2025-03-03T19:19:19","guid":{"rendered":"https:\/\/stoic-curie.212-227-153-4.plesk.page\/producto\/stolica-od-tikovine-crna-mb-52-x-48-x-h90cm\/"},"modified":"2026-02-25T00:01:23","modified_gmt":"2026-02-25T00:01:23","slug":"stolica-od-tikovine-crna-mb-52-x-48-x-h90cm","status":"publish","type":"product","link":"https:\/\/stoic-curie.212-227-153-4.plesk.page\/hr\/product\/stolica-od-tikovine-crna-mb-52-x-48-x-h90cm\/","title":{"rendered":"Stolica od tikovine crna MB 52 x 48 x H90cm"},"content":{"rendered":"<p>Stolica od tikovine crna MB 52 x 48 x H90cm &#8211; <\/p>\n<p>Sklopive re\u017eiserske stolice od tikovine vrhunske kvalitete, otporne na UV zrake za pomorsku upotrebu. Nehr\u0111aju\u0107i \u010delik hardverski elementi i vijci, sa uvu\u010denim \u0161arkama i oja\u010danom potporom. Neprobojna olefinska kanvas koja odbija vodu, otporna na sunce (ne gubi boju) i mo\u017ee se prati s izbjeljiva\u010dem. Spare tkanina dostupna u 5 boja.<\/p>\n","protected":false},"excerpt":{"rendered":"<p>Stolica od tikovine crna MB 52 x 48 x H90cm &#8211; Sklopive re\u017eiserske stolice od tikovine vrhunske kvalitete, otporne na<\/p>\n","protected":false},"featured_media":5948730,"comment_status":"open","ping_status":"closed","template":"","meta":[],"product_brand":[3111],"product_cat":[1642],"product_tag":[],"class_list":{"0":"post-745425","1":"product","2":"type-product","3":"status-publish","4":"has-post-thumbnail","6":"product_brand-marine-business-mb-hr","7":"product_cat-brodske-stolice-i-stolovi","9":"first","10":"instock","11":"shipping-taxable","12":"purchasable","13":"product-type-simple"},"_links":{"self":[{"href":"https:\/\/stoic-curie.212-227-153-4.plesk.page\/hr\/wp-json\/wp\/v2\/product\/745425","targetHints":{"allow":["GET"]}}],"collection":[{"href":"https:\/\/stoic-curie.212-227-153-4.plesk.page\/hr\/wp-json\/wp\/v2\/product"}],"about":[{"href":"https:\/\/stoic-curie.212-227-153-4.plesk.page\/hr\/wp-json\/wp\/v2\/types\/product"}],"replies":[{"embeddable":true,"href":"https:\/\/stoic-curie.212-227-153-4.plesk.page\/hr\/wp-json\/wp\/v2\/comments?post=745425"}],"version-history":[{"count":0,"href":"https:\/\/stoic-curie.212-227-153-4.plesk.page\/hr\/wp-json\/wp\/v2\/product\/745425\/revisions"}],"wp:featuredmedia":[{"embeddable":true,"href":"https:\/\/stoic-curie.212-227-153-4.plesk.page\/hr\/wp-json\/wp\/v2\/media\/5948730"}],"wp:attachment":[{"href":"https:\/\/stoic-curie.212-227-153-4.plesk.page\/hr\/wp-json\/wp\/v2\/media?parent=745425"}],"wp:term":[{"taxonomy":"product_brand","embeddable":true,"href":"https:\/\/stoic-curie.212-227-153-4.plesk.page\/hr\/wp-json\/wp\/v2\/product_brand?post=745425"},{"taxonomy":"product_cat","embeddable":true,"href":"https:\/\/stoic-curie.212-227-153-4.plesk.page\/hr\/wp-json\/wp\/v2\/product_cat?post=745425"},{"taxonomy":"product_tag","embeddable":true,"href":"https:\/\/stoic-curie.212-227-153-4.plesk.page\/hr\/wp-json\/wp\/v2\/product_tag?post=745425"}],"curies":[{"name":"wp","href":"https:\/\/api.w.org\/{rel}","templated":true}]}}